{"id":6850,"date":"2025-07-11T13:41:03","date_gmt":"2025-07-11T13:41:03","guid":{"rendered":"https:\/\/alehandrogroup.al\/?post_type=product&#038;p=6850"},"modified":"2025-12-26T11:48:19","modified_gmt":"2025-12-26T11:48:19","slug":"secret-love-tenuta-il-pallagio","status":"publish","type":"product","link":"https:\/\/alehandrogroup.al\/en\/product\/secret-love-tenuta-il-pallagio\/","title":{"rendered":"SECRET LOVE &#8211; TENUTA IL PALLAGIO"},"content":{"rendered":"<h3><strong><em>P\u00ebrshkrimi i Ver\u00ebs: SECRET LOVE &#8211; TENUTA IL PALLAGIO<\/em><\/strong><\/h3>\n<p><em><strong>Detaje t\u00eb Prodhimit:<\/strong><\/em><\/p>\n<p data-start=\"71\" data-end=\"623\">&#8220;Secret Love&#8221; \u00ebsht\u00eb nj\u00eb tjet\u00ebr krijim i ndjesh\u00ebm nga Tenuta Il Palagio \u2013 nj\u00eb ver\u00eb q\u00eb <strong data-start=\"348\" data-end=\"410\">ruan n\u00eb heshtje ndjenjat m\u00eb intime t\u00eb nj\u00eb toske t\u00eb ngroht\u00eb<\/strong>. Emri i saj \u00ebsht\u00eb i frym\u00ebzuar nga poezia e dashuris\u00eb dhe nga lidhja intime midis njeriut dhe natyr\u00ebs, por edhe nj\u00eb p\u00ebrkujtim i k\u00ebng\u00ebs me t\u00eb nj\u00ebjtin titull nga Sting \u2013 nj\u00eb ftes\u00eb p\u00ebr introspeksion dhe ndjeshm\u00ebri. E prodhuar me rrush t\u00eb kultivuar n\u00eb m\u00ebnyr\u00eb <strong data-start=\"704\" data-end=\"716\">organike<\/strong>, n\u00eb kodrat e mrekullueshme t\u00eb Figline Valdarno, n\u00eb <strong data-start=\"768\" data-end=\"789\">zem\u00ebr t\u00eb Toskan\u00ebs<\/strong>, kjo ver\u00eb p\u00ebrfaq\u00ebson <strong data-start=\"811\" data-end=\"834\">eleganc\u00ebn e heshtur<\/strong> t\u00eb terroir-it dhe ndjeshm\u00ebrin\u00eb artizanale t\u00eb kantin\u00ebs Il Palagio, n\u00eb pron\u00ebsi t\u00eb Sting dhe Trudie Styler.<\/p>\n<hr \/>\n<h3><strong><em>Karakteristikat<\/em><\/strong><\/h3>\n<ul>\n<li data-start=\"1360\" data-end=\"1410\">\n<p data-start=\"1362\" data-end=\"1410\"><strong data-start=\"1362\" data-end=\"1373\">Ngjyr\u00eb:<\/strong> Rubin e thell\u00eb me reflektime vjollc\u00eb<\/p>\n<\/li>\n<li data-start=\"1411\" data-end=\"1523\">\n<p data-start=\"1413\" data-end=\"1523\"><strong data-start=\"1413\" data-end=\"1423\">Arom\u00eb: <\/strong>Fruta t\u00eb kuqe t\u00eb pjekura (qershi, boronic\u00eb) , Lule t\u00eb kuqe, er\u00ebza mesdhetare, pak vanilje dhe kakao , Nuanca balsamike dhe nj\u00eb prekje delikate druri t\u00eb integruar<\/p>\n<\/li>\n<li data-start=\"1524\" data-end=\"1634\">\n<p data-start=\"1526\" data-end=\"1634\"><strong data-start=\"1526\" data-end=\"1536\">Shije: <\/strong>E but\u00eb, e harmonizuar mir\u00eb me tanin\u00eb t\u00eb pjekur, Aciditet i balancuar, q\u00eb sjell <strong data-start=\"1917\" data-end=\"1943\">freski dhe jet\u00ebgjat\u00ebsi. <\/strong>Finale mesatarisht e gjat\u00eb, me shije frutash t\u00eb err\u00ebta dhe gjurm\u00eb mineralesh<\/p>\n<\/li>\n<\/ul>\n<hr \/>\n<h3><em><strong>Shoq\u00ebrime t\u00eb Sugjeruara<\/strong><\/em><\/h3>\n<p><em>Kombinohet n\u00eb m\u00ebnyr\u00eb t\u00eb shk\u00eblqyer me:<\/em><\/p>\n<ul>\n<li data-start=\"2746\" data-end=\"2777\">Pjata t\u00eb lehta me mish t\u00eb kuq<\/li>\n<li data-start=\"2780\" data-end=\"2831\">Tav\u00eb me mish vi\u00e7i ose pjekje tradicionale toskane<\/li>\n<li data-start=\"2834\" data-end=\"2878\">Pjata me k\u00ebrpudha, trufe ose oriz me er\u00ebza<\/li>\n<li data-start=\"2881\" data-end=\"2933\">Djath\u00ebra gjysm\u00eb t\u00eb fort\u00eb (pecorino toskan, taleggio)<\/li>\n<\/ul>","protected":false},"excerpt":{"rendered":"<p>P\u00ebrshkrimi i Ver\u00ebs: SECRET LOVE &#8211; TENUTA IL PALLAGIO Detaje t\u00eb Prodhimit: &#8220;Secret Love&#8221; \u00ebsht\u00eb nj\u00eb tjet\u00ebr krijim i ndjesh\u00ebm nga Tenuta Il Palagio \u2013 nj\u00eb ver\u00eb q\u00eb ruan n\u00eb heshtje ndjenjat m\u00eb intime t\u00eb nj\u00eb toske t\u00eb ngroht\u00eb. Emri i saj \u00ebsht\u00eb i frym\u00ebzuar nga poezia e dashuris\u00eb dhe nga lidhja intime midis njeriut [&hellip;]<\/p>\n","protected":false},"featured_media":8007,"template":"","meta":[],"product_brand":[],"product_cat":[58,46],"product_tag":[],"class_list":{"0":"post-6850","1":"product","2":"type-product","3":"status-publish","4":"has-post-thumbnail","6":"product_cat-vere","7":"product_cat-vere-e-kuqe","9":"first","10":"instock","11":"shipping-taxable","12":"purchasable","13":"product-type-simple"},"_links":{"self":[{"href":"https:\/\/alehandrogroup.al\/en\/wp-json\/wp\/v2\/product\/6850","targetHints":{"allow":["GET"]}}],"collection":[{"href":"https:\/\/alehandrogroup.al\/en\/wp-json\/wp\/v2\/product"}],"about":[{"href":"https:\/\/alehandrogroup.al\/en\/wp-json\/wp\/v2\/types\/product"}],"version-history":[{"count":1,"href":"https:\/\/alehandrogroup.al\/en\/wp-json\/wp\/v2\/product\/6850\/revisions"}],"predecessor-version":[{"id":8008,"href":"https:\/\/alehandrogroup.al\/en\/wp-json\/wp\/v2\/product\/6850\/revisions\/8008"}],"wp:featuredmedia":[{"embeddable":true,"href":"https:\/\/alehandrogroup.al\/en\/wp-json\/wp\/v2\/media\/8007"}],"wp:attachment":[{"href":"https:\/\/alehandrogroup.al\/en\/wp-json\/wp\/v2\/media?parent=6850"}],"wp:term":[{"taxonomy":"product_brand","embeddable":true,"href":"https:\/\/alehandrogroup.al\/en\/wp-json\/wp\/v2\/product_brand?post=6850"},{"taxonomy":"product_cat","embeddable":true,"href":"https:\/\/alehandrogroup.al\/en\/wp-json\/wp\/v2\/product_cat?post=6850"},{"taxonomy":"product_tag","embeddable":true,"href":"https:\/\/alehandrogroup.al\/en\/wp-json\/wp\/v2\/product_tag?post=6850"}],"curies":[{"name":"wp","href":"https:\/\/api.w.org\/{rel}","templated":true}]}}