{"id":6848,"date":"2025-07-11T13:37:13","date_gmt":"2025-07-11T13:37:13","guid":{"rendered":"https:\/\/alehandrogroup.al\/?post_type=product&#038;p=6848"},"modified":"2025-12-26T12:10:56","modified_gmt":"2025-12-26T12:10:56","slug":"sister-moon-tenuta-il-pallagio","status":"publish","type":"product","link":"https:\/\/alehandrogroup.al\/en\/product\/sister-moon-tenuta-il-pallagio\/","title":{"rendered":"SISTER MOON &#8211; TENUTA IL PALLAGIO"},"content":{"rendered":"<h3><strong><em>P\u00ebrshkrimi i Ver\u00ebs: SISTER MOON &#8211; TENUTA IL PALLAGIO<\/em><\/strong><\/h3>\n<p><em><strong>Detaje t\u00eb Prodhimit:<\/strong><\/em><\/p>\n<p data-start=\"71\" data-end=\"623\">\u201cSister Moon\u201d \u00ebsht\u00eb nj\u00eb nd\u00ebr ver\u00ebrat m\u00eb emblem\u00eb t\u00eb Tenuta Il Palagio \u2013 em\u00ebruar sipas k\u00ebng\u00ebs me t\u00eb nj\u00ebjtin titull t\u00eb k\u00ebng\u00ebtarit Sting. E konceptuar si <strong data-start=\"603\" data-end=\"653\">shprehje e lir\u00eb dhe elegante e natyr\u00ebs toskane<\/strong>, kjo ver\u00eb simbolizon <strong data-start=\"675\" data-end=\"710\">harmonin\u00eb mes njeriut dhe tok\u00ebs<\/strong>, muzik\u00ebs dhe ver\u00ebs, natyr\u00ebs dhe emocioneve. E prodhuar n\u00eb kodrat e buta pran\u00eb Figline Valdarno, <strong data-start=\"849\" data-end=\"955\">Sister Moon \u00ebsht\u00eb vera e par\u00eb e Palagio-s q\u00eb vjen nga nj\u00eb p\u00ebrzgjedhje e ve\u00e7ant\u00eb e parcelave m\u00eb t\u00eb mira<\/strong> t\u00eb vreshtave t\u00eb kultivuara me standarde organike dhe t\u00eb q\u00ebndrueshme.<\/p>\n<hr \/>\n<h3><strong><em>Karakteristikat<\/em><\/strong><\/h3>\n<ul>\n<li data-start=\"1360\" data-end=\"1410\">\n<p data-start=\"1362\" data-end=\"1410\"><strong data-start=\"1362\" data-end=\"1373\">Ngjyr\u00eb:<\/strong> E kuqe rubin e thell\u00eb me reflektime granati<\/p>\n<\/li>\n<li data-start=\"1411\" data-end=\"1523\">\n<p data-start=\"1413\" data-end=\"1523\"><strong data-start=\"1413\" data-end=\"1423\">Arom\u00eb: <\/strong>fruta t\u00eb err\u00ebta (qershi e zez\u00eb, kumbull, manaferra) , nota lulesh t\u00eb thata, gjeth dafine, vanilje dhe kakao , thekse balsamike dhe minerale<\/p>\n<\/li>\n<li data-start=\"1524\" data-end=\"1634\">\n<p data-start=\"1526\" data-end=\"1634\"><strong data-start=\"1526\" data-end=\"1536\">Shije: <\/strong>E <strong data-start=\"1870\" data-end=\"1898\">plot\u00eb dhe e rrumbullak\u00ebt<\/strong>, me tanin t\u00eb pjekur dhe struktur\u00eb t\u00eb fort\u00eb. Aciditet i balancuar q\u00eb garanton <strong data-start=\"1979\" data-end=\"2005\">freski dhe jet\u00ebgjat\u00ebsi , <\/strong><strong data-start=\"2010\" data-end=\"2028\">Finale e gjat\u00eb<\/strong>, me nota t\u00eb frutave t\u00eb pjekura dhe l\u00ebvozhg\u00ebs s\u00eb kakaos<\/p>\n<\/li>\n<\/ul>\n<hr \/>\n<h3><em><strong>Shoq\u00ebrime t\u00eb Sugjeruara<\/strong><\/em><\/h3>\n<p><em>Kombinohet n\u00eb m\u00ebnyr\u00eb t\u00eb shk\u00eblqyer me:<\/em><\/p>\n<ul>\n<li data-start=\"2912\" data-end=\"2949\">\n<p data-start=\"2914\" data-end=\"2949\">Mish vi\u00e7i i pjekur ose rosticiana<\/p>\n<\/li>\n<li data-start=\"2950\" data-end=\"2996\">\n<p data-start=\"2952\" data-end=\"2996\">Pjata me mish derri t\u00eb eg\u00ebr ose zogj fushe<\/p>\n<\/li>\n<li data-start=\"2997\" data-end=\"3047\">\n<p data-start=\"2999\" data-end=\"3047\">Lasagna al forno, pappardelle me rag\u00f9 t\u00eb err\u00ebt<\/p>\n<\/li>\n<li data-start=\"3048\" data-end=\"3124\">\n<p data-start=\"3050\" data-end=\"3124\">Djath\u00ebra t\u00eb fort\u00eb dhe t\u00eb stazhionuar (pecorino stagionato, parmigiano 36M)<\/p>\n<\/li>\n<\/ul>","protected":false},"excerpt":{"rendered":"<p>P\u00ebrshkrimi i Ver\u00ebs: SISTER MOON &#8211; TENUTA IL PALLAGIO Detaje t\u00eb Prodhimit: \u201cSister Moon\u201d \u00ebsht\u00eb nj\u00eb nd\u00ebr ver\u00ebrat m\u00eb emblem\u00eb t\u00eb Tenuta Il Palagio \u2013 em\u00ebruar sipas k\u00ebng\u00ebs me t\u00eb nj\u00ebjtin titull t\u00eb k\u00ebng\u00ebtarit Sting. E konceptuar si shprehje e lir\u00eb dhe elegante e natyr\u00ebs toskane, kjo ver\u00eb simbolizon harmonin\u00eb mes njeriut dhe tok\u00ebs, muzik\u00ebs [&hellip;]<\/p>\n","protected":false},"featured_media":8020,"template":"","meta":[],"product_brand":[],"product_cat":[58,46],"product_tag":[],"class_list":{"0":"post-6848","1":"product","2":"type-product","3":"status-publish","4":"has-post-thumbnail","6":"product_cat-vere","7":"product_cat-vere-e-kuqe","9":"first","10":"instock","11":"shipping-taxable","12":"purchasable","13":"product-type-simple"},"_links":{"self":[{"href":"https:\/\/alehandrogroup.al\/en\/wp-json\/wp\/v2\/product\/6848","targetHints":{"allow":["GET"]}}],"collection":[{"href":"https:\/\/alehandrogroup.al\/en\/wp-json\/wp\/v2\/product"}],"about":[{"href":"https:\/\/alehandrogroup.al\/en\/wp-json\/wp\/v2\/types\/product"}],"version-history":[{"count":1,"href":"https:\/\/alehandrogroup.al\/en\/wp-json\/wp\/v2\/product\/6848\/revisions"}],"predecessor-version":[{"id":8019,"href":"https:\/\/alehandrogroup.al\/en\/wp-json\/wp\/v2\/product\/6848\/revisions\/8019"}],"wp:featuredmedia":[{"embeddable":true,"href":"https:\/\/alehandrogroup.al\/en\/wp-json\/wp\/v2\/media\/8020"}],"wp:attachment":[{"href":"https:\/\/alehandrogroup.al\/en\/wp-json\/wp\/v2\/media?parent=6848"}],"wp:term":[{"taxonomy":"product_brand","embeddable":true,"href":"https:\/\/alehandrogroup.al\/en\/wp-json\/wp\/v2\/product_brand?post=6848"},{"taxonomy":"product_cat","embeddable":true,"href":"https:\/\/alehandrogroup.al\/en\/wp-json\/wp\/v2\/product_cat?post=6848"},{"taxonomy":"product_tag","embeddable":true,"href":"https:\/\/alehandrogroup.al\/en\/wp-json\/wp\/v2\/product_tag?post=6848"}],"curies":[{"name":"wp","href":"https:\/\/api.w.org\/{rel}","templated":true}]}}