{"id":6846,"date":"2025-07-11T13:33:52","date_gmt":"2025-07-11T13:33:52","guid":{"rendered":"https:\/\/alehandrogroup.al\/?post_type=product&#038;p=6846"},"modified":"2025-11-22T11:49:36","modified_gmt":"2025-11-22T11:49:36","slug":"message-in-the-battle-tenuta-il-pallagio","status":"publish","type":"product","link":"https:\/\/alehandrogroup.al\/en\/product\/message-in-the-battle-tenuta-il-pallagio\/","title":{"rendered":"MESSAGE IN THE BATTLE &#8211; TENUTA IL PALLAGIO"},"content":{"rendered":"<h3><strong><em>P\u00ebrshkrimi i Ver\u00ebs: MESSAGE IN THE BATTLE &#8211; TENUTA IL PALLAGIO<\/em><\/strong><\/h3>\n<p><em><strong>Detaje t\u00eb Prodhimit:<\/strong><\/em><\/p>\n<p data-start=\"71\" data-end=\"623\">&#8220;Message in the Bottle&#8221; \u00ebsht\u00eb shum\u00eb m\u00eb tep\u00ebr sesa nj\u00eb ver\u00eb. \u00cbsht\u00eb nj\u00eb <strong data-start=\"484\" data-end=\"505\">manifest artistik<\/strong>, nj\u00eb <strong data-start=\"511\" data-end=\"530\">mesazh personal<\/strong> nga Sting dhe Trudie Styler \u2013 pronar\u00ebt e Tenuta Il Palagio \u2013 q\u00eb nd\u00ebrthur dashurin\u00eb p\u00ebr muzik\u00ebn, natyr\u00ebn dhe tok\u00ebn toskane n\u00eb nj\u00eb shishe elegante dhe plot shpirt. E prodhuar n\u00eb <strong data-start=\"746\" data-end=\"767\">zem\u00ebr t\u00eb Toskan\u00ebs<\/strong>, n\u00eb nj\u00eb kantin\u00eb historike t\u00eb restauruar me p\u00ebrkushtim absolut ndaj bujq\u00ebsis\u00eb organike dhe respektit p\u00ebr natyr\u00ebn. \u00c7do rrush kultivohet me metoda t\u00eb q\u00ebndrueshme, me q\u00ebllimin p\u00ebr t\u00eb shprehur autenticitetin e terroir-it dhe ndjeshm\u00ebrin\u00eb njer\u00ebzore q\u00eb e ka frym\u00ebzuar.<\/p>\n<hr \/>\n<h3><strong><em>Karakteristikat<\/em><\/strong><\/h3>\n<ul>\n<li data-start=\"1360\" data-end=\"1410\">\n<p data-start=\"1362\" data-end=\"1410\"><strong data-start=\"1362\" data-end=\"1373\">Ngjyr\u00eb:<\/strong> e kuqe rubin me reflektime vjollc\u00eb<\/p>\n<\/li>\n<li data-start=\"1411\" data-end=\"1523\">\n<p data-start=\"1413\" data-end=\"1523\"><strong data-start=\"1413\" data-end=\"1423\">Arom\u00eb:<\/strong> intensive dhe e nd\u00ebrlikuar \u2013 fruta t\u00eb kuqe t\u00eb pjekura, lule t\u00eb thata, kakao, dhe er\u00ebza mesdhetare<\/p>\n<\/li>\n<li data-start=\"1524\" data-end=\"1634\">\n<p data-start=\"1526\" data-end=\"1634\"><strong data-start=\"1526\" data-end=\"1536\">Shije:<\/strong> e balancuar dhe harmonike \u2013 tanin t\u00eb but\u00eb, struktur\u00eb e plot\u00eb dhe fund i gjat\u00eb me prekje balsamike.<\/p>\n<\/li>\n<\/ul>\n<hr \/>\n<h3><em><strong>Shoq\u00ebrime t\u00eb Sugjeruara<\/strong><\/em><\/h3>\n<p><em>Kombinohet n\u00eb m\u00ebnyr\u00eb t\u00eb shk\u00eblqyer me:<\/em><\/p>\n<ul>\n<li data-start=\"2270\" data-end=\"2322\">Mish vi\u00e7i i pjekur, biftek\u00eb dhe rag\u00f9 klasik toskan<\/li>\n<li data-start=\"2325\" data-end=\"2377\">Djath\u00ebra t\u00eb stazhionuar (pecorino, parmigiano 30M)<\/li>\n<li data-start=\"2380\" data-end=\"2427\">Pjata me k\u00ebrpudha, trufe dhe barishte t\u00eb egra<\/li>\n<\/ul>","protected":false},"excerpt":{"rendered":"<p>P\u00ebrshkrimi i Ver\u00ebs: MESSAGE IN THE BATTLE &#8211; TENUTA IL PALLAGIO Detaje t\u00eb Prodhimit: &#8220;Message in the Bottle&#8221; \u00ebsht\u00eb shum\u00eb m\u00eb tep\u00ebr sesa nj\u00eb ver\u00eb. \u00cbsht\u00eb nj\u00eb manifest artistik, nj\u00eb mesazh personal nga Sting dhe Trudie Styler \u2013 pronar\u00ebt e Tenuta Il Palagio \u2013 q\u00eb nd\u00ebrthur dashurin\u00eb p\u00ebr muzik\u00ebn, natyr\u00ebn dhe tok\u00ebn toskane n\u00eb nj\u00eb [&hellip;]<\/p>\n","protected":false},"featured_media":7615,"template":"","meta":[],"product_brand":[],"product_cat":[58,46],"product_tag":[],"class_list":{"0":"post-6846","1":"product","2":"type-product","3":"status-publish","4":"has-post-thumbnail","6":"product_cat-vere","7":"product_cat-vere-e-kuqe","9":"first","10":"instock","11":"shipping-taxable","12":"purchasable","13":"product-type-simple"},"_links":{"self":[{"href":"https:\/\/alehandrogroup.al\/en\/wp-json\/wp\/v2\/product\/6846","targetHints":{"allow":["GET"]}}],"collection":[{"href":"https:\/\/alehandrogroup.al\/en\/wp-json\/wp\/v2\/product"}],"about":[{"href":"https:\/\/alehandrogroup.al\/en\/wp-json\/wp\/v2\/types\/product"}],"version-history":[{"count":1,"href":"https:\/\/alehandrogroup.al\/en\/wp-json\/wp\/v2\/product\/6846\/revisions"}],"predecessor-version":[{"id":7616,"href":"https:\/\/alehandrogroup.al\/en\/wp-json\/wp\/v2\/product\/6846\/revisions\/7616"}],"wp:featuredmedia":[{"embeddable":true,"href":"https:\/\/alehandrogroup.al\/en\/wp-json\/wp\/v2\/media\/7615"}],"wp:attachment":[{"href":"https:\/\/alehandrogroup.al\/en\/wp-json\/wp\/v2\/media?parent=6846"}],"wp:term":[{"taxonomy":"product_brand","embeddable":true,"href":"https:\/\/alehandrogroup.al\/en\/wp-json\/wp\/v2\/product_brand?post=6846"},{"taxonomy":"product_cat","embeddable":true,"href":"https:\/\/alehandrogroup.al\/en\/wp-json\/wp\/v2\/product_cat?post=6846"},{"taxonomy":"product_tag","embeddable":true,"href":"https:\/\/alehandrogroup.al\/en\/wp-json\/wp\/v2\/product_tag?post=6846"}],"curies":[{"name":"wp","href":"https:\/\/api.w.org\/{rel}","templated":true}]}}