{"id":6840,"date":"2025-07-11T13:05:56","date_gmt":"2025-07-11T13:05:56","guid":{"rendered":"https:\/\/alehandrogroup.al\/?post_type=product&#038;p=6840"},"modified":"2025-12-08T14:19:01","modified_gmt":"2025-12-08T14:19:01","slug":"gift-set-concordia-brut-champagne-barons-de-rothschild","status":"publish","type":"product","link":"https:\/\/alehandrogroup.al\/en\/product\/gift-set-concordia-brut-champagne-barons-de-rothschild\/","title":{"rendered":"GIFT SET CONCORDIA BRUT CHAMPAGNE &#8211; BARONS DE ROTHSCHILD"},"content":{"rendered":"<h3><strong><em>P\u00ebrshkrimi i Ver\u00ebs: GIFT SET CONCORDIA BRUT CHAMPAGNE &#8211; BARONS DE ROTHSCHILD<\/em><\/strong><\/h3>\n<p><em><strong>Detaje t\u00eb Prodhimit:<\/strong><\/em><\/p>\n<p data-start=\"452\" data-end=\"735\"><strong data-start=\"436\" data-end=\"454\">Concordia Brut<\/strong> \u00ebsht\u00eb shprehja m\u00eb klasike e stilit t\u00eb Sht\u00ebpis\u00eb Barons de Rothschild. Emri \u201cConcordia\u201d n\u00ebnkupton <strong data-start=\"551\" data-end=\"601\">balanc\u00ebn dhe bashkimin e element\u00ebve m\u00eb t\u00eb mir\u00eb<\/strong> t\u00eb Champagne \u2013 nj\u00eb cuv\u00e9e e krijuar me p\u00ebrpik\u00ebri nga tre varietetet tradicionale, p\u00ebr t\u00eb ofruar eleganc\u00eb, freski dhe fines\u00eb t\u00eb q\u00ebndrueshme n\u00eb koh\u00eb.<\/p>\n<hr \/>\n<h3><strong><em>Karakteristikat<\/em><\/strong><\/h3>\n<ul>\n<li data-start=\"1660\" data-end=\"1748\"><strong data-start=\"1660\" data-end=\"1671\">Ngjyra: <\/strong>Floriri i hapur, i ndritsh\u00ebm. Flluska ultra t\u00eb im\u00ebta, t\u00eb rregullta dhe t\u00eb gjalla<\/li>\n<li data-start=\"1751\" data-end=\"1923\"><strong data-start=\"1751\" data-end=\"1761\">Arom\u00eb: <\/strong>Freski e past\u00ebr dhe elegante, Fruta t\u00eb bardha (moll\u00eb jeshile, pjeshk\u00eb), agrume t\u00eb buta, briosh\u00eb dhe nota t\u00eb lehta bajameje. Nuanca delikate florale dhe nj\u00eb prekje minerale n\u00eb fun<\/li>\n<li data-start=\"1926\" data-end=\"2093\"><strong data-start=\"1926\" data-end=\"1936\">Shije: <\/strong>E fresk\u00ebt, e balancuar dhe e sofistikuar, Aciditet i gjall\u00eb, por i integruar mir\u00eb me struktur\u00ebn. Shije e q\u00ebndrueshme me p\u00ebrfundim t\u00eb that\u00eb dhe elegant<\/li>\n<\/ul>\n<hr \/>\n<h3><em><strong>Shoq\u00ebrime t\u00eb Sugjeruara<\/strong><\/em><\/h3>\n<p><em>Kombinohet n\u00eb m\u00ebnyr\u00eb t\u00eb shk\u00eblqyer me:<\/em><\/p>\n<ul>\n<li data-start=\"2648\" data-end=\"2687\">\n<p data-start=\"2650\" data-end=\"2687\"><strong data-start=\"2412\" data-end=\"2441\">Ideale si aperitiv luksoz<\/strong><\/p>\n<\/li>\n<li data-start=\"2648\" data-end=\"2687\">\n<p data-start=\"2650\" data-end=\"2687\">Shk\u00eblqen me <strong data-start=\"2458\" data-end=\"2491\">pjatanca t\u00eb kuzhin\u00ebs japoneze<\/strong>, sushi, sashimi<\/p>\n<\/li>\n<li data-start=\"2648\" data-end=\"2687\">\n<p data-start=\"2650\" data-end=\"2687\">Kombinohet n\u00eb m\u00ebnyr\u00eb t\u00eb p\u00ebrkryer me <strong data-start=\"2548\" data-end=\"2566\">tartar salmoni<\/strong>, karavidhe, carpaccio toni<\/p>\n<\/li>\n<li data-start=\"2648\" data-end=\"2687\">\n<p data-start=\"2650\" data-end=\"2687\">Elegant me mishe <strong data-start=\"2609\" data-end=\"2659\">pule ose foie gras\u00a0<\/strong><\/p>\n<\/li>\n<\/ul>","protected":false},"excerpt":{"rendered":"<p>P\u00ebrshkrimi i Ver\u00ebs: GIFT SET CONCORDIA BRUT CHAMPAGNE &#8211; BARONS DE ROTHSCHILD Detaje t\u00eb Prodhimit: Concordia Brut \u00ebsht\u00eb shprehja m\u00eb klasike e stilit t\u00eb Sht\u00ebpis\u00eb Barons de Rothschild. Emri \u201cConcordia\u201d n\u00ebnkupton balanc\u00ebn dhe bashkimin e element\u00ebve m\u00eb t\u00eb mir\u00eb t\u00eb Champagne \u2013 nj\u00eb cuv\u00e9e e krijuar me p\u00ebrpik\u00ebri nga tre varietetet tradicionale, p\u00ebr t\u00eb ofruar [&hellip;]<\/p>\n","protected":false},"featured_media":7809,"template":"","meta":[],"product_brand":[],"product_cat":[49,58],"product_tag":[],"class_list":{"0":"post-6840","1":"product","2":"type-product","3":"status-publish","4":"has-post-thumbnail","6":"product_cat-prosecco-champagne","7":"product_cat-vere","9":"first","10":"instock","11":"shipping-taxable","12":"purchasable","13":"product-type-simple"},"_links":{"self":[{"href":"https:\/\/alehandrogroup.al\/en\/wp-json\/wp\/v2\/product\/6840","targetHints":{"allow":["GET"]}}],"collection":[{"href":"https:\/\/alehandrogroup.al\/en\/wp-json\/wp\/v2\/product"}],"about":[{"href":"https:\/\/alehandrogroup.al\/en\/wp-json\/wp\/v2\/types\/product"}],"version-history":[{"count":1,"href":"https:\/\/alehandrogroup.al\/en\/wp-json\/wp\/v2\/product\/6840\/revisions"}],"predecessor-version":[{"id":7810,"href":"https:\/\/alehandrogroup.al\/en\/wp-json\/wp\/v2\/product\/6840\/revisions\/7810"}],"wp:featuredmedia":[{"embeddable":true,"href":"https:\/\/alehandrogroup.al\/en\/wp-json\/wp\/v2\/media\/7809"}],"wp:attachment":[{"href":"https:\/\/alehandrogroup.al\/en\/wp-json\/wp\/v2\/media?parent=6840"}],"wp:term":[{"taxonomy":"product_brand","embeddable":true,"href":"https:\/\/alehandrogroup.al\/en\/wp-json\/wp\/v2\/product_brand?post=6840"},{"taxonomy":"product_cat","embeddable":true,"href":"https:\/\/alehandrogroup.al\/en\/wp-json\/wp\/v2\/product_cat?post=6840"},{"taxonomy":"product_tag","embeddable":true,"href":"https:\/\/alehandrogroup.al\/en\/wp-json\/wp\/v2\/product_tag?post=6840"}],"curies":[{"name":"wp","href":"https:\/\/api.w.org\/{rel}","templated":true}]}}