{"id":6835,"date":"2025-07-11T13:00:02","date_gmt":"2025-07-11T13:00:02","guid":{"rendered":"https:\/\/alehandrogroup.al\/?post_type=product&#038;p=6835"},"modified":"2025-11-24T13:10:54","modified_gmt":"2025-11-24T13:10:54","slug":"blanc-de-blanc-champagne-barons-de-rothschild","status":"publish","type":"product","link":"https:\/\/alehandrogroup.al\/en\/product\/blanc-de-blanc-champagne-barons-de-rothschild\/","title":{"rendered":"BLANC DE BLANC CHAMPAGNE &#8211; BARONS DE ROTHSCHILD"},"content":{"rendered":"<h3><strong><em>P\u00ebrshkrimi i Ver\u00ebs: BLANC DE BLANC CHAMPAGNE &#8211; BARONS DE ROTHSCHILD<\/em><\/strong><\/h3>\n<p><em><strong>Detaje t\u00eb Prodhimit:<\/strong><\/em><\/p>\n<p data-start=\"452\" data-end=\"735\">Blanc de Blancs nga Barons de Rothschild \u00ebsht\u00eb nj\u00eb champagne e krijuar ekskluzivisht nga <strong data-start=\"628\" data-end=\"657\">Chardonnay 100% Grand Cru<\/strong>, q\u00eb vjen nga terroir-t m\u00eb prestigjioze t\u00eb <strong data-start=\"700\" data-end=\"719\">C\u00f4te des Blancs<\/strong>. Kjo cuv\u00e9e \u00ebsht\u00eb shprehje e p\u00ebrkushtimit t\u00eb familjes Rothschild p\u00ebr t\u00eb ofruar nj\u00eb stil t\u00eb past\u00ebr, preciz dhe afatgjat\u00eb \u2013 nj\u00eb simbol i <strong data-start=\"854\" data-end=\"906\">sofistikimit, fines\u00ebs dhe freskis\u00eb s\u00eb p\u00ebrhershme<\/strong>.<\/p>\n<hr \/>\n<h3><strong><em>Karakteristikat<\/em><\/strong><\/h3>\n<ul>\n<li data-start=\"1660\" data-end=\"1748\"><strong data-start=\"1660\" data-end=\"1671\">Ngjyra: <\/strong>Floriri i hapur me reflektime t\u00eb ftohta. <strong data-start=\"971\" data-end=\"984\">Flluskat:<\/strong> shum\u00eb t\u00eb im\u00ebta, elegante dhe t\u00eb q\u00ebndrueshme<\/li>\n<li data-start=\"1751\" data-end=\"1923\"><strong data-start=\"1751\" data-end=\"1761\">Arom\u00eb: <\/strong>Freski e past\u00ebr dhe elegante, Fruta t\u00eb bardha (moll\u00eb jeshile, pjeshk\u00eb), agrume t\u00eb buta, briosh\u00eb dhe nota t\u00eb lehta bajameje. Nuanca delikate florale dhe nj\u00eb prekje minerale n\u00eb fun<\/li>\n<li data-start=\"1926\" data-end=\"2093\"><strong data-start=\"1926\" data-end=\"1936\">Shije: <\/strong>E <strong data-start=\"2336\" data-end=\"2362\">pasur dhe e tensionuar<\/strong>, me nj\u00eb <strong data-start=\"2371\" data-end=\"2428\">struktur\u00eb t\u00eb sakt\u00eb dhe aciditet t\u00eb lart\u00eb t\u00eb balancuar . <\/strong><strong data-start=\"2433\" data-end=\"2466\">Finale e that\u00eb, shum\u00eb e gjat\u00eb<\/strong>, me thekse t\u00eb fresk\u00ebta frutash dhe prekje g\u00eblqerore. <strong data-start=\"2523\" data-end=\"2544\">Eleganc\u00eb absolute<\/strong>, pa ngarkesa, shum\u00eb e p\u00ebrshtatshme p\u00ebr kombinime gastronomike delikate<\/li>\n<\/ul>\n<hr \/>\n<h3><em><strong>Shoq\u00ebrime t\u00eb Sugjeruara<\/strong><\/em><\/h3>\n<p><em>Kombinohet n\u00eb m\u00ebnyr\u00eb t\u00eb shk\u00eblqyer me:<\/em><\/p>\n<ul>\n<li data-start=\"3415\" data-end=\"3447\">Aperitiv p\u00ebr evente ekskluzive<\/li>\n<li data-start=\"3450\" data-end=\"3487\">Ostriche, karavidhe, tartar salmoni<\/li>\n<li data-start=\"3490\" data-end=\"3532\">Peshk t\u00eb bardh\u00eb n\u00eb avull, sashimi, sushi<\/li>\n<li data-start=\"3535\" data-end=\"3573\">Risotto me limon dhe trufe t\u00eb bardh\u00eb<\/li>\n<li data-start=\"3576\" data-end=\"3623\">Djath\u00eb dhie t\u00eb stazhionuar ose brie i fresk\u00ebt<\/li>\n<li data-start=\"3626\" data-end=\"3676\">Kombinime me kuzhin\u00eb vegjetariane me baz\u00eb agrumesh<\/li>\n<\/ul>","protected":false},"excerpt":{"rendered":"<p>P\u00ebrshkrimi i Ver\u00ebs: BLANC DE BLANC CHAMPAGNE &#8211; BARONS DE ROTHSCHILD Detaje t\u00eb Prodhimit: Blanc de Blancs nga Barons de Rothschild \u00ebsht\u00eb nj\u00eb champagne e krijuar ekskluzivisht nga Chardonnay 100% Grand Cru, q\u00eb vjen nga terroir-t m\u00eb prestigjioze t\u00eb C\u00f4te des Blancs. Kjo cuv\u00e9e \u00ebsht\u00eb shprehje e p\u00ebrkushtimit t\u00eb familjes Rothschild p\u00ebr t\u00eb ofruar nj\u00eb [&hellip;]<\/p>\n","protected":false},"featured_media":7655,"template":"","meta":[],"product_brand":[],"product_cat":[49,58],"product_tag":[],"class_list":{"0":"post-6835","1":"product","2":"type-product","3":"status-publish","4":"has-post-thumbnail","6":"product_cat-prosecco-champagne","7":"product_cat-vere","9":"first","10":"instock","11":"shipping-taxable","12":"purchasable","13":"product-type-simple"},"_links":{"self":[{"href":"https:\/\/alehandrogroup.al\/en\/wp-json\/wp\/v2\/product\/6835","targetHints":{"allow":["GET"]}}],"collection":[{"href":"https:\/\/alehandrogroup.al\/en\/wp-json\/wp\/v2\/product"}],"about":[{"href":"https:\/\/alehandrogroup.al\/en\/wp-json\/wp\/v2\/types\/product"}],"version-history":[{"count":1,"href":"https:\/\/alehandrogroup.al\/en\/wp-json\/wp\/v2\/product\/6835\/revisions"}],"predecessor-version":[{"id":7656,"href":"https:\/\/alehandrogroup.al\/en\/wp-json\/wp\/v2\/product\/6835\/revisions\/7656"}],"wp:featuredmedia":[{"embeddable":true,"href":"https:\/\/alehandrogroup.al\/en\/wp-json\/wp\/v2\/media\/7655"}],"wp:attachment":[{"href":"https:\/\/alehandrogroup.al\/en\/wp-json\/wp\/v2\/media?parent=6835"}],"wp:term":[{"taxonomy":"product_brand","embeddable":true,"href":"https:\/\/alehandrogroup.al\/en\/wp-json\/wp\/v2\/product_brand?post=6835"},{"taxonomy":"product_cat","embeddable":true,"href":"https:\/\/alehandrogroup.al\/en\/wp-json\/wp\/v2\/product_cat?post=6835"},{"taxonomy":"product_tag","embeddable":true,"href":"https:\/\/alehandrogroup.al\/en\/wp-json\/wp\/v2\/product_tag?post=6835"}],"curies":[{"name":"wp","href":"https:\/\/api.w.org\/{rel}","templated":true}]}}