{"id":6833,"date":"2025-07-11T12:56:01","date_gmt":"2025-07-11T12:56:01","guid":{"rendered":"https:\/\/alehandrogroup.al\/?post_type=product&#038;p=6833"},"modified":"2025-11-24T14:08:27","modified_gmt":"2025-11-24T14:08:27","slug":"brut-nature-champagne-barons-de-rothschild","status":"publish","type":"product","link":"https:\/\/alehandrogroup.al\/en\/product\/brut-nature-champagne-barons-de-rothschild\/","title":{"rendered":"BRUT NATURE CHAMPAGNE &#8211; BARONS DE ROTHSCHILD"},"content":{"rendered":"<h3><strong><em>P\u00ebrshkrimi i Ver\u00ebs: BRUT NATURE CHAMPAGNE &#8211; BARONS DE ROTHSCHILD<\/em><\/strong><\/h3>\n<p><em><strong>Detaje t\u00eb Prodhimit:<\/strong><\/em><\/p>\n<p data-start=\"452\" data-end=\"735\">Brut Nature \u00ebsht\u00eb nj\u00eb <strong data-start=\"539\" data-end=\"566\">Champagne i pakompromis<\/strong>, pa asnj\u00eb shtes\u00eb sheqeri pas degorgimit , i krijuar p\u00ebr t\u00eb nxjerr\u00eb n\u00eb pah <strong data-start=\"641\" data-end=\"724\">autenticitetin absolut t\u00eb rrushit dhe fines\u00ebn e terroir-it t\u00eb madh t\u00eb Champagne<\/strong>. Nj\u00eb shprehje elegante, e that\u00eb dhe shum\u00eb e past\u00ebr e stilit Rothschild, q\u00eb i drejtohet shijuesve t\u00eb avancuar dhe dashamir\u00ebsve t\u00eb ver\u00ebs natyrore, precize dhe minerale.<\/p>\n<hr \/>\n<h3><strong><em>Karakteristikat<\/em><\/strong><\/h3>\n<ul>\n<li data-start=\"1660\" data-end=\"1748\"><strong data-start=\"1660\" data-end=\"1671\">Ngjyra: <\/strong>Floriri i hapur me reflektime t\u00eb ftohta. <strong data-start=\"971\" data-end=\"984\">Flluskat:<\/strong> shum\u00eb t\u00eb im\u00ebta, elegante dhe t\u00eb q\u00ebndrueshme<\/li>\n<li data-start=\"1751\" data-end=\"1923\"><strong data-start=\"1751\" data-end=\"1761\">Arom\u00eb: <\/strong>Freski e past\u00ebr dhe elegante, Fruta t\u00eb bardha (moll\u00eb jeshile, pjeshk\u00eb), agrume t\u00eb buta, briosh\u00eb dhe nota t\u00eb lehta bajameje. Nuanca delikate florale dhe nj\u00eb prekje minerale n\u00eb fun<\/li>\n<li data-start=\"1926\" data-end=\"2093\"><strong data-start=\"1926\" data-end=\"1936\">Shije: <\/strong>E fresk\u00ebt, e balancuar dhe e sofistikuar, Aciditet i gjall\u00eb, por i integruar mir\u00eb me struktur\u00ebn. Shije e q\u00ebndrueshme me p\u00ebrfundim t\u00eb that\u00eb dhe elegant<\/li>\n<\/ul>\n<hr \/>\n<h3><em><strong>Shoq\u00ebrime t\u00eb Sugjeruara<\/strong><\/em><\/h3>\n<p><em>Kombinohet n\u00eb m\u00ebnyr\u00eb t\u00eb shk\u00eblqyer me:<\/em><\/p>\n<ul>\n<li data-start=\"2648\" data-end=\"2687\">\n<p data-start=\"2650\" data-end=\"2687\"><strong data-start=\"2412\" data-end=\"2441\">Ideale si aperitiv luksoz<\/strong><\/p>\n<\/li>\n<li data-start=\"2648\" data-end=\"2687\">\n<p data-start=\"2650\" data-end=\"2687\">Shk\u00eblqen me <strong data-start=\"2458\" data-end=\"2491\">pjatanca t\u00eb kuzhin\u00ebs japoneze<\/strong>, sushi, sashimi<\/p>\n<\/li>\n<li data-start=\"2648\" data-end=\"2687\">\n<p data-start=\"2650\" data-end=\"2687\">Kombinohet n\u00eb m\u00ebnyr\u00eb t\u00eb p\u00ebrkryer me <strong data-start=\"2548\" data-end=\"2566\">tartar salmoni<\/strong>, karavidhe, carpaccio toni<\/p>\n<\/li>\n<li data-start=\"2648\" data-end=\"2687\">\n<p data-start=\"2650\" data-end=\"2687\">Elegant me mishe <strong data-start=\"2609\" data-end=\"2659\">pule ose foie gras\u00a0<\/strong><\/p>\n<\/li>\n<\/ul>","protected":false},"excerpt":{"rendered":"<p>P\u00ebrshkrimi i Ver\u00ebs: BRUT NATURE CHAMPAGNE &#8211; BARONS DE ROTHSCHILD Detaje t\u00eb Prodhimit: Brut Nature \u00ebsht\u00eb nj\u00eb Champagne i pakompromis, pa asnj\u00eb shtes\u00eb sheqeri pas degorgimit , i krijuar p\u00ebr t\u00eb nxjerr\u00eb n\u00eb pah autenticitetin absolut t\u00eb rrushit dhe fines\u00ebn e terroir-it t\u00eb madh t\u00eb Champagne. Nj\u00eb shprehje elegante, e that\u00eb dhe shum\u00eb e past\u00ebr [&hellip;]<\/p>\n","protected":false},"featured_media":7678,"template":"","meta":[],"product_brand":[],"product_cat":[49,58],"product_tag":[],"class_list":{"0":"post-6833","1":"product","2":"type-product","3":"status-publish","4":"has-post-thumbnail","6":"product_cat-prosecco-champagne","7":"product_cat-vere","9":"first","10":"instock","11":"shipping-taxable","12":"purchasable","13":"product-type-simple"},"_links":{"self":[{"href":"https:\/\/alehandrogroup.al\/en\/wp-json\/wp\/v2\/product\/6833","targetHints":{"allow":["GET"]}}],"collection":[{"href":"https:\/\/alehandrogroup.al\/en\/wp-json\/wp\/v2\/product"}],"about":[{"href":"https:\/\/alehandrogroup.al\/en\/wp-json\/wp\/v2\/types\/product"}],"version-history":[{"count":1,"href":"https:\/\/alehandrogroup.al\/en\/wp-json\/wp\/v2\/product\/6833\/revisions"}],"predecessor-version":[{"id":7679,"href":"https:\/\/alehandrogroup.al\/en\/wp-json\/wp\/v2\/product\/6833\/revisions\/7679"}],"wp:featuredmedia":[{"embeddable":true,"href":"https:\/\/alehandrogroup.al\/en\/wp-json\/wp\/v2\/media\/7678"}],"wp:attachment":[{"href":"https:\/\/alehandrogroup.al\/en\/wp-json\/wp\/v2\/media?parent=6833"}],"wp:term":[{"taxonomy":"product_brand","embeddable":true,"href":"https:\/\/alehandrogroup.al\/en\/wp-json\/wp\/v2\/product_brand?post=6833"},{"taxonomy":"product_cat","embeddable":true,"href":"https:\/\/alehandrogroup.al\/en\/wp-json\/wp\/v2\/product_cat?post=6833"},{"taxonomy":"product_tag","embeddable":true,"href":"https:\/\/alehandrogroup.al\/en\/wp-json\/wp\/v2\/product_tag?post=6833"}],"curies":[{"name":"wp","href":"https:\/\/api.w.org\/{rel}","templated":true}]}}