{"id":6827,"date":"2025-07-11T12:25:16","date_gmt":"2025-07-11T12:25:16","guid":{"rendered":"https:\/\/alehandrogroup.al\/?post_type=product&#038;p=6827"},"modified":"2025-12-26T11:19:29","modified_gmt":"2025-12-26T11:19:29","slug":"rose-champagne-barons-de-rothschild","status":"publish","type":"product","link":"https:\/\/alehandrogroup.al\/en\/product\/rose-champagne-barons-de-rothschild\/","title":{"rendered":"ROSE CHAMPAGNE &#8211; BARONS DE ROTHSCHILD"},"content":{"rendered":"<h3><strong><em>P\u00ebrshkrimi i Ver\u00ebs: ROSE CHAMPAGNE &#8211; BARONS DE ROTHSCHILD<\/em><\/strong><\/h3>\n<p><em><strong>Detaje t\u00eb Prodhimit:<\/strong><\/em><\/p>\n<p data-start=\"452\" data-end=\"735\">Champagne Ros\u00e9 nga Barons de Rothschild mish\u00ebron filozofin\u00eb e sht\u00ebpis\u00eb: <strong data-start=\"524\" data-end=\"580\">fines\u00eb, balanc\u00eb dhe p\u00ebrkushtim absolut ndaj cil\u00ebsis\u00eb<\/strong>. Nj\u00eb cuv\u00e9e delikate dhe elegante, e krijuar me p\u00ebrkujdesje t\u00eb jasht\u00ebzakonshme p\u00ebr t\u00eb shfaqur stilin m\u00eb t\u00eb past\u00ebr t\u00eb nj\u00eb Ros\u00e9 Champagne t\u00eb klas\u00ebs s\u00eb lart\u00eb.<\/p>\n<p data-start=\"737\" data-end=\"946\">Ky \u00ebsht\u00eb nj\u00eb <strong data-start=\"750\" data-end=\"788\">champagne i rafinuar dhe ekspresiv<\/strong>, ku bukuria e Chardonnay-t nd\u00ebrthuret me struktur\u00ebn dhe karakterin e Pinot Noir-it, duke sjell\u00eb nj\u00eb p\u00ebrvoj\u00eb unike p\u00ebr dashamir\u00ebsit e ver\u00ebrave roz\u00eb me fines\u00eb.<\/p>\n<hr \/>\n<h3><strong><em>Karakteristikat<\/em><\/strong><\/h3>\n<ul>\n<li data-start=\"1660\" data-end=\"1748\"><strong data-start=\"1660\" data-end=\"1671\">Ngjyra:<\/strong> Roz\u00eb e but\u00eb me reflektime salmoni dhe nj\u00eb perlage jasht\u00ebzakonisht t\u00eb im\u00ebt.<\/li>\n<li data-start=\"1751\" data-end=\"1923\"><strong data-start=\"1751\" data-end=\"1761\">Arom\u00eb:<\/strong> Jasht\u00ebzakonisht e fresk\u00ebt dhe elegante, me nota t\u00eb <strong data-start=\"1813\" data-end=\"1833\">lulesh t\u00eb bardha<\/strong>, <strong data-start=\"1835\" data-end=\"1860\">fruta t\u00eb kuqe t\u00eb buta<\/strong> (luleshtrydhe, mjed\u00ebr), agrume delikate dhe prekje minerale.<\/li>\n<li data-start=\"1926\" data-end=\"2093\"><strong data-start=\"1926\" data-end=\"1936\">Shije:<\/strong> E but\u00eb, e balancuar dhe m\u00ebndafsh. Aciditet i rafinuar, freski e shk\u00eblqyer dhe nj\u00eb fund i gjat\u00eb me nota t\u00eb lehta frutash pylli dhe agrumesh t\u00eb kristalizuara.<\/li>\n<\/ul>\n<hr \/>\n<h3><em><strong>Shoq\u00ebrime t\u00eb Sugjeruara<\/strong><\/em><\/h3>\n<p><em>Kombinohet n\u00eb m\u00ebnyr\u00eb t\u00eb shk\u00eblqyer me:<\/em><\/p>\n<ul>\n<li data-start=\"2648\" data-end=\"2687\">\n<p data-start=\"2650\" data-end=\"2687\"><strong data-start=\"2412\" data-end=\"2441\">Ideale si aperitiv luksoz<\/strong><\/p>\n<\/li>\n<li data-start=\"2648\" data-end=\"2687\">\n<p data-start=\"2650\" data-end=\"2687\">Shk\u00eblqen me <strong data-start=\"2458\" data-end=\"2491\">pjatanca t\u00eb kuzhin\u00ebs japoneze<\/strong>, sushi, sashimi<\/p>\n<\/li>\n<li data-start=\"2648\" data-end=\"2687\">\n<p data-start=\"2650\" data-end=\"2687\">Kombinohet n\u00eb m\u00ebnyr\u00eb t\u00eb p\u00ebrkryer me <strong data-start=\"2548\" data-end=\"2566\">tartar salmoni<\/strong>, karavidhe, carpaccio toni<\/p>\n<\/li>\n<li data-start=\"2648\" data-end=\"2687\">\n<p data-start=\"2650\" data-end=\"2687\">Elegant me mishe <strong data-start=\"2609\" data-end=\"2659\">pule ose foie gras me reduktim frutash<\/strong><\/p>\n<\/li>\n<li data-start=\"2648\" data-end=\"2687\">\n<p data-start=\"2650\" data-end=\"2687\">P\u00ebr fund, shoq\u00ebron bu nj\u00eb <strong data-start=\"2698\" data-end=\"2741\">tort\u00eb me fruta t\u00eb fresk\u00ebta ose macarons<\/strong><\/p>\n<\/li>\n<\/ul>","protected":false},"excerpt":{"rendered":"<p>P\u00ebrshkrimi i Ver\u00ebs: ROSE CHAMPAGNE &#8211; BARONS DE ROTHSCHILD Detaje t\u00eb Prodhimit: Champagne Ros\u00e9 nga Barons de Rothschild mish\u00ebron filozofin\u00eb e sht\u00ebpis\u00eb: fines\u00eb, balanc\u00eb dhe p\u00ebrkushtim absolut ndaj cil\u00ebsis\u00eb. Nj\u00eb cuv\u00e9e delikate dhe elegante, e krijuar me p\u00ebrkujdesje t\u00eb jasht\u00ebzakonshme p\u00ebr t\u00eb shfaqur stilin m\u00eb t\u00eb past\u00ebr t\u00eb nj\u00eb Ros\u00e9 Champagne t\u00eb klas\u00ebs s\u00eb lart\u00eb. [&hellip;]<\/p>\n","protected":false},"featured_media":7987,"template":"","meta":[],"product_brand":[],"product_cat":[49,69],"product_tag":[],"class_list":{"0":"post-6827","1":"product","2":"type-product","3":"status-publish","4":"has-post-thumbnail","6":"product_cat-prosecco-champagne","7":"product_cat-vere-roze","9":"first","10":"instock","11":"shipping-taxable","12":"purchasable","13":"product-type-simple"},"_links":{"self":[{"href":"https:\/\/alehandrogroup.al\/en\/wp-json\/wp\/v2\/product\/6827","targetHints":{"allow":["GET"]}}],"collection":[{"href":"https:\/\/alehandrogroup.al\/en\/wp-json\/wp\/v2\/product"}],"about":[{"href":"https:\/\/alehandrogroup.al\/en\/wp-json\/wp\/v2\/types\/product"}],"version-history":[{"count":1,"href":"https:\/\/alehandrogroup.al\/en\/wp-json\/wp\/v2\/product\/6827\/revisions"}],"predecessor-version":[{"id":7988,"href":"https:\/\/alehandrogroup.al\/en\/wp-json\/wp\/v2\/product\/6827\/revisions\/7988"}],"wp:featuredmedia":[{"embeddable":true,"href":"https:\/\/alehandrogroup.al\/en\/wp-json\/wp\/v2\/media\/7987"}],"wp:attachment":[{"href":"https:\/\/alehandrogroup.al\/en\/wp-json\/wp\/v2\/media?parent=6827"}],"wp:term":[{"taxonomy":"product_brand","embeddable":true,"href":"https:\/\/alehandrogroup.al\/en\/wp-json\/wp\/v2\/product_brand?post=6827"},{"taxonomy":"product_cat","embeddable":true,"href":"https:\/\/alehandrogroup.al\/en\/wp-json\/wp\/v2\/product_cat?post=6827"},{"taxonomy":"product_tag","embeddable":true,"href":"https:\/\/alehandrogroup.al\/en\/wp-json\/wp\/v2\/product_tag?post=6827"}],"curies":[{"name":"wp","href":"https:\/\/api.w.org\/{rel}","templated":true}]}}