{"id":6823,"date":"2025-07-11T12:09:50","date_gmt":"2025-07-11T12:09:50","guid":{"rendered":"https:\/\/alehandrogroup.al\/?post_type=product&#038;p=6823"},"modified":"2025-11-27T15:44:26","modified_gmt":"2025-11-27T15:44:26","slug":"kroi-e-bardhe-kantina-braha","status":"publish","type":"product","link":"https:\/\/alehandrogroup.al\/en\/product\/kroi-e-bardhe-kantina-braha\/","title":{"rendered":"KROI E BARDHE &#8211; KANTINA BRAHA"},"content":{"rendered":"<h3><strong><em>P\u00ebrshkrimi i Ver\u00ebs: KROI E BARDHE &#8211; KANTINA BRAHA<\/em><\/strong><\/h3>\n<p><em><strong>Detaje t\u00eb Prodhimit:<\/strong><\/em><\/p>\n<p data-start=\"48\" data-end=\"467\">Rrushi i bardh\u00eb m\u00eb i mir\u00eb p\u00ebrzgjidhet nga zonat m\u00eb t\u00eb p\u00ebrshtatshme t\u00eb kultivimit t\u00eb ver\u00ebs n\u00eb Shqip\u00ebri p\u00ebr t\u00eb krijuar k\u00ebt\u00eb ver\u00eb unike. Varietetet q\u00eb p\u00ebrb\u00ebjn\u00eb White Braha jan\u00eb: Debin\u00eb, nj\u00eb rrush me origjin\u00eb greke, i cili i jep freski dhe arom\u00eb ver\u00ebs. K\u00ebsaj i shtohet Sheshi i Bardh\u00eb q\u00eb i jep trup dhe kompleksitet. S\u00eb fundi, Chardonnay, nj\u00eb varietet nd\u00ebrkomb\u00ebtar rrushi, jep at\u00eb struktur\u00eb t\u00eb pasur dhe unike. Rrushi i n\u00ebnshtrohet shtryps\u00ebs s\u00eb but\u00eb dhe macerohet p\u00ebr 6 or\u00eb. Mushti i p\u00ebrfituar n\u00eb k\u00ebt\u00eb m\u00ebnyr\u00eb lihet t\u00eb fermentohet n\u00eb \u00e7elik inox p\u00ebr 22 dit\u00eb n\u00eb nj\u00eb temperatur\u00eb t\u00eb kontrolluar prej 16-18\u00b0C. Vera q\u00ebndron mbi maja p\u00ebr t\u00eb pakt\u00ebn 12 muaj me batonazh t\u00eb vazhduesh\u00ebm dhe t\u00eb programuar. N\u00eb fund, rafinimi n\u00eb shishe zgjat 4 muaj.<\/p>\n<hr \/>\n<h3><strong><em>Karakteristikat<\/em><\/strong><\/h3>\n<ul>\n<li data-start=\"1762\" data-end=\"1816\">\n<p data-start=\"1534\" data-end=\"1670\"><strong data-start=\"1537\" data-end=\"1547\">Ngjyra<\/strong>: E art\u00eb e ndezur, me reflektime t\u00eb pasura q\u00eb tregojn\u00eb p\u00ebr p\u00ebrqendrimin dhe struktur\u00ebn e saj t\u00eb fuqishme.<\/p>\n<\/li>\n<li data-start=\"1762\" data-end=\"1816\">\n<p data-start=\"1534\" data-end=\"1670\"><strong data-start=\"1658\" data-end=\"1667\">Aroma<\/strong>: <strong data-start=\"1673\" data-end=\"1693\">Lulesh aromatike<\/strong> si tr\u00ebndafili, jasemini dhe livanda. <strong data-start=\"1735\" data-end=\"1753\">Fruta ekzotike<\/strong> si mango, litchi dhe pjeshk\u00eb e pjekur. <strong data-start=\"1797\" data-end=\"1815\">Er\u00ebza delikate<\/strong><\/p>\n<\/li>\n<li data-start=\"1762\" data-end=\"1816\">\n<p data-start=\"1534\" data-end=\"1670\"><strong data-start=\"1897\" data-end=\"1906\">Shija<\/strong>: E <strong data-start=\"1914\" data-end=\"1941\">pasur dhe e strukturuar<\/strong>, me nj\u00eb trup t\u00eb plot\u00eb dhe nj\u00eb ndjesi kremoze n\u00eb goj\u00eb. <strong data-start=\"2000\" data-end=\"2024\">Aciditet i balancuar<\/strong>, q\u00eb ofron freski dhe harmoni me aromat e saj t\u00eb theksuara. <strong data-start=\"2088\" data-end=\"2119\">Finale e gjat\u00eb dhe elegante<\/strong>, ku notat e frutave dhe er\u00ebzave shfaqen s\u00ebrish n\u00eb nj\u00eb m\u00ebnyr\u00eb t\u00eb rafinuar dhe t\u00eb q\u00ebndrueshme.<\/p>\n<\/li>\n<\/ul>\n<hr \/>\n<h3><em><strong>Shoq\u00ebrime t\u00eb Sugjeruara<\/strong><\/em><\/h3>\n<p><em>Kombinohet n\u00eb m\u00ebnyr\u00eb t\u00eb shk\u00eblqyer me:<\/em><\/p>\n<ul>\n<li><strong>Pjata me baz\u00eb peshku dhe fruta deti<\/strong><\/li>\n<li><strong>Pasta<\/strong><\/li>\n<li><strong>Antipasta<\/strong><\/li>\n<li><strong>Djath\u00ebra t\u00eb fresk\u00ebt dhe t\u00eb but\u00eb<\/strong><\/li>\n<\/ul>","protected":false},"excerpt":{"rendered":"<p>P\u00ebrshkrimi i Ver\u00ebs: KROI E BARDHE &#8211; KANTINA BRAHA Detaje t\u00eb Prodhimit: Rrushi i bardh\u00eb m\u00eb i mir\u00eb p\u00ebrzgjidhet nga zonat m\u00eb t\u00eb p\u00ebrshtatshme t\u00eb kultivimit t\u00eb ver\u00ebs n\u00eb Shqip\u00ebri p\u00ebr t\u00eb krijuar k\u00ebt\u00eb ver\u00eb unike. Varietetet q\u00eb p\u00ebrb\u00ebjn\u00eb White Braha jan\u00eb: Debin\u00eb, nj\u00eb rrush me origjin\u00eb greke, i cili i jep freski dhe arom\u00eb [&hellip;]<\/p>\n","protected":false},"featured_media":7689,"template":"","meta":[],"product_brand":[],"product_cat":[58,41],"product_tag":[],"class_list":{"0":"post-6823","1":"product","2":"type-product","3":"status-publish","4":"has-post-thumbnail","6":"product_cat-vere","7":"product_cat-vere-e-bardhe","9":"first","10":"instock","11":"shipping-taxable","12":"purchasable","13":"product-type-simple"},"_links":{"self":[{"href":"https:\/\/alehandrogroup.al\/en\/wp-json\/wp\/v2\/product\/6823","targetHints":{"allow":["GET"]}}],"collection":[{"href":"https:\/\/alehandrogroup.al\/en\/wp-json\/wp\/v2\/product"}],"about":[{"href":"https:\/\/alehandrogroup.al\/en\/wp-json\/wp\/v2\/types\/product"}],"version-history":[{"count":1,"href":"https:\/\/alehandrogroup.al\/en\/wp-json\/wp\/v2\/product\/6823\/revisions"}],"predecessor-version":[{"id":7483,"href":"https:\/\/alehandrogroup.al\/en\/wp-json\/wp\/v2\/product\/6823\/revisions\/7483"}],"wp:featuredmedia":[{"embeddable":true,"href":"https:\/\/alehandrogroup.al\/en\/wp-json\/wp\/v2\/media\/7689"}],"wp:attachment":[{"href":"https:\/\/alehandrogroup.al\/en\/wp-json\/wp\/v2\/media?parent=6823"}],"wp:term":[{"taxonomy":"product_brand","embeddable":true,"href":"https:\/\/alehandrogroup.al\/en\/wp-json\/wp\/v2\/product_brand?post=6823"},{"taxonomy":"product_cat","embeddable":true,"href":"https:\/\/alehandrogroup.al\/en\/wp-json\/wp\/v2\/product_cat?post=6823"},{"taxonomy":"product_tag","embeddable":true,"href":"https:\/\/alehandrogroup.al\/en\/wp-json\/wp\/v2\/product_tag?post=6823"}],"curies":[{"name":"wp","href":"https:\/\/api.w.org\/{rel}","templated":true}]}}