{"id":6821,"date":"2025-07-11T12:06:29","date_gmt":"2025-07-11T12:06:29","guid":{"rendered":"https:\/\/alehandrogroup.al\/?post_type=product&#038;p=6821"},"modified":"2025-11-27T15:43:23","modified_gmt":"2025-11-27T15:43:23","slug":"kroi-kuqe-kantina-braha","status":"publish","type":"product","link":"https:\/\/alehandrogroup.al\/en\/product\/kroi-kuqe-kantina-braha\/","title":{"rendered":"KROI KUQE &#8211; KANTINA BRAHA"},"content":{"rendered":"<h3><strong><em>P\u00ebrshkrimi i Ver\u00ebs: KROI KUQE &#8211; KANTINA BRAHA<\/em><\/strong><\/h3>\n<p><em><strong>Detaje t\u00eb Prodhimit:<\/strong><\/em><\/p>\n<p data-start=\"71\" data-end=\"623\">Rrushi i kuq m\u00eb i mir\u00eb p\u00ebrzgjidhet nga zonat m\u00eb t\u00eb p\u00ebrshtatshme t\u00eb ver\u00ebs s\u00eb Shqip\u00ebris\u00eb p\u00ebr t\u00eb krijuar k\u00ebt\u00eb ver\u00eb unike. Varietetet q\u00eb p\u00ebrb\u00ebjn\u00eb Braha Rosso jan\u00eb: Kallmet, nj\u00eb rrush me l\u00ebkur\u00eb t\u00eb trash\u00eb q\u00eb i jep ver\u00ebs trupin dhe struktur\u00ebn. Shesh i Zi, nj\u00eb varietet i p\u00ebrhapur n\u00eb Shqip\u00ebri, kontribuon n\u00eb rritjen e arom\u00ebs s\u00eb p\u00ebrzierjes. Dhe s\u00eb fundi Merlot, nj\u00eb varietet rrushi nd\u00ebrkomb\u00ebtar, i cili i jep nj\u00eb struktur\u00eb kadifeje k\u00ebsaj vere t\u00eb kuqe. Fermentohet me macerim t\u00eb l\u00ebkurave n\u00eb rezervuar\u00eb inox n\u00eb nj\u00eb temperatur\u00eb t\u00eb kontrolluar prej 22\u00b0C p\u00ebr t\u00eb pakt\u00ebn 25 dit\u00eb. 50% e ver\u00ebs mbetet p\u00ebr t\u2019u rafinuar n\u00eb depozita \u00e7eliku p\u00ebr t\u00eb pakt\u00ebn 14 muaj, pjesa e mbetur q\u00ebndron n\u00eb toneaus lisi dhe barrika. N\u00eb fund, rafinimi n\u00eb shishe zgjat 4 muaj.<\/p>\n<hr \/>\n<h3><strong><em>Karakteristikat<\/em><\/strong><\/h3>\n<ul>\n<li data-start=\"1762\" data-end=\"1816\"><strong>Ngjyra:<\/strong> <strong data-start=\"1089\" data-end=\"1115\">Ngjyr\u00eb e kuqe e thell\u00eb<\/strong> dhe e ndritshme, q\u00eb pasqyron fuqin\u00eb dhe pasurin\u00eb e k\u00ebsaj vere.<\/li>\n<li data-start=\"1762\" data-end=\"1816\"><strong>Aroma: <\/strong>Aroma e saj \u00ebsht\u00eb e pasur, me <strong data-start=\"1230\" data-end=\"1292\">nuanca t\u00eb manave t\u00eb zeza, boronic\u00ebs dhe qershive t\u00eb err\u00ebta<\/strong>, duke ofruar nj\u00eb p\u00ebrvoj\u00eb aromatike t\u00eb pasur dhe komplekse. <strong data-start=\"1356\" data-end=\"1409\">Er\u00ebza t\u00eb buta t\u00eb drurit t\u00eb pjekur, kakao dhe kafe<\/strong> q\u00eb shtojn\u00eb nj\u00eb dimension t\u00eb dyt\u00eb t\u00eb shijes dhe arom\u00ebs, duke e b\u00ebr\u00eb at\u00eb m\u00eb t\u00eb thell\u00eb dhe m\u00eb t\u00eb sofistikuar. <strong data-start=\"1521\" data-end=\"1562\">Nota t\u00eb lehta t\u00eb er\u00ebzave dhe vaniljes<\/strong>, q\u00eb ndihmojn\u00eb n\u00eb balancimin e natyr\u00ebs frutore dhe t\u00eb drurit.<\/li>\n<li data-start=\"1762\" data-end=\"1816\"><strong>Shija: <\/strong><strong data-start=\"1643\" data-end=\"1683\">Tanina t\u00eb pasura dhe t\u00eb strukturuara<\/strong>, q\u00eb e b\u00ebjn\u00eb k\u00ebt\u00eb ver\u00eb t\u00eb fort\u00eb, t\u00eb thell\u00eb dhe t\u00eb pasur n\u00eb goj\u00eb. <strong data-start=\"1752\" data-end=\"1777\">Ekuilib\u00ebr i shk\u00eblqyer<\/strong> mes aciditetit dhe taninave, q\u00eb ofron nj\u00eb trup t\u00eb kompletuar dhe nj\u00eb shije t\u00eb pasur, por t\u00eb but\u00eb n\u00eb t\u00eb nj\u00ebjt\u00ebn koh\u00eb. Fund i gjat\u00eb, q\u00eb mbetet n\u00eb goj\u00eb me shije t\u00eb manave t\u00eb pjekura dhe er\u00ebzave t\u00eb \u00ebmbla.<\/li>\n<\/ul>\n<hr \/>\n<h3><em><strong>Shoq\u00ebrime t\u00eb Sugjeruara<\/strong><\/em><\/h3>\n<p><em>Kombinohet n\u00eb m\u00ebnyr\u00eb t\u00eb shk\u00eblqyer me:<\/em><\/p>\n<ul>\n<li class=\"\" data-start=\"2226\" data-end=\"2296\">\n<p class=\"\" data-start=\"2228\" data-end=\"2296\"><strong data-start=\"2228\" data-end=\"2253\">Mish t\u00eb kuq t\u00eb pjekur<\/strong>: Biftek, brinj\u00eb vi\u00e7i, mish vi\u00e7i n\u00eb zgar\u00eb<\/p>\n<\/li>\n<li class=\"\" data-start=\"2297\" data-end=\"2363\">\n<p class=\"\" data-start=\"2299\" data-end=\"2363\"><strong data-start=\"2299\" data-end=\"2323\">Pjatat me mish gjahu<\/strong>: Mish gjeli deti, mish derri i pjekur<\/p>\n<\/li>\n<li class=\"\" data-start=\"2364\" data-end=\"2451\">\n<p class=\"\" data-start=\"2366\" data-end=\"2451\"><strong data-start=\"2366\" data-end=\"2395\">Pjatat me salca t\u00eb pasura<\/strong>: Salca me k\u00ebrpudha, salca t\u00eb pasura me ver\u00eb dhe er\u00ebza<\/p>\n<\/li>\n<li class=\"\" data-start=\"2452\" data-end=\"2534\">\n<p class=\"\" data-start=\"2454\" data-end=\"2534\"><strong data-start=\"2454\" data-end=\"2483\">Pjatat me djath\u00eb t\u00eb fort\u00eb<\/strong>: Gorgonzola, Parmigiano Reggiano<\/p>\n<\/li>\n<\/ul>","protected":false},"excerpt":{"rendered":"<p>P\u00ebrshkrimi i Ver\u00ebs: KROI KUQE &#8211; KANTINA BRAHA Detaje t\u00eb Prodhimit: Rrushi i kuq m\u00eb i mir\u00eb p\u00ebrzgjidhet nga zonat m\u00eb t\u00eb p\u00ebrshtatshme t\u00eb ver\u00ebs s\u00eb Shqip\u00ebris\u00eb p\u00ebr t\u00eb krijuar k\u00ebt\u00eb ver\u00eb unike. Varietetet q\u00eb p\u00ebrb\u00ebjn\u00eb Braha Rosso jan\u00eb: Kallmet, nj\u00eb rrush me l\u00ebkur\u00eb t\u00eb trash\u00eb q\u00eb i jep ver\u00ebs trupin dhe struktur\u00ebn. Shesh i [&hellip;]<\/p>\n","protected":false},"featured_media":7687,"template":"","meta":[],"product_brand":[],"product_cat":[46],"product_tag":[],"class_list":{"0":"post-6821","1":"product","2":"type-product","3":"status-publish","4":"has-post-thumbnail","6":"product_cat-vere-e-kuqe","8":"first","9":"instock","10":"shipping-taxable","11":"purchasable","12":"product-type-simple"},"_links":{"self":[{"href":"https:\/\/alehandrogroup.al\/en\/wp-json\/wp\/v2\/product\/6821","targetHints":{"allow":["GET"]}}],"collection":[{"href":"https:\/\/alehandrogroup.al\/en\/wp-json\/wp\/v2\/product"}],"about":[{"href":"https:\/\/alehandrogroup.al\/en\/wp-json\/wp\/v2\/types\/product"}],"version-history":[{"count":1,"href":"https:\/\/alehandrogroup.al\/en\/wp-json\/wp\/v2\/product\/6821\/revisions"}],"predecessor-version":[{"id":7688,"href":"https:\/\/alehandrogroup.al\/en\/wp-json\/wp\/v2\/product\/6821\/revisions\/7688"}],"wp:featuredmedia":[{"embeddable":true,"href":"https:\/\/alehandrogroup.al\/en\/wp-json\/wp\/v2\/media\/7687"}],"wp:attachment":[{"href":"https:\/\/alehandrogroup.al\/en\/wp-json\/wp\/v2\/media?parent=6821"}],"wp:term":[{"taxonomy":"product_brand","embeddable":true,"href":"https:\/\/alehandrogroup.al\/en\/wp-json\/wp\/v2\/product_brand?post=6821"},{"taxonomy":"product_cat","embeddable":true,"href":"https:\/\/alehandrogroup.al\/en\/wp-json\/wp\/v2\/product_cat?post=6821"},{"taxonomy":"product_tag","embeddable":true,"href":"https:\/\/alehandrogroup.al\/en\/wp-json\/wp\/v2\/product_tag?post=6821"}],"curies":[{"name":"wp","href":"https:\/\/api.w.org\/{rel}","templated":true}]}}