{"id":6687,"date":"2025-03-28T08:42:36","date_gmt":"2025-03-28T08:42:36","guid":{"rendered":"https:\/\/alehandrogroup.al\/?post_type=product&#038;p=6687"},"modified":"2025-12-26T11:51:57","modified_gmt":"2025-12-26T11:51:57","slug":"sfide-igt-umbria-la-madeleine","status":"publish","type":"product","link":"https:\/\/alehandrogroup.al\/en\/product\/sfide-igt-umbria-la-madeleine\/","title":{"rendered":"SFIDE IGT UMBRIA &#8211; LA MADELEINE"},"content":{"rendered":"<h3><strong><em>P\u00ebrshkrimi i Ver\u00ebs: SFIDE IGT UMBRIA &#8211; LA MADELEINE<\/em><\/strong><\/h3>\n<p><em><strong>Detaje t\u00eb Prodhimit:<\/strong><\/em><\/p>\n<p data-start=\"71\" data-end=\"623\"><strong data-start=\"43\" data-end=\"63\">Sfide IGT Umbria<\/strong> nga <strong data-start=\"68\" data-end=\"84\">La Madeleine<\/strong> \u00ebsht\u00eb nj\u00eb ver\u00eb e kuqe e sofistikuar dhe e pasur me karakter, q\u00eb p\u00ebrfaq\u00ebson m\u00eb s\u00eb miri tradit\u00ebn dhe cil\u00ebsin\u00eb e rajonit t\u00eb Umbrias. Ky rajon, shpesh i quajtur &#8220;zemra e gjelb\u00ebr e Italis\u00eb&#8221;, \u00ebsht\u00eb i njohur p\u00ebr prodhimin e ver\u00ebrave t\u00eb shk\u00eblqyera me nj\u00eb identitet t\u00eb fort\u00eb territorial. <strong data-start=\"364\" data-end=\"373\">Sfide<\/strong> mish\u00ebron k\u00ebt\u00eb filozofi duke kombinuar rrushin m\u00eb t\u00eb mir\u00eb t\u00eb zon\u00ebs me teknika bashk\u00ebkohore t\u00eb vinifikimit, p\u00ebr t\u00eb krijuar nj\u00eb ver\u00eb t\u00eb fuqishme, elegante dhe me potencial t\u00eb madh p\u00ebr ruajtje.<\/p>\n<hr \/>\n<h3><strong><em>Karakteristikat<\/em><\/strong><\/h3>\n<ul>\n<li data-start=\"1762\" data-end=\"1816\"><strong>Ngjyra:<\/strong> <strong data-start=\"888\" data-end=\"913\">E kuqe rubin e thell\u00eb<\/strong>, me reflektime granate q\u00eb pasqyrojn\u00eb maturimin e saj elegant.<\/li>\n<li data-start=\"1762\" data-end=\"1816\"><strong>Aroma: <\/strong><strong data-start=\"997\" data-end=\"1025\">Fruta t\u00eb kuqe t\u00eb pjekura<\/strong>, si kumbulla, qershia dhe manaferra. <strong data-start=\"1067\" data-end=\"1094\">Nota t\u00eb er\u00ebzave t\u00eb buta<\/strong>, duke p\u00ebrfshir\u00eb piper t\u00eb zi, kanell\u00eb dhe nj\u00eb prekje t\u00eb leht\u00eb t\u00eb duhanit. <strong data-start=\"1172\" data-end=\"1225\">Nuanca t\u00eb drurit t\u00eb pjekur dhe \u00e7okollat\u00ebs s\u00eb zez\u00eb<\/strong>, fal\u00eb maturimit t\u00eb kujdessh\u00ebm n\u00eb fu\u00e7i li<\/li>\n<li data-start=\"1762\" data-end=\"1816\"><strong>Shija: <\/strong><strong data-start=\"1291\" data-end=\"1319\">Trup i mes\u00ebm n\u00eb t\u00eb plot\u00eb<\/strong>, me tanina t\u00eb buta dhe t\u00eb integruara mir\u00eb. <strong data-start=\"1367\" data-end=\"1418\">Balanc\u00eb e shk\u00eblqyer mes freskis\u00eb dhe struktur\u00ebs<\/strong>, duke e b\u00ebr\u00eb at\u00eb nj\u00eb ver\u00eb t\u00eb q\u00ebndrueshme dhe t\u00eb k\u00ebndshme p\u00ebr t\u2019u shijuar. <strong data-start=\"1497\" data-end=\"1533\">P\u00ebrfundim i gjat\u00eb dhe i rafinuar<\/strong>, me nota t\u00eb frutave t\u00eb err\u00ebta dhe nj\u00eb prekje t\u00eb er\u00ebzave t\u00eb \u00ebmbla.<\/li>\n<\/ul>\n<hr \/>\n<h3><em><strong>Shoq\u00ebrime t\u00eb Sugjeruara<\/strong><\/em><\/h3>\n<p><em>Kombinohet n\u00eb m\u00ebnyr\u00eb t\u00eb shk\u00eblqyer me:<\/em><\/p>\n<ul>\n<li class=\"\" data-start=\"1782\" data-end=\"1847\">\n<p class=\"\" data-start=\"1784\" data-end=\"1847\"><strong data-start=\"1784\" data-end=\"1818\">Mish t\u00eb kuq t\u00eb pjekur n\u00eb zgar\u00eb<\/strong> (biftek, mish vi\u00e7i, qengj)<\/p>\n<\/li>\n<li class=\"\" data-start=\"1848\" data-end=\"1940\">\n<p class=\"\" data-start=\"1850\" data-end=\"1940\"><strong data-start=\"1850\" data-end=\"1878\">Pasta<\/strong><\/p>\n<\/li>\n<li class=\"\" data-start=\"1941\" data-end=\"2036\">\n<p class=\"\" data-start=\"1943\" data-end=\"2036\"><strong data-start=\"1943\" data-end=\"1987\">Djath\u00ebra t\u00eb pjekur dhe t\u00eb mes\u00ebm n\u00eb shije<\/strong>, si Pecorino, Parmigiano Reggiano dhe Taleggio<\/p>\n<\/li>\n<\/ul>","protected":false},"excerpt":{"rendered":"<p>P\u00ebrshkrimi i Ver\u00ebs: SFIDE IGT UMBRIA &#8211; LA MADELEINE Detaje t\u00eb Prodhimit: Sfide IGT Umbria nga La Madeleine \u00ebsht\u00eb nj\u00eb ver\u00eb e kuqe e sofistikuar dhe e pasur me karakter, q\u00eb p\u00ebrfaq\u00ebson m\u00eb s\u00eb miri tradit\u00ebn dhe cil\u00ebsin\u00eb e rajonit t\u00eb Umbrias. Ky rajon, shpesh i quajtur &#8220;zemra e gjelb\u00ebr e Italis\u00eb&#8221;, \u00ebsht\u00eb i njohur [&hellip;]<\/p>\n","protected":false},"featured_media":8011,"template":"","meta":[],"product_brand":[],"product_cat":[58,46],"product_tag":[],"class_list":{"0":"post-6687","1":"product","2":"type-product","3":"status-publish","4":"has-post-thumbnail","6":"product_cat-vere","7":"product_cat-vere-e-kuqe","9":"first","10":"instock","11":"shipping-taxable","12":"purchasable","13":"product-type-simple"},"_links":{"self":[{"href":"https:\/\/alehandrogroup.al\/en\/wp-json\/wp\/v2\/product\/6687","targetHints":{"allow":["GET"]}}],"collection":[{"href":"https:\/\/alehandrogroup.al\/en\/wp-json\/wp\/v2\/product"}],"about":[{"href":"https:\/\/alehandrogroup.al\/en\/wp-json\/wp\/v2\/types\/product"}],"version-history":[{"count":1,"href":"https:\/\/alehandrogroup.al\/en\/wp-json\/wp\/v2\/product\/6687\/revisions"}],"predecessor-version":[{"id":8012,"href":"https:\/\/alehandrogroup.al\/en\/wp-json\/wp\/v2\/product\/6687\/revisions\/8012"}],"wp:featuredmedia":[{"embeddable":true,"href":"https:\/\/alehandrogroup.al\/en\/wp-json\/wp\/v2\/media\/8011"}],"wp:attachment":[{"href":"https:\/\/alehandrogroup.al\/en\/wp-json\/wp\/v2\/media?parent=6687"}],"wp:term":[{"taxonomy":"product_brand","embeddable":true,"href":"https:\/\/alehandrogroup.al\/en\/wp-json\/wp\/v2\/product_brand?post=6687"},{"taxonomy":"product_cat","embeddable":true,"href":"https:\/\/alehandrogroup.al\/en\/wp-json\/wp\/v2\/product_cat?post=6687"},{"taxonomy":"product_tag","embeddable":true,"href":"https:\/\/alehandrogroup.al\/en\/wp-json\/wp\/v2\/product_tag?post=6687"}],"curies":[{"name":"wp","href":"https:\/\/api.w.org\/{rel}","templated":true}]}}