{"id":6640,"date":"2025-03-14T11:23:13","date_gmt":"2025-03-14T11:23:13","guid":{"rendered":"https:\/\/alehandrogroup.al\/?post_type=product&#038;p=6640"},"modified":"2025-12-02T12:45:10","modified_gmt":"2025-12-02T12:45:10","slug":"cognac-extra-grande-champagne-francois-voyer","status":"publish","type":"product","link":"https:\/\/alehandrogroup.al\/en\/product\/cognac-extra-grande-champagne-francois-voyer\/","title":{"rendered":"COGNAC EXTRA GRANDE CHAMPAGNE &#8211; FRANCOIS VOYER"},"content":{"rendered":"<h3><strong><em>P\u00ebrshkrimi i Ver\u00ebs: COGNAC EXTRA GRANDE CHAMPAGNE &#8211; FRANCOIS VOYER<\/em><\/strong><\/h3>\n<p><em><strong>Detaje t\u00eb Prodhimit:<\/strong><\/em><\/p>\n<p data-start=\"56\" data-end=\"506\"><strong data-start=\"56\" data-end=\"89\">Cognac Extra Grande Champagne<\/strong> nga <strong data-start=\"94\" data-end=\"112\">Fran\u00e7ois Voyer<\/strong> \u00ebsht\u00eb nj\u00eb nga prodhimet m\u00eb t\u00eb spikatura dhe t\u00eb sofistikuara t\u00eb k\u00ebtij prodhuesi t\u00eb njohur. Ky kognak p\u00ebrfaq\u00ebson t\u00eb gjitha karakteristikat e nj\u00eb <strong data-start=\"256\" data-end=\"274\">Extra Old (XO)<\/strong>, me nj\u00eb maturim dhe zhvillim t\u00eb jasht\u00ebzakonsh\u00ebm. Prodhimi i tij bazohet n\u00eb <strong data-start=\"350\" data-end=\"370\">Grande Champagne<\/strong>, rajonin m\u00eb prestigjioz t\u00eb kognakut, i cili \u00ebsht\u00eb i njohur p\u00ebr dh\u00ebnien e kognak\u00ebve me cil\u00ebsi t\u00eb jasht\u00ebzakonshme dhe karakter t\u00eb thell\u00eb.<\/p>\n<p data-start=\"508\" data-end=\"871\">Ky <strong data-start=\"511\" data-end=\"527\">Cognac Extra<\/strong> \u00ebsht\u00eb nj\u00eb vep\u00ebr mjeshtri, e distiluar me kujdes dhe e maturuar p\u00ebr nj\u00eb periudh\u00eb t\u00eb gjat\u00eb n\u00eb fu\u00e7i t\u00eb p\u00ebrdorura, duke krijuar nj\u00eb p\u00ebrvoj\u00eb t\u00eb pasur dhe komplekse q\u00eb p\u00ebrshtatet mrekullisht me shijet m\u00eb t\u00eb rafinuara. Ky kognak \u00ebsht\u00eb i njohur p\u00ebr <strong data-start=\"769\" data-end=\"793\">kompleksitetin e tij<\/strong>, me nuanca t\u00eb pasura dhe elegante q\u00eb zhvillohen gjat\u00eb periudh\u00ebs s\u00eb maturimit.<\/p>\n<hr \/>\n<h3><strong><em>Karakteristikat<\/em><\/strong><\/h3>\n<ul>\n<li data-start=\"1762\" data-end=\"1816\">\n<p data-start=\"1889\" data-end=\"2023\"><strong data-start=\"1892\" data-end=\"1902\">Ngjyra<\/strong>: <strong data-start=\"1904\" data-end=\"1923\">E art\u00eb e thell\u00eb<\/strong>, me nuanca t\u00eb kuqe dhe t\u00eb arta q\u00eb pasqyrojn\u00eb mosh\u00ebn dhe pjekurin\u00eb e tij t\u00eb gjat\u00eb.<\/p>\n<\/li>\n<li data-start=\"1762\" data-end=\"1816\">\n<p data-start=\"1889\" data-end=\"2023\"><strong data-start=\"2011\" data-end=\"2020\">Aroma<\/strong>: <strong data-start=\"2026\" data-end=\"2046\">Fruta t\u00eb pjekura<\/strong> si <strong data-start=\"2050\" data-end=\"2078\">dardha, fiku dhe pjeshka<\/strong>, q\u00eb krijojn\u00eb nj\u00eb arom\u00eb t\u00eb pasur dhe t\u00eb k\u00ebndshme. <strong data-start=\"2132\" data-end=\"2160\">Nuanca t\u00eb thella florale<\/strong>, si <strong data-start=\"2165\" data-end=\"2184\">lule portokalli<\/strong> dhe <strong data-start=\"2189\" data-end=\"2201\">jasemini<\/strong>, q\u00eb japin nj\u00eb arom\u00eb t\u00eb fresk\u00ebt dhe komplekse. <strong data-start=\"2252\" data-end=\"2293\">Nota t\u00eb pasura t\u00eb drurit dhe vaniljes<\/strong>, q\u00eb sjellin nj\u00eb p\u00ebrvoj\u00eb aromatike t\u00eb ngroht\u00eb dhe t\u00eb but\u00eb. <strong data-start=\"2356\" data-end=\"2396\">Arom\u00eb e mjaltit dhe er\u00ebzave t\u00eb lehta<\/strong>, q\u00eb e b\u00ebjn\u00eb arom\u00ebn t\u00eb pasur dhe t\u00eb k\u00ebndshme.<\/p>\n<\/li>\n<li data-start=\"1762\" data-end=\"1816\">\n<p data-start=\"1889\" data-end=\"2023\"><strong data-start=\"2447\" data-end=\"2456\">Shija<\/strong>: <strong data-start=\"2462\" data-end=\"2484\">E but\u00eb dhe e pasur<\/strong>, me nj\u00eb trup t\u00eb balancuar q\u00eb mbush goj\u00ebn me shije t\u00eb rafinuara dhe elegante. <strong data-start=\"2566\" data-end=\"2597\">Fruta t\u00eb pjekura dhe mjalt\u00eb<\/strong>, q\u00eb i japin shijes nj\u00eb ngroht\u00ebsi t\u00eb mrekullueshme. <strong data-start=\"2653\" data-end=\"2707\">Nuanca t\u00eb thella t\u00eb drurit t\u00eb pjekur dhe karamelit<\/strong>, q\u00eb pasurojn\u00eb shijen dhe krijojn\u00eb nj\u00eb p\u00ebrvoj\u00eb t\u00eb thell\u00eb dhe komplekse. <strong data-start=\"2783\" data-end=\"2814\">Finale e gjat\u00eb dhe elegante<\/strong>, me nj\u00eb pasqyr\u00eb t\u00eb pasur t\u00eb vaniljes dhe drurit t\u00eb pjekur q\u00eb mbetet gjat\u00eb n\u00eb goj\u00eb.<\/p>\n<\/li>\n<\/ul>\n<hr \/>\n<p>&nbsp;<\/p>","protected":false},"excerpt":{"rendered":"<p>P\u00ebrshkrimi i Ver\u00ebs: COGNAC EXTRA GRANDE CHAMPAGNE &#8211; FRANCOIS VOYER Detaje t\u00eb Prodhimit: Cognac Extra Grande Champagne nga Fran\u00e7ois Voyer \u00ebsht\u00eb nj\u00eb nga prodhimet m\u00eb t\u00eb spikatura dhe t\u00eb sofistikuara t\u00eb k\u00ebtij prodhuesi t\u00eb njohur. Ky kognak p\u00ebrfaq\u00ebson t\u00eb gjitha karakteristikat e nj\u00eb Extra Old (XO), me nj\u00eb maturim dhe zhvillim t\u00eb jasht\u00ebzakonsh\u00ebm. Prodhimi i [&hellip;]<\/p>\n","protected":false},"featured_media":7745,"template":"","meta":[],"product_brand":[],"product_cat":[45],"product_tag":[],"class_list":{"0":"post-6640","1":"product","2":"type-product","3":"status-publish","4":"has-post-thumbnail","6":"product_cat-pije-alkolike","8":"first","9":"instock","10":"shipping-taxable","11":"purchasable","12":"product-type-simple"},"_links":{"self":[{"href":"https:\/\/alehandrogroup.al\/en\/wp-json\/wp\/v2\/product\/6640","targetHints":{"allow":["GET"]}}],"collection":[{"href":"https:\/\/alehandrogroup.al\/en\/wp-json\/wp\/v2\/product"}],"about":[{"href":"https:\/\/alehandrogroup.al\/en\/wp-json\/wp\/v2\/types\/product"}],"version-history":[{"count":1,"href":"https:\/\/alehandrogroup.al\/en\/wp-json\/wp\/v2\/product\/6640\/revisions"}],"predecessor-version":[{"id":7746,"href":"https:\/\/alehandrogroup.al\/en\/wp-json\/wp\/v2\/product\/6640\/revisions\/7746"}],"wp:featuredmedia":[{"embeddable":true,"href":"https:\/\/alehandrogroup.al\/en\/wp-json\/wp\/v2\/media\/7745"}],"wp:attachment":[{"href":"https:\/\/alehandrogroup.al\/en\/wp-json\/wp\/v2\/media?parent=6640"}],"wp:term":[{"taxonomy":"product_brand","embeddable":true,"href":"https:\/\/alehandrogroup.al\/en\/wp-json\/wp\/v2\/product_brand?post=6640"},{"taxonomy":"product_cat","embeddable":true,"href":"https:\/\/alehandrogroup.al\/en\/wp-json\/wp\/v2\/product_cat?post=6640"},{"taxonomy":"product_tag","embeddable":true,"href":"https:\/\/alehandrogroup.al\/en\/wp-json\/wp\/v2\/product_tag?post=6640"}],"curies":[{"name":"wp","href":"https:\/\/api.w.org\/{rel}","templated":true}]}}