{"id":6635,"date":"2025-03-14T11:09:39","date_gmt":"2025-03-14T11:09:39","guid":{"rendered":"https:\/\/alehandrogroup.al\/?post_type=product&#038;p=6635"},"modified":"2025-12-02T12:46:42","modified_gmt":"2025-12-02T12:46:42","slug":"cognac-xo-1er-cru-francois-voyer","status":"publish","type":"product","link":"https:\/\/alehandrogroup.al\/en\/product\/cognac-xo-1er-cru-francois-voyer\/","title":{"rendered":"COGNAC XO 1ER CRU &#8211; FRANCOIS VOYER"},"content":{"rendered":"<h3><strong><em>P\u00ebrshkrimi i Ver\u00ebs: COGNAC XO 1ER CRU &#8211; FRANCOIS VOYER<\/em><\/strong><\/h3>\n<p><em><strong>Detaje t\u00eb Prodhimit:<\/strong><\/em><\/p>\n<p data-start=\"44\" data-end=\"521\"><strong data-start=\"44\" data-end=\"65\">Cognac XO 1er Cru<\/strong> nga <strong data-start=\"70\" data-end=\"88\">Fran\u00e7ois Voyer<\/strong> \u00ebsht\u00eb nj\u00eb nga produktet m\u00eb t\u00eb sofistikuara t\u00eb k\u00ebtij producenti t\u00eb njohur. Ky kognak \u00ebsht\u00eb nj\u00eb nga m\u00eb t\u00eb mir\u00ebt q\u00eb mund t\u00eb gjendet n\u00eb treg, dhe \u00ebsht\u00eb i njohur p\u00ebr cil\u00ebsin\u00eb e jasht\u00ebzakonshme dhe kompleksitetin e pasur t\u00eb tij. <strong data-start=\"312\" data-end=\"318\">XO<\/strong>, q\u00eb do t\u00eb thot\u00eb &#8220;Extra Old&#8221;, tregon se ky kognak ka kaluar nj\u00eb periudh\u00eb t\u00eb gjat\u00eb maturimi dhe \u00ebsht\u00eb formuar nga nj\u00eb p\u00ebrzierje e l\u00ebnd\u00ebve t\u00eb tjera t\u00eb distiluara, me nj\u00eb maturim q\u00eb zgjat t\u00eb pakt\u00ebn 10 vjet. Duke p\u00ebrdorur <strong data-start=\"537\" data-end=\"580\">rrushin e kultivuar n\u00eb Grande Champagne<\/strong>, Fran\u00e7ois Voyer prodhon nj\u00eb kognak q\u00eb ka nj\u00eb personalitet t\u00eb pasur, me shije t\u00eb balancuara dhe nj\u00eb p\u00ebrfundim t\u00eb elegant dhe t\u00eb gjat\u00eb. <strong data-start=\"715\" data-end=\"736\">Cognac XO 1er Cru<\/strong> \u00ebsht\u00eb ideal p\u00ebr ata q\u00eb k\u00ebrkojn\u00eb nj\u00eb p\u00ebrvoj\u00eb shijimi t\u00eb pasur dhe t\u00eb thell\u00eb.<\/p>\n<hr \/>\n<h3><strong><em>Karakteristikat<\/em><\/strong><\/h3>\n<ul>\n<li data-start=\"1762\" data-end=\"1816\">\n<p data-start=\"1836\" data-end=\"1996\"><strong data-start=\"1839\" data-end=\"1849\">Ngjyra<\/strong>: <strong data-start=\"1851\" data-end=\"1870\">E art\u00eb e thell\u00eb<\/strong>, me nuanca t\u00eb kuqe dhe nj\u00eb shk\u00eblqim t\u00eb mrekulluesh\u00ebm, q\u00eb tregon kalimin e koh\u00ebs dhe pjekjen e tij t\u00eb gjat\u00eb.<\/p>\n<\/li>\n<li data-start=\"1762\" data-end=\"1816\">\n<p data-start=\"1836\" data-end=\"1996\"><strong data-start=\"1984\" data-end=\"1993\">Aroma<\/strong>: <strong data-start=\"1999\" data-end=\"2032\">Fruta t\u00eb pjekura dhe t\u00eb \u00ebmbla<\/strong>, si <strong data-start=\"2037\" data-end=\"2063\">dardha, pesha dhe fiku<\/strong>, q\u00eb krijojn\u00eb nj\u00eb arom\u00eb t\u00eb pasur dhe t\u00eb k\u00ebndshme. <strong data-start=\"2117\" data-end=\"2145\">Nuanca t\u00eb thella florale<\/strong> si <strong data-start=\"2149\" data-end=\"2181\">lule portokalli dhe jasemini<\/strong>, q\u00eb ofrojn\u00eb nj\u00eb kompleksitet t\u00eb jasht\u00ebzakonsh\u00ebm dhe arom\u00eb t\u00eb fresk\u00ebt. <strong data-start=\"2256\" data-end=\"2297\">Nota t\u00eb pasura t\u00eb drurit dhe vaniljes<\/strong>, q\u00eb sigurojn\u00eb nj\u00eb p\u00ebrvoj\u00eb aromatike t\u00eb ngroht\u00eb dhe t\u00eb but\u00eb. <strong data-start=\"2362\" data-end=\"2402\">Arom\u00eb e mjaltit dhe er\u00ebzave t\u00eb lehta<\/strong>, q\u00eb japin nj\u00eb p\u00ebrshtypje t\u00eb mrekullueshme t\u00eb but\u00ebsis\u00eb dhe eleganc\u00ebs.<\/p>\n<\/li>\n<li data-start=\"1762\" data-end=\"1816\">\n<p data-start=\"1836\" data-end=\"1996\"><strong data-start=\"2477\" data-end=\"2486\">Shija<\/strong>: <strong data-start=\"2492\" data-end=\"2514\">E but\u00eb dhe e pasur<\/strong>, me nj\u00eb trup t\u00eb plot\u00eb dhe t\u00eb balancuar q\u00eb mbush goj\u00ebn me shije t\u00eb rafinuara dhe elegante. <strong data-start=\"2609\" data-end=\"2658\">Fruta t\u00eb pjekura dhe shije t\u00eb buta t\u00eb mjaltit<\/strong>, q\u00eb krijojn\u00eb nj\u00eb shije t\u00eb ngroht\u00eb dhe t\u00eb k\u00ebndshme. <strong data-start=\"2714\" data-end=\"2751\">Nota t\u00eb drurit t\u00eb pjekur dhe lisi<\/strong>, q\u00eb kontribuojn\u00eb n\u00eb thell\u00ebsin\u00eb e shijes dhe i japin nj\u00eb finish t\u00eb gjat\u00eb dhe t\u00eb mrekulluesh\u00ebm.<\/p>\n<\/li>\n<\/ul>\n<hr \/>\n<p>&nbsp;<\/p>","protected":false},"excerpt":{"rendered":"<p>P\u00ebrshkrimi i Ver\u00ebs: COGNAC XO 1ER CRU &#8211; FRANCOIS VOYER Detaje t\u00eb Prodhimit: Cognac XO 1er Cru nga Fran\u00e7ois Voyer \u00ebsht\u00eb nj\u00eb nga produktet m\u00eb t\u00eb sofistikuara t\u00eb k\u00ebtij producenti t\u00eb njohur. Ky kognak \u00ebsht\u00eb nj\u00eb nga m\u00eb t\u00eb mir\u00ebt q\u00eb mund t\u00eb gjendet n\u00eb treg, dhe \u00ebsht\u00eb i njohur p\u00ebr cil\u00ebsin\u00eb e jasht\u00ebzakonshme dhe [&hellip;]<\/p>\n","protected":false},"featured_media":7747,"template":"","meta":[],"product_brand":[],"product_cat":[45],"product_tag":[],"class_list":{"0":"post-6635","1":"product","2":"type-product","3":"status-publish","4":"has-post-thumbnail","6":"product_cat-pije-alkolike","8":"first","9":"instock","10":"shipping-taxable","11":"purchasable","12":"product-type-simple"},"_links":{"self":[{"href":"https:\/\/alehandrogroup.al\/en\/wp-json\/wp\/v2\/product\/6635","targetHints":{"allow":["GET"]}}],"collection":[{"href":"https:\/\/alehandrogroup.al\/en\/wp-json\/wp\/v2\/product"}],"about":[{"href":"https:\/\/alehandrogroup.al\/en\/wp-json\/wp\/v2\/types\/product"}],"version-history":[{"count":1,"href":"https:\/\/alehandrogroup.al\/en\/wp-json\/wp\/v2\/product\/6635\/revisions"}],"predecessor-version":[{"id":7748,"href":"https:\/\/alehandrogroup.al\/en\/wp-json\/wp\/v2\/product\/6635\/revisions\/7748"}],"wp:featuredmedia":[{"embeddable":true,"href":"https:\/\/alehandrogroup.al\/en\/wp-json\/wp\/v2\/media\/7747"}],"wp:attachment":[{"href":"https:\/\/alehandrogroup.al\/en\/wp-json\/wp\/v2\/media?parent=6635"}],"wp:term":[{"taxonomy":"product_brand","embeddable":true,"href":"https:\/\/alehandrogroup.al\/en\/wp-json\/wp\/v2\/product_brand?post=6635"},{"taxonomy":"product_cat","embeddable":true,"href":"https:\/\/alehandrogroup.al\/en\/wp-json\/wp\/v2\/product_cat?post=6635"},{"taxonomy":"product_tag","embeddable":true,"href":"https:\/\/alehandrogroup.al\/en\/wp-json\/wp\/v2\/product_tag?post=6635"}],"curies":[{"name":"wp","href":"https:\/\/api.w.org\/{rel}","templated":true}]}}