{"id":6633,"date":"2025-03-14T11:07:06","date_gmt":"2025-03-14T11:07:06","guid":{"rendered":"https:\/\/alehandrogroup.al\/?post_type=product&#038;p=6633"},"modified":"2025-12-24T09:17:34","modified_gmt":"2025-12-24T09:17:34","slug":"cognac-napoleon-grande-champagne-francois-voyer","status":"publish","type":"product","link":"https:\/\/alehandrogroup.al\/en\/product\/cognac-napoleon-grande-champagne-francois-voyer\/","title":{"rendered":"COGNAC NAPOLEON GRANDE CHAMPAGNE &#8211; FRANCOIS VOYER"},"content":{"rendered":"<h3><strong><em>P\u00ebrshkrimi i Ver\u00ebs: COGNAC NAPOLEON GRANDE CHAMPAGNE &#8211; FRANCOIS VOYER<\/em><\/strong><\/h3>\n<p><em><strong>Detaje t\u00eb Prodhimit:<\/strong><\/em><\/p>\n<p data-start=\"59\" data-end=\"567\"><strong data-start=\"59\" data-end=\"95\">Cognac Napoleon Grande Champagne<\/strong> nga <strong data-start=\"100\" data-end=\"118\">Fran\u00e7ois Voyer<\/strong> \u00ebsht\u00eb nj\u00eb kognak i jasht\u00ebzakonsh\u00ebm, i krijuar nga nj\u00eb p\u00ebrzierje e rrushit t\u00eb kultivuar n\u00eb <strong data-start=\"209\" data-end=\"229\">Grande Champagne<\/strong>, zona m\u00eb prestigjioze p\u00ebr prodhimin e kognakut. <strong data-start=\"278\" data-end=\"290\">Napoleon<\/strong> \u00ebsht\u00eb nj\u00eb em\u00ebr i p\u00ebrdorur p\u00ebr kognak\u00ebt q\u00eb jan\u00eb maturuar p\u00ebr nj\u00eb periudh\u00eb m\u00eb t\u00eb gjat\u00eb se <strong data-start=\"379\" data-end=\"387\">VSOP<\/strong>, dhe q\u00eb kan\u00eb nj\u00eb karakter t\u00eb pasur dhe t\u00eb kompletuar. Ky kognak \u00ebsht\u00eb nj\u00eb p\u00ebrzierje e distilimit dhe maturimit t\u00eb kujdessh\u00ebm, q\u00eb ofron nj\u00eb produkt t\u00eb shk\u00eblqyer dhe t\u00eb sofistikuar. <strong data-start=\"569\" data-end=\"587\">Fran\u00e7ois Voyer<\/strong>, nj\u00eb nga prodhuesit m\u00eb t\u00eb njohur t\u00eb kognakut, ka p\u00ebrku<\/p>\n<hr \/>\n<h3><strong><em>Karakteristikat<\/em><\/strong><\/h3>\n<ul>\n<li data-start=\"1762\" data-end=\"1816\">\n<p data-start=\"1820\" data-end=\"1983\"><strong data-start=\"1823\" data-end=\"1833\">Ngjyra<\/strong>: <strong data-start=\"1835\" data-end=\"1866\">E art\u00eb e thell\u00eb dhe e pasur<\/strong>, me nuanca t\u00eb kuqe t\u00eb theksuara dhe nj\u00eb shk\u00eblqim t\u00eb pasur q\u00eb reflekton mosh\u00ebn dhe maturimin e tij.<\/p>\n<\/li>\n<li data-start=\"1762\" data-end=\"1816\">\n<p data-start=\"1820\" data-end=\"1983\"><strong data-start=\"1971\" data-end=\"1980\">Aroma<\/strong>: <strong data-start=\"1986\" data-end=\"2006\">Fruta t\u00eb pjekura<\/strong> si <strong data-start=\"2010\" data-end=\"2038\">dardha, pesha dhe kajsia<\/strong>, t\u00eb cilat i japin nj\u00eb shije t\u00eb but\u00eb dhe t\u00eb pasur. <strong data-start=\"2093\" data-end=\"2119\">Nota t\u00eb thella florale<\/strong>, si <strong data-start=\"2124\" data-end=\"2158\">lule portokalli dhe tr\u00ebndafila<\/strong>, q\u00eb shtojn\u00eb kompleksitetin e kognakut. <strong data-start=\"2202\" data-end=\"2231\">Er\u00ebza t\u00eb lehta dhe mjalt\u00eb<\/strong>, q\u00eb e b\u00ebjn\u00eb arom\u00ebn t\u00eb pasur dhe t\u00eb k\u00ebndshme, duke ofruar nj\u00eb p\u00ebrvoj\u00eb t\u00eb shum\u00eb dimensioneve. <strong data-start=\"2328\" data-end=\"2367\">Nuanca t\u00eb drurit t\u00eb pjekur dhe lisi<\/strong>, q\u00eb krijojn\u00eb nj\u00eb harmonizim t\u00eb mrekulluesh\u00ebm t\u00eb shijeve t\u00eb natyrshme t\u00eb kognakut.<\/p>\n<\/li>\n<li data-start=\"1762\" data-end=\"1816\">\n<p data-start=\"1820\" data-end=\"1983\"><strong data-start=\"2455\" data-end=\"2464\">Shija<\/strong>: <strong data-start=\"2470\" data-end=\"2492\">E but\u00eb dhe e pasur<\/strong>, me nj\u00eb trup t\u00eb plot\u00eb dhe t\u00eb balancuar q\u00eb mbush goj\u00ebn me shije t\u00eb rafinuara. <strong data-start=\"2574\" data-end=\"2607\">Fruta t\u00eb pjekura dhe t\u00eb \u00ebmbla<\/strong>, si <strong data-start=\"2612\" data-end=\"2631\">dardha dhe fiku<\/strong>, q\u00eb krijojn\u00eb nj\u00eb shije t\u00eb pasur dhe delikate. <strong data-start=\"2682\" data-end=\"2715\">Nota t\u00eb mjaltit dhe karamelit<\/strong>, q\u00eb e b\u00ebjn\u00eb t\u00eb \u00ebmb\u00ebl dhe t\u00eb but\u00eb, nd\u00ebrsa <strong data-start=\"2757\" data-end=\"2788\">shije t\u00eb drurit dhe er\u00ebzave<\/strong> japin nj\u00eb thell\u00ebsi dhe pasuri t\u00eb shtuar. <strong data-start=\"2834\" data-end=\"2865\">Finale e gjat\u00eb dhe elegante<\/strong>, me shije t\u00eb thella t\u00eb agrumeve dhe lisi, q\u00eb mbetet e k\u00ebndshme dhe elegante.<\/p>\n<\/li>\n<\/ul>\n<hr \/>\n<p>&nbsp;<\/p>","protected":false},"excerpt":{"rendered":"<p>P\u00ebrshkrimi i Ver\u00ebs: COGNAC NAPOLEON GRANDE CHAMPAGNE &#8211; FRANCOIS VOYER Detaje t\u00eb Prodhimit: Cognac Napoleon Grande Champagne nga Fran\u00e7ois Voyer \u00ebsht\u00eb nj\u00eb kognak i jasht\u00ebzakonsh\u00ebm, i krijuar nga nj\u00eb p\u00ebrzierje e rrushit t\u00eb kultivuar n\u00eb Grande Champagne, zona m\u00eb prestigjioze p\u00ebr prodhimin e kognakut. Napoleon \u00ebsht\u00eb nj\u00eb em\u00ebr i p\u00ebrdorur p\u00ebr kognak\u00ebt q\u00eb jan\u00eb maturuar [&hellip;]<\/p>\n","protected":false},"featured_media":7875,"template":"","meta":[],"product_brand":[],"product_cat":[45],"product_tag":[],"class_list":{"0":"post-6633","1":"product","2":"type-product","3":"status-publish","4":"has-post-thumbnail","6":"product_cat-pije-alkolike","8":"first","9":"instock","10":"shipping-taxable","11":"purchasable","12":"product-type-simple"},"_links":{"self":[{"href":"https:\/\/alehandrogroup.al\/en\/wp-json\/wp\/v2\/product\/6633","targetHints":{"allow":["GET"]}}],"collection":[{"href":"https:\/\/alehandrogroup.al\/en\/wp-json\/wp\/v2\/product"}],"about":[{"href":"https:\/\/alehandrogroup.al\/en\/wp-json\/wp\/v2\/types\/product"}],"version-history":[{"count":1,"href":"https:\/\/alehandrogroup.al\/en\/wp-json\/wp\/v2\/product\/6633\/revisions"}],"predecessor-version":[{"id":7876,"href":"https:\/\/alehandrogroup.al\/en\/wp-json\/wp\/v2\/product\/6633\/revisions\/7876"}],"wp:featuredmedia":[{"embeddable":true,"href":"https:\/\/alehandrogroup.al\/en\/wp-json\/wp\/v2\/media\/7875"}],"wp:attachment":[{"href":"https:\/\/alehandrogroup.al\/en\/wp-json\/wp\/v2\/media?parent=6633"}],"wp:term":[{"taxonomy":"product_brand","embeddable":true,"href":"https:\/\/alehandrogroup.al\/en\/wp-json\/wp\/v2\/product_brand?post=6633"},{"taxonomy":"product_cat","embeddable":true,"href":"https:\/\/alehandrogroup.al\/en\/wp-json\/wp\/v2\/product_cat?post=6633"},{"taxonomy":"product_tag","embeddable":true,"href":"https:\/\/alehandrogroup.al\/en\/wp-json\/wp\/v2\/product_tag?post=6633"}],"curies":[{"name":"wp","href":"https:\/\/api.w.org\/{rel}","templated":true}]}}