{"id":6629,"date":"2025-03-14T11:02:10","date_gmt":"2025-03-14T11:02:10","guid":{"rendered":"https:\/\/alehandrogroup.al\/?post_type=product&#038;p=6629"},"modified":"2025-11-22T10:36:09","modified_gmt":"2025-11-22T10:36:09","slug":"cognac-vs-grande-champagne-francois-voyer","status":"publish","type":"product","link":"https:\/\/alehandrogroup.al\/en\/product\/cognac-vs-grande-champagne-francois-voyer\/","title":{"rendered":"COGNAC VS GRANDE CHAMPAGNE &#8211; FRANCOIS VOYER"},"content":{"rendered":"<h3><strong><em>P\u00ebrshkrimi i Ver\u00ebs: COGNAC VS GRANDE CHAMPAGNE &#8211; FRANCOIS VOYER<\/em><\/strong><\/h3>\n<p><em><strong>Detaje t\u00eb Prodhimit:<\/strong><\/em><\/p>\n<p data-start=\"71\" data-end=\"623\"><strong data-start=\"55\" data-end=\"85\">Cognac VS Grande Champagne<\/strong> nga <strong data-start=\"90\" data-end=\"108\">Fran\u00e7ois Voyer<\/strong> \u00ebsht\u00eb nj\u00eb <strong data-start=\"119\" data-end=\"172\">kognak i klasifikuar nga zona m\u00eb e lart\u00eb e Cognac<\/strong>, <strong data-start=\"174\" data-end=\"194\">Grande Champagne<\/strong>, i njohur p\u00ebr cil\u00ebsin\u00eb e lart\u00eb dhe karakteristikat e jasht\u00ebzakonshme t\u00eb tij. Ky kognak \u00ebsht\u00eb nj\u00eb shenj\u00eb e p\u00ebrkushtimit t\u00eb <strong data-start=\"317\" data-end=\"335\">Fran\u00e7ois Voyer<\/strong>, nj\u00eb nga prodhuesit m\u00eb t\u00eb njohur t\u00eb kognakut, p\u00ebr t\u00eb krijuar produktet m\u00eb t\u00eb mira nga tokat e tij t\u00eb pasura dhe tradicionale.<\/p>\n<hr \/>\n<h3><strong><em>Karakteristikat<\/em><\/strong><\/h3>\n<ul>\n<li data-start=\"1762\" data-end=\"1816\">\n<p data-start=\"1482\" data-end=\"1602\"><strong data-start=\"1485\" data-end=\"1495\">Ngjyra<\/strong>: <strong data-start=\"1497\" data-end=\"1519\">E art\u00eb e ndritshme<\/strong>, me tonet e drurit dhe t\u00eb b\u00ebn nj\u00eb paraqitje t\u00eb bukur vizualisht.<\/p>\n<\/li>\n<li data-start=\"1762\" data-end=\"1816\">\n<p data-start=\"1482\" data-end=\"1602\"><strong data-start=\"1590\" data-end=\"1599\">Aroma<\/strong>: <strong data-start=\"1605\" data-end=\"1626\">Fruta t\u00eb fresk\u00ebta<\/strong> si <strong data-start=\"1630\" data-end=\"1658\">dardha, pesha dhe agrume<\/strong>, q\u00eb jan\u00eb shprehje t\u00eb rinis\u00eb dhe freskis\u00eb. <strong data-start=\"1705\" data-end=\"1751\">Nota t\u00eb buta t\u00eb mjaltit dhe luleshtrydheve<\/strong>, q\u00eb i japin nj\u00eb ndjesi t\u00eb \u00ebmb\u00ebl dhe t\u00eb k\u00ebndshme. <strong data-start=\"1805\" data-end=\"1822\">Toka e drurit<\/strong>, q\u00eb krijon nj\u00eb arom\u00eb t\u00eb k\u00ebndshme dhe delikate t\u00eb fuqizuar nga fu\u00e7it\u00eb e lisit.<\/p>\n<\/li>\n<li data-start=\"1762\" data-end=\"1816\">\n<p data-start=\"1482\" data-end=\"1602\"><strong data-start=\"1906\" data-end=\"1915\">Shija<\/strong>: <strong data-start=\"1921\" data-end=\"1944\">E but\u00eb dhe e past\u00ebr<\/strong>, me nj\u00eb trup t\u00eb leht\u00eb dhe t\u00eb harmonizuar. <strong data-start=\"1991\" data-end=\"2012\">Frutat e fresk\u00ebta<\/strong> jan\u00eb t\u00eb theksuara n\u00eb shije, me <strong data-start=\"2044\" data-end=\"2070\">nota pikante t\u00eb drurit<\/strong> q\u00eb japin nj\u00eb shije t\u00eb k\u00ebndshme dhe t\u00eb balancuar. <strong data-start=\"2124\" data-end=\"2158\">Finale e shkurt\u00ebr dhe e past\u00ebr<\/strong>, q\u00eb l\u00eb nj\u00eb pasqyr\u00eb freskuese t\u00eb agrumeve dhe drurit.<\/p>\n<\/li>\n<\/ul>\n<hr \/>\n<p>&nbsp;<\/p>","protected":false},"excerpt":{"rendered":"<p>P\u00ebrshkrimi i Ver\u00ebs: COGNAC VS GRANDE CHAMPAGNE &#8211; FRANCOIS VOYER Detaje t\u00eb Prodhimit: Cognac VS Grande Champagne nga Fran\u00e7ois Voyer \u00ebsht\u00eb nj\u00eb kognak i klasifikuar nga zona m\u00eb e lart\u00eb e Cognac, Grande Champagne, i njohur p\u00ebr cil\u00ebsin\u00eb e lart\u00eb dhe karakteristikat e jasht\u00ebzakonshme t\u00eb tij. Ky kognak \u00ebsht\u00eb nj\u00eb shenj\u00eb e p\u00ebrkushtimit t\u00eb Fran\u00e7ois [&hellip;]<\/p>\n","protected":false},"featured_media":7565,"template":"","meta":[],"product_brand":[],"product_cat":[45],"product_tag":[],"class_list":{"0":"post-6629","1":"product","2":"type-product","3":"status-publish","4":"has-post-thumbnail","6":"product_cat-pije-alkolike","8":"first","9":"instock","10":"shipping-taxable","11":"purchasable","12":"product-type-simple"},"_links":{"self":[{"href":"https:\/\/alehandrogroup.al\/en\/wp-json\/wp\/v2\/product\/6629","targetHints":{"allow":["GET"]}}],"collection":[{"href":"https:\/\/alehandrogroup.al\/en\/wp-json\/wp\/v2\/product"}],"about":[{"href":"https:\/\/alehandrogroup.al\/en\/wp-json\/wp\/v2\/types\/product"}],"version-history":[{"count":1,"href":"https:\/\/alehandrogroup.al\/en\/wp-json\/wp\/v2\/product\/6629\/revisions"}],"predecessor-version":[{"id":7566,"href":"https:\/\/alehandrogroup.al\/en\/wp-json\/wp\/v2\/product\/6629\/revisions\/7566"}],"wp:featuredmedia":[{"embeddable":true,"href":"https:\/\/alehandrogroup.al\/en\/wp-json\/wp\/v2\/media\/7565"}],"wp:attachment":[{"href":"https:\/\/alehandrogroup.al\/en\/wp-json\/wp\/v2\/media?parent=6629"}],"wp:term":[{"taxonomy":"product_brand","embeddable":true,"href":"https:\/\/alehandrogroup.al\/en\/wp-json\/wp\/v2\/product_brand?post=6629"},{"taxonomy":"product_cat","embeddable":true,"href":"https:\/\/alehandrogroup.al\/en\/wp-json\/wp\/v2\/product_cat?post=6629"},{"taxonomy":"product_tag","embeddable":true,"href":"https:\/\/alehandrogroup.al\/en\/wp-json\/wp\/v2\/product_tag?post=6629"}],"curies":[{"name":"wp","href":"https:\/\/api.w.org\/{rel}","templated":true}]}}