{"id":6627,"date":"2025-03-14T10:33:15","date_gmt":"2025-03-14T10:33:15","guid":{"rendered":"https:\/\/alehandrogroup.al\/?post_type=product&#038;p=6627"},"modified":"2025-11-21T21:36:12","modified_gmt":"2025-11-21T21:36:12","slug":"brunello-di-montalcino-poggio-alloro-castello-banfi","status":"publish","type":"product","link":"https:\/\/alehandrogroup.al\/en\/product\/brunello-di-montalcino-poggio-alloro-castello-banfi\/","title":{"rendered":"BRUNELLO DI MONTALCINO POGGIO ALL&#8217;ORO &#8211; CASTELLO BANFI"},"content":{"rendered":"<h3><strong><em>P\u00ebrshkrimi i Ver\u00ebs: BRUNELLO DI MONTALCINO POGGIO ALL&#8217;ORO &#8211; CASTELLO BANFI<\/em><\/strong><\/h3>\n<p><em><strong>Detaje t\u00eb Prodhimit:<\/strong><\/em><\/p>\n<p data-start=\"71\" data-end=\"623\"><strong data-start=\"71\" data-end=\"112\">Brunello di Montalcino Poggio all&#8217;Oro<\/strong> nga <strong data-start=\"117\" data-end=\"135\">Castello Banfi<\/strong> \u00ebsht\u00eb nj\u00eb nga ver\u00ebrat m\u00eb t\u00eb njohura dhe t\u00eb vler\u00ebsuara n\u00eb rajonin e Montalcino, Toscana. Ky <strong data-start=\"227\" data-end=\"239\">Brunello<\/strong> \u00ebsht\u00eb nj\u00eb shprehje e shk\u00eblqyer e <strong data-start=\"273\" data-end=\"287\">Sangiovese<\/strong>, rrushi kryesor q\u00eb p\u00ebrdoret p\u00ebr prodhimin e <strong data-start=\"332\" data-end=\"363\">Brunello di Montalcino DOCG<\/strong>. P\u00ebrdorimi i nj\u00eb <strong data-start=\"381\" data-end=\"411\">terroir t\u00eb jasht\u00ebzakonsh\u00ebm<\/strong> dhe nj\u00eb periudh\u00eb e gjat\u00eb invecimi n\u00eb fu\u00e7i dhe shishe, i jep k\u00ebsaj vere nj\u00eb karakter t\u00eb pasur, komplekse dhe t\u00eb sofistikuar, t\u00eb cilat shquhen p\u00ebr potencialin e jasht\u00ebzakonsh\u00ebm t\u00eb ruajtjes dhe evoluimit n\u00eb shishe. <strong data-start=\"625\" data-end=\"643\">Poggio all&#8217;Oro<\/strong>, nj\u00eb em\u00ebr q\u00eb ka p\u00ebrkthimin e tij nga fushat e mrekullueshme t\u00eb <strong data-start=\"707\" data-end=\"725\">Castello Banfi<\/strong>, simbolizon nj\u00eb <strong data-start=\"742\" data-end=\"766\">vend t\u00eb privilegjuar<\/strong> dhe nj\u00eb <strong data-start=\"775\" data-end=\"797\">terroir t\u00eb ve\u00e7ant\u00eb<\/strong>, i cili e b\u00ebn k\u00ebt\u00eb ver\u00eb t\u00eb jet\u00eb n\u00eb nj\u00eb klas\u00eb t\u00eb vetme.<\/p>\n<hr \/>\n<h3><strong><em>Karakteristikat<\/em><\/strong><\/h3>\n<ul>\n<li data-start=\"1762\" data-end=\"1816\">\n<p data-start=\"2168\" data-end=\"2303\"><strong data-start=\"2171\" data-end=\"2181\">Ngjyra<\/strong>: Nj\u00eb <strong data-start=\"2187\" data-end=\"2218\">e kuqe e thell\u00eb dhe e err\u00ebt<\/strong>, me reflektime granate q\u00eb pasqyrojn\u00eb mosh\u00ebn dhe evoluimin e ver\u00ebs.<\/p>\n<\/li>\n<li data-start=\"1762\" data-end=\"1816\">\n<p data-start=\"2168\" data-end=\"2303\"><strong data-start=\"2291\" data-end=\"2300\">Aroma<\/strong>: <strong data-start=\"2306\" data-end=\"2334\">Fruta t\u00eb kuqe t\u00eb pjekura<\/strong>, si <strong data-start=\"2339\" data-end=\"2374\">qershia, manaferra dhe boronica<\/strong>, t\u00eb cilat krijojn\u00eb nj\u00eb profil aromatik t\u00eb pasur dhe t\u00eb nd\u00ebrlikuar. <strong data-start=\"2446\" data-end=\"2488\">Nota florale t\u00eb viol\u00ebs dhe tr\u00ebndafilit<\/strong>, q\u00eb shtojn\u00eb nj\u00eb p\u00ebrb\u00ebrje m\u00eb t\u00eb fresk\u00ebt dhe t\u00eb but\u00eb. <strong data-start=\"2545\" data-end=\"2577\">Nuanca pikante dhe t\u00eb drurit<\/strong>, si <strong data-start=\"2582\" data-end=\"2618\">kanell\u00eb, piper t\u00eb zi dhe vanilje<\/strong>, t\u00eb cilat ndihmojn\u00eb n\u00eb rritjen e thell\u00ebsis\u00eb dhe kompleksitetit. <strong data-start=\"2687\" data-end=\"2713\">Hije e toke dhe l\u00ebkure<\/strong>, q\u00eb pasqyrojn\u00eb karakterin e vreshtave t\u00eb Montalcino.<\/p>\n<\/li>\n<li data-start=\"1762\" data-end=\"1816\">\n<p data-start=\"2168\" data-end=\"2303\"><strong data-start=\"2772\" data-end=\"2781\">Shija<\/strong>: <strong data-start=\"2787\" data-end=\"2817\">Strukturuar dhe i fuqish\u00ebm<\/strong>, me <strong data-start=\"2822\" data-end=\"2841\">tanina t\u00eb forta<\/strong> q\u00eb jan\u00eb mir\u00eb-integruara dhe t\u00eb buta n\u00eb goj\u00eb. <strong data-start=\"2891\" data-end=\"2955\">Nj\u00eb ekuilib\u00ebr i shk\u00eblqyer mes aciditetit dhe trupit t\u00eb pasur<\/strong>, me shije t\u00eb thella frutash t\u00eb kuqe, er\u00ebza dhe pikante. <strong data-start=\"3016\" data-end=\"3052\">Finale e gjat\u00eb dhe e sofistikuar<\/strong>, me nj\u00eb pasqyr\u00eb t\u00eb mrekullueshme t\u00eb drurit dhe nuancave minerale.<\/p>\n<\/li>\n<\/ul>\n<hr \/>\n<h3><em><strong>Shoq\u00ebrime t\u00eb Sugjeruara<\/strong><\/em><\/h3>\n<p><em>Kombinohet n\u00eb m\u00ebnyr\u00eb t\u00eb shk\u00eblqyer me:<\/em><\/p>\n<ul>\n<li><strong>Pasta<\/strong><\/li>\n<li><strong>Mish i kuq i pjekur<\/strong><\/li>\n<li><strong>Djath\u00ebra t\u00eb stazhionuar dhe t\u00eb pasur n\u00eb shije<\/strong><\/li>\n<\/ul>","protected":false},"excerpt":{"rendered":"<p>P\u00ebrshkrimi i Ver\u00ebs: BRUNELLO DI MONTALCINO POGGIO ALL&#8217;ORO &#8211; CASTELLO BANFI Detaje t\u00eb Prodhimit: Brunello di Montalcino Poggio all&#8217;Oro nga Castello Banfi \u00ebsht\u00eb nj\u00eb nga ver\u00ebrat m\u00eb t\u00eb njohura dhe t\u00eb vler\u00ebsuara n\u00eb rajonin e Montalcino, Toscana. Ky Brunello \u00ebsht\u00eb nj\u00eb shprehje e shk\u00eblqyer e Sangiovese, rrushi kryesor q\u00eb p\u00ebrdoret p\u00ebr prodhimin e Brunello di [&hellip;]<\/p>\n","protected":false},"featured_media":7530,"template":"","meta":[],"product_brand":[],"product_cat":[58,46],"product_tag":[],"class_list":{"0":"post-6627","1":"product","2":"type-product","3":"status-publish","4":"has-post-thumbnail","6":"product_cat-vere","7":"product_cat-vere-e-kuqe","9":"first","10":"instock","11":"shipping-taxable","12":"purchasable","13":"product-type-simple"},"_links":{"self":[{"href":"https:\/\/alehandrogroup.al\/en\/wp-json\/wp\/v2\/product\/6627","targetHints":{"allow":["GET"]}}],"collection":[{"href":"https:\/\/alehandrogroup.al\/en\/wp-json\/wp\/v2\/product"}],"about":[{"href":"https:\/\/alehandrogroup.al\/en\/wp-json\/wp\/v2\/types\/product"}],"version-history":[{"count":1,"href":"https:\/\/alehandrogroup.al\/en\/wp-json\/wp\/v2\/product\/6627\/revisions"}],"predecessor-version":[{"id":7531,"href":"https:\/\/alehandrogroup.al\/en\/wp-json\/wp\/v2\/product\/6627\/revisions\/7531"}],"wp:featuredmedia":[{"embeddable":true,"href":"https:\/\/alehandrogroup.al\/en\/wp-json\/wp\/v2\/media\/7530"}],"wp:attachment":[{"href":"https:\/\/alehandrogroup.al\/en\/wp-json\/wp\/v2\/media?parent=6627"}],"wp:term":[{"taxonomy":"product_brand","embeddable":true,"href":"https:\/\/alehandrogroup.al\/en\/wp-json\/wp\/v2\/product_brand?post=6627"},{"taxonomy":"product_cat","embeddable":true,"href":"https:\/\/alehandrogroup.al\/en\/wp-json\/wp\/v2\/product_cat?post=6627"},{"taxonomy":"product_tag","embeddable":true,"href":"https:\/\/alehandrogroup.al\/en\/wp-json\/wp\/v2\/product_tag?post=6627"}],"curies":[{"name":"wp","href":"https:\/\/api.w.org\/{rel}","templated":true}]}}