{"id":6609,"date":"2025-03-14T10:01:21","date_gmt":"2025-03-14T10:01:21","guid":{"rendered":"https:\/\/alehandrogroup.al\/?post_type=product&#038;p=6609"},"modified":"2025-11-27T17:04:33","modified_gmt":"2025-11-27T17:04:33","slug":"chardonnay-riserva-elena-walch","status":"publish","type":"product","link":"https:\/\/alehandrogroup.al\/en\/product\/chardonnay-riserva-elena-walch\/","title":{"rendered":"CHARDONNAY RISERVA &#8211; ELENA WALCH"},"content":{"rendered":"<h3><strong><em>P\u00ebrshkrimi i Ver\u00ebs: CHARDONNAY RISERVA &#8211; ELENA WALCH<\/em><\/strong><\/h3>\n<p><em><strong>Detaje t\u00eb Prodhimit:<\/strong><\/em><\/p>\n<p data-start=\"48\" data-end=\"467\"><strong data-start=\"44\" data-end=\"66\">Chardonnay Riserva<\/strong> nga <strong data-start=\"71\" data-end=\"86\">Elena Walch<\/strong> \u00ebsht\u00eb nj\u00eb ver\u00eb e bardh\u00eb me trup t\u00eb plot\u00eb, elegante dhe me nj\u00eb karakter kompleks, e cila p\u00ebrfaq\u00ebson n\u00eb m\u00ebnyr\u00eb t\u00eb shk\u00eblqyer potencialin e madh t\u00eb Alto Adige p\u00ebr kultivimin e k\u00ebtij varieteti t\u00eb klasit bot\u00ebror. Me nj\u00eb proces vinifikimi t\u00eb kujdessh\u00ebm dhe nj\u00eb inve\u00e7kim t\u00eb rafinuar n\u00eb <strong data-start=\"365\" data-end=\"386\">fu\u00e7i lisi francez<\/strong>, kjo ver\u00eb shfaq nj\u00eb harmoni t\u00eb mrekullueshme midis aromave frutore, notave t\u00eb buta t\u00eb drurit dhe struktur\u00ebs s\u00eb balancuar.<\/p>\n<hr \/>\n<h3><strong><em>Karakteristikat<\/em><\/strong><\/h3>\n<ul>\n<li data-start=\"1762\" data-end=\"1816\">\n<p data-start=\"1563\" data-end=\"1673\"><strong data-start=\"1566\" data-end=\"1576\">Ngjyra<\/strong>: E art\u00eb e ndritshme, q\u00eb reflekton inve\u00e7kimin n\u00eb fu\u00e7i dhe intensitetin e ver\u00ebs.<\/p>\n<\/li>\n<li data-start=\"1762\" data-end=\"1816\">\n<p data-start=\"1563\" data-end=\"1673\"><strong data-start=\"1661\" data-end=\"1670\">Aroma<\/strong>: Nota t\u00eb pasura frutash si <strong data-start=\"1702\" data-end=\"1747\">molla e art\u00eb, dardha e pjekur dhe ananasi<\/strong>. Nuanca delikate t\u00eb <strong data-start=\"1772\" data-end=\"1792\">luleve t\u00eb bardha<\/strong> dhe agrumeve. Prekje t\u00eb buta t\u00eb <strong data-start=\"1829\" data-end=\"1874\">vaniljes, gjalpit dhe bajameve t\u00eb pjekura<\/strong>, fal\u00eb kontakteve me drurin.<\/p>\n<\/li>\n<li data-start=\"1762\" data-end=\"1816\">\n<p data-start=\"1563\" data-end=\"1673\"><strong data-start=\"1908\" data-end=\"1917\">Shija<\/strong>: <strong data-start=\"1923\" data-end=\"1955\">E fuqishme dhe e strukturuar<\/strong>, me nj\u00eb tekstur\u00eb kremoze fal\u00eb b\u00e2tonnage. <strong data-start=\"2001\" data-end=\"2025\">Aciditet i balancuar<\/strong>, q\u00eb i jep freski dhe nj\u00eb p\u00ebrfundim t\u00eb gjat\u00eb e elegant. <strong data-start=\"2085\" data-end=\"2109\">Finale e sofistikuar<\/strong>, me nota minerale dhe nj\u00eb ndjesi t\u00eb k\u00ebndshme t\u00eb drurit t\u00eb integruar n\u00eb m\u00ebnyr\u00eb perfekte.<\/p>\n<\/li>\n<\/ul>\n<hr \/>\n<h3><em><strong>Shoq\u00ebrime t\u00eb Sugjeruara<\/strong><\/em><\/h3>\n<p><em>Kombinohet n\u00eb m\u00ebnyr\u00eb t\u00eb shk\u00eblqyer me:<\/em><\/p>\n<ul>\n<li><strong>Pjata me baz\u00eb peshku dhe fruta deti<\/strong><\/li>\n<li><strong>Pasta<\/strong><\/li>\n<li><strong>Mishra t\u00eb Bardh\u00eb dhe Pjata Gourmet<\/strong><\/li>\n<li><strong>dhjathe i shtazonuar<\/strong><\/li>\n<\/ul>","protected":false},"excerpt":{"rendered":"<p>P\u00ebrshkrimi i Ver\u00ebs: CHARDONNAY RISERVA &#8211; ELENA WALCH Detaje t\u00eb Prodhimit: Chardonnay Riserva nga Elena Walch \u00ebsht\u00eb nj\u00eb ver\u00eb e bardh\u00eb me trup t\u00eb plot\u00eb, elegante dhe me nj\u00eb karakter kompleks, e cila p\u00ebrfaq\u00ebson n\u00eb m\u00ebnyr\u00eb t\u00eb shk\u00eblqyer potencialin e madh t\u00eb Alto Adige p\u00ebr kultivimin e k\u00ebtij varieteti t\u00eb klasit bot\u00ebror. Me nj\u00eb proces [&hellip;]<\/p>\n","protected":false},"featured_media":7706,"template":"","meta":[],"product_brand":[],"product_cat":[58,41],"product_tag":[],"class_list":{"0":"post-6609","1":"product","2":"type-product","3":"status-publish","4":"has-post-thumbnail","6":"product_cat-vere","7":"product_cat-vere-e-bardhe","9":"first","10":"instock","11":"shipping-taxable","12":"purchasable","13":"product-type-simple"},"_links":{"self":[{"href":"https:\/\/alehandrogroup.al\/en\/wp-json\/wp\/v2\/product\/6609","targetHints":{"allow":["GET"]}}],"collection":[{"href":"https:\/\/alehandrogroup.al\/en\/wp-json\/wp\/v2\/product"}],"about":[{"href":"https:\/\/alehandrogroup.al\/en\/wp-json\/wp\/v2\/types\/product"}],"version-history":[{"count":1,"href":"https:\/\/alehandrogroup.al\/en\/wp-json\/wp\/v2\/product\/6609\/revisions"}],"predecessor-version":[{"id":7707,"href":"https:\/\/alehandrogroup.al\/en\/wp-json\/wp\/v2\/product\/6609\/revisions\/7707"}],"wp:featuredmedia":[{"embeddable":true,"href":"https:\/\/alehandrogroup.al\/en\/wp-json\/wp\/v2\/media\/7706"}],"wp:attachment":[{"href":"https:\/\/alehandrogroup.al\/en\/wp-json\/wp\/v2\/media?parent=6609"}],"wp:term":[{"taxonomy":"product_brand","embeddable":true,"href":"https:\/\/alehandrogroup.al\/en\/wp-json\/wp\/v2\/product_brand?post=6609"},{"taxonomy":"product_cat","embeddable":true,"href":"https:\/\/alehandrogroup.al\/en\/wp-json\/wp\/v2\/product_cat?post=6609"},{"taxonomy":"product_tag","embeddable":true,"href":"https:\/\/alehandrogroup.al\/en\/wp-json\/wp\/v2\/product_tag?post=6609"}],"curies":[{"name":"wp","href":"https:\/\/api.w.org\/{rel}","templated":true}]}}