{"id":6606,"date":"2025-03-14T09:57:48","date_gmt":"2025-03-14T09:57:48","guid":{"rendered":"https:\/\/alehandrogroup.al\/?post_type=product&#038;p=6606"},"modified":"2025-11-22T11:16:01","modified_gmt":"2025-11-22T11:16:01","slug":"gewurztraminer-vigna-kastelaz-elena-walch","status":"publish","type":"product","link":"https:\/\/alehandrogroup.al\/en\/product\/gewurztraminer-vigna-kastelaz-elena-walch\/","title":{"rendered":"GEWURZTRAMINER VIGNA KASTELAZ &#8211; ELENA WALCH"},"content":{"rendered":"<h3><strong><em>P\u00ebrshkrimi i Ver\u00ebs: GEWURZTRAMINER VIGNA KASTELAZ &#8211; ELENA WALCH<\/em><\/strong><\/h3>\n<p><em><strong>Detaje t\u00eb Prodhimit:<\/strong><\/em><\/p>\n<p data-start=\"48\" data-end=\"467\"><strong data-start=\"55\" data-end=\"88\">Gew\u00fcrztraminer Vigna Kastelaz<\/strong> nga <strong data-start=\"93\" data-end=\"108\">Elena Walch<\/strong> \u00ebsht\u00eb nj\u00eb nd\u00ebr interpretimet m\u00eb t\u00eb rafinuara t\u00eb k\u00ebtij varieteti n\u00eb Itali. Kjo ver\u00eb vjen nga <strong data-start=\"201\" data-end=\"219\">Vigna Kastelaz<\/strong>, nj\u00eb vresht ekskluziv me ekspozim perfekt jugor mbi qytetin e Tramin-it, vendlindja e Gew\u00fcrztraminerit. Ky terroir unik, i kombinuar me mjesht\u00ebrin\u00eb e Elena Walch, krijon nj\u00eb Gew\u00fcrztraminer me intensitet t\u00eb pashembullt aromatik, eleganc\u00eb dhe kompleksitet q\u00eb zgjat me kalimin e koh\u00ebs. Gew\u00fcrztraminer Vigna Kastelaz nga <strong data-start=\"34\" data-end=\"49\">Elena Walch<\/strong> tashm\u00eb \u00ebsht\u00eb nj\u00eb ver\u00eb ikonike nga Alto Adige, por n\u00eb nj\u00eb version eksperimental dhe inovativ, kjo ver\u00eb mund t\u00eb p\u00ebrfitoj\u00eb nga nj\u00eb <strong data-start=\"178\" data-end=\"217\">inve\u00e7kim unik n\u00eb 2000 metra lart\u00ebsi<\/strong>.<\/p>\n<hr \/>\n<h3><strong><em>Karakteristikat<\/em><\/strong><\/h3>\n<ul>\n<li data-start=\"1762\" data-end=\"1816\">\n<p data-start=\"1534\" data-end=\"1670\"><strong data-start=\"1537\" data-end=\"1547\">Ngjyra<\/strong>: E art\u00eb e ndezur, me reflektime t\u00eb pasura q\u00eb tregojn\u00eb p\u00ebr p\u00ebrqendrimin dhe struktur\u00ebn e saj t\u00eb fuqishme.<\/p>\n<\/li>\n<li data-start=\"1762\" data-end=\"1816\">\n<p data-start=\"1534\" data-end=\"1670\"><strong data-start=\"1658\" data-end=\"1667\">Aroma<\/strong>: <strong data-start=\"1673\" data-end=\"1693\">Lulesh aromatike<\/strong> si tr\u00ebndafili, jasemini dhe livanda. <strong data-start=\"1735\" data-end=\"1753\">Fruta ekzotike<\/strong> si mango, litchi dhe pjeshk\u00eb e pjekur. <strong data-start=\"1797\" data-end=\"1815\">Er\u00ebza delikate<\/strong> si kanella, karafili dhe nj\u00eb prekje e xhenxhefilit q\u00eb shton kompleksitetin.<\/p>\n<\/li>\n<li data-start=\"1762\" data-end=\"1816\">\n<p data-start=\"1534\" data-end=\"1670\"><strong data-start=\"1897\" data-end=\"1906\">Shija<\/strong>: E <strong data-start=\"1914\" data-end=\"1941\">pasur dhe e strukturuar<\/strong>, me nj\u00eb trup t\u00eb plot\u00eb dhe nj\u00eb ndjesi kremoze n\u00eb goj\u00eb. <strong data-start=\"2000\" data-end=\"2024\">Aciditet i balancuar<\/strong>, q\u00eb ofron freski dhe harmoni me aromat e saj t\u00eb theksuara. <strong data-start=\"2088\" data-end=\"2119\">Finale e gjat\u00eb dhe elegante<\/strong>, ku notat e frutave dhe er\u00ebzave shfaqen s\u00ebrish n\u00eb nj\u00eb m\u00ebnyr\u00eb t\u00eb rafinuar dhe t\u00eb q\u00ebndrueshme.<\/p>\n<\/li>\n<\/ul>\n<hr \/>\n<h3><em><strong>Shoq\u00ebrime t\u00eb Sugjeruara<\/strong><\/em><\/h3>\n<p><em>Kombinohet n\u00eb m\u00ebnyr\u00eb t\u00eb shk\u00eblqyer me:<\/em><\/p>\n<ul>\n<li><strong>Pjata me baz\u00eb peshku dhe fruta deti<\/strong><\/li>\n<li><strong>Pasta<\/strong><\/li>\n<li><strong>Antipasta<\/strong><\/li>\n<li><strong>Djath\u00ebra t\u00eb fresk\u00ebt dhe t\u00eb but\u00eb<\/strong><\/li>\n<\/ul>","protected":false},"excerpt":{"rendered":"<p>P\u00ebrshkrimi i Ver\u00ebs: GEWURZTRAMINER VIGNA KASTELAZ &#8211; ELENA WALCH Detaje t\u00eb Prodhimit: Gew\u00fcrztraminer Vigna Kastelaz nga Elena Walch \u00ebsht\u00eb nj\u00eb nd\u00ebr interpretimet m\u00eb t\u00eb rafinuara t\u00eb k\u00ebtij varieteti n\u00eb Itali. Kjo ver\u00eb vjen nga Vigna Kastelaz, nj\u00eb vresht ekskluziv me ekspozim perfekt jugor mbi qytetin e Tramin-it, vendlindja e Gew\u00fcrztraminerit. Ky terroir unik, i kombinuar [&hellip;]<\/p>\n","protected":false},"featured_media":7592,"template":"","meta":[],"product_brand":[],"product_cat":[58,41],"product_tag":[],"class_list":{"0":"post-6606","1":"product","2":"type-product","3":"status-publish","4":"has-post-thumbnail","6":"product_cat-vere","7":"product_cat-vere-e-bardhe","9":"first","10":"instock","11":"shipping-taxable","12":"purchasable","13":"product-type-simple"},"_links":{"self":[{"href":"https:\/\/alehandrogroup.al\/en\/wp-json\/wp\/v2\/product\/6606","targetHints":{"allow":["GET"]}}],"collection":[{"href":"https:\/\/alehandrogroup.al\/en\/wp-json\/wp\/v2\/product"}],"about":[{"href":"https:\/\/alehandrogroup.al\/en\/wp-json\/wp\/v2\/types\/product"}],"version-history":[{"count":1,"href":"https:\/\/alehandrogroup.al\/en\/wp-json\/wp\/v2\/product\/6606\/revisions"}],"predecessor-version":[{"id":7593,"href":"https:\/\/alehandrogroup.al\/en\/wp-json\/wp\/v2\/product\/6606\/revisions\/7593"}],"wp:featuredmedia":[{"embeddable":true,"href":"https:\/\/alehandrogroup.al\/en\/wp-json\/wp\/v2\/media\/7592"}],"wp:attachment":[{"href":"https:\/\/alehandrogroup.al\/en\/wp-json\/wp\/v2\/media?parent=6606"}],"wp:term":[{"taxonomy":"product_brand","embeddable":true,"href":"https:\/\/alehandrogroup.al\/en\/wp-json\/wp\/v2\/product_brand?post=6606"},{"taxonomy":"product_cat","embeddable":true,"href":"https:\/\/alehandrogroup.al\/en\/wp-json\/wp\/v2\/product_cat?post=6606"},{"taxonomy":"product_tag","embeddable":true,"href":"https:\/\/alehandrogroup.al\/en\/wp-json\/wp\/v2\/product_tag?post=6606"}],"curies":[{"name":"wp","href":"https:\/\/api.w.org\/{rel}","templated":true}]}}