{"id":6587,"date":"2025-03-13T13:29:42","date_gmt":"2025-03-13T13:29:42","guid":{"rendered":"https:\/\/alehandrogroup.al\/?post_type=product&#038;p=6587"},"modified":"2025-12-26T11:42:35","modified_gmt":"2025-12-26T11:42:35","slug":"sauvignon-friuli-forchir","status":"publish","type":"product","link":"https:\/\/alehandrogroup.al\/en\/product\/sauvignon-friuli-forchir\/","title":{"rendered":"SAUVIGNON FRIULI &#8211; FORCHIR"},"content":{"rendered":"<h3><strong><em>P\u00ebrshkrimi i Ver\u00ebs: SAUVIGNON FRIULI &#8211; FORCHIR<\/em><\/strong><\/h3>\n<p><em><strong>Detaje t\u00eb Prodhimit:<\/strong><\/em><\/p>\n<p data-start=\"48\" data-end=\"467\"><strong data-start=\"36\" data-end=\"55\">Sauvignon<\/strong>\u00a0\u00ebsht\u00eb nj\u00eb varietet i njohur p\u00ebr karakterin e tij t\u00eb fresk\u00ebt, aromatik dhe shum\u00eb t\u00eb shprehsh\u00ebm. <strong data-start=\"151\" data-end=\"162\">Forchir<\/strong>, nj\u00eb kantin\u00eb e njohur nga <strong data-start=\"189\" data-end=\"214\">Friuli Venezia Giulia<\/strong>, ka krijuar nj\u00eb ver\u00eb t\u00eb shk\u00eblqyer <strong data-start=\"249\" data-end=\"268\">Sauvignon <\/strong>, e cila pasqyron perfekt kushtet e rajonit t\u00eb Friulit dhe karakteristikat e ve\u00e7anta t\u00eb k\u00ebtij varieteti. Kjo ver\u00eb \u00ebsht\u00eb ideale p\u00ebr ata q\u00eb k\u00ebrkojn\u00eb nj\u00eb shije t\u00eb fresk\u00ebt, aromatike dhe t\u00eb k\u00ebndshme, me nj\u00eb ekuilib\u00ebr t\u00eb shk\u00eblqyer midis aciditetit dhe pasuris\u00eb aromatike.<\/p>\n<hr \/>\n<h3><strong><em>Karakteristikat<\/em><\/strong><\/h3>\n<ul>\n<li data-start=\"1762\" data-end=\"1816\"><strong data-start=\"1662\" data-end=\"1672\">Ngjyra<\/strong>: E verdh\u00eb e leht\u00eb me nuanca t\u00eb art\u00eb, q\u00eb pasqyrojn\u00eb freskin\u00eb dhe pasurin\u00eb e ver\u00ebs.<\/li>\n<li data-start=\"1762\" data-end=\"1816\"><strong data-start=\"1760\" data-end=\"1769\">Aroma<\/strong>: Arom\u00eb e pasur dhe e fresk\u00ebt, me <strong data-start=\"1803\" data-end=\"1883\">nota t\u00eb agrumeve si limon dhe grejpfrut, fruta tropikale si mango dhe ananas<\/strong>, dhe nuanca t\u00eb buta t\u00eb barit t\u00eb fresk\u00ebt dhe shkurreve, q\u00eb japin ver\u00ebs nj\u00eb kompleksitet t\u00eb k\u00ebndsh\u00ebm.<\/li>\n<li data-start=\"1762\" data-end=\"1816\"><strong data-start=\"1989\" data-end=\"1998\">Shija<\/strong>: E fresk\u00ebt dhe e balancuar, me aciditet t\u00eb lart\u00eb dhe trup t\u00eb mes\u00ebm. Shija \u00ebsht\u00eb e k\u00ebndshme, me nota t\u00eb agrumeve dhe fruta tropikale, dhe nj\u00eb fund t\u00eb pasur q\u00eb l\u00eb nj\u00eb ndjesi freskie n\u00eb goj\u00eb.<\/li>\n<\/ul>\n<hr \/>\n<h3><em><strong>Shoq\u00ebrime t\u00eb Sugjeruara<\/strong><\/em><\/h3>\n<p><em>Kombinohet n\u00eb m\u00ebnyr\u00eb t\u00eb shk\u00eblqyer me:<\/em><\/p>\n<ul>\n<li><strong>Pjata me baz\u00eb peshku dhe fruta deti<\/strong><\/li>\n<li><strong>Pasta<\/strong><\/li>\n<li><strong>Antipasta<\/strong><\/li>\n<li><strong>Djath\u00ebra t\u00eb fresk\u00ebt dhe t\u00eb but\u00eb<\/strong><\/li>\n<\/ul>","protected":false},"excerpt":{"rendered":"<p>P\u00ebrshkrimi i Ver\u00ebs: SAUVIGNON FRIULI &#8211; FORCHIR Detaje t\u00eb Prodhimit: Sauvignon\u00a0\u00ebsht\u00eb nj\u00eb varietet i njohur p\u00ebr karakterin e tij t\u00eb fresk\u00ebt, aromatik dhe shum\u00eb t\u00eb shprehsh\u00ebm. Forchir, nj\u00eb kantin\u00eb e njohur nga Friuli Venezia Giulia, ka krijuar nj\u00eb ver\u00eb t\u00eb shk\u00eblqyer Sauvignon , e cila pasqyron perfekt kushtet e rajonit t\u00eb Friulit dhe karakteristikat e [&hellip;]<\/p>\n","protected":false},"featured_media":8003,"template":"","meta":[],"product_brand":[],"product_cat":[58,41],"product_tag":[],"class_list":{"0":"post-6587","1":"product","2":"type-product","3":"status-publish","4":"has-post-thumbnail","6":"product_cat-vere","7":"product_cat-vere-e-bardhe","9":"first","10":"instock","11":"shipping-taxable","12":"purchasable","13":"product-type-simple"},"_links":{"self":[{"href":"https:\/\/alehandrogroup.al\/en\/wp-json\/wp\/v2\/product\/6587","targetHints":{"allow":["GET"]}}],"collection":[{"href":"https:\/\/alehandrogroup.al\/en\/wp-json\/wp\/v2\/product"}],"about":[{"href":"https:\/\/alehandrogroup.al\/en\/wp-json\/wp\/v2\/types\/product"}],"version-history":[{"count":1,"href":"https:\/\/alehandrogroup.al\/en\/wp-json\/wp\/v2\/product\/6587\/revisions"}],"predecessor-version":[{"id":8004,"href":"https:\/\/alehandrogroup.al\/en\/wp-json\/wp\/v2\/product\/6587\/revisions\/8004"}],"wp:featuredmedia":[{"embeddable":true,"href":"https:\/\/alehandrogroup.al\/en\/wp-json\/wp\/v2\/media\/8003"}],"wp:attachment":[{"href":"https:\/\/alehandrogroup.al\/en\/wp-json\/wp\/v2\/media?parent=6587"}],"wp:term":[{"taxonomy":"product_brand","embeddable":true,"href":"https:\/\/alehandrogroup.al\/en\/wp-json\/wp\/v2\/product_brand?post=6587"},{"taxonomy":"product_cat","embeddable":true,"href":"https:\/\/alehandrogroup.al\/en\/wp-json\/wp\/v2\/product_cat?post=6587"},{"taxonomy":"product_tag","embeddable":true,"href":"https:\/\/alehandrogroup.al\/en\/wp-json\/wp\/v2\/product_tag?post=6587"}],"curies":[{"name":"wp","href":"https:\/\/api.w.org\/{rel}","templated":true}]}}