{"id":6585,"date":"2025-03-13T13:27:36","date_gmt":"2025-03-13T13:27:36","guid":{"rendered":"https:\/\/alehandrogroup.al\/?post_type=product&#038;p=6585"},"modified":"2025-12-26T12:34:03","modified_gmt":"2025-12-26T12:34:03","slug":"traminer-aromatico-forchir","status":"publish","type":"product","link":"https:\/\/alehandrogroup.al\/en\/product\/traminer-aromatico-forchir\/","title":{"rendered":"TRAMINER AROMATICO &#8211; FORCHIR"},"content":{"rendered":"<h3><strong><em>P\u00ebrshkrimi i Ver\u00ebs: TRAMINER AROMATICO &#8211; FORCHIR<\/em><\/strong><\/h3>\n<p><em><strong>Detaje t\u00eb Prodhimit:<\/strong><\/em><\/p>\n<p data-start=\"48\" data-end=\"467\"><strong data-start=\"38\" data-end=\"60\">Traminer Aromatico<\/strong> \u00ebsht\u00eb nj\u00eb varietet i ve\u00e7ant\u00eb dhe aromatik, i njohur p\u00ebr profili i tij i pasur dhe shprehjen unike t\u00eb aromave t\u00eb luleve dhe frutave. <strong data-start=\"193\" data-end=\"204\">Forchir<\/strong>, nj\u00eb kantin\u00eb prestigjioze nga <strong data-start=\"235\" data-end=\"260\">Friuli Venezia Giulia<\/strong>, ka krijuar nj\u00eb version t\u00eb shk\u00eblqyer t\u00eb k\u00ebtij varieteti, duke e pasuruar me karakterin e rajonit dhe duke ruajtur freskin\u00eb dhe kompleksitetin e natyrsh\u00ebm t\u00eb <strong data-start=\"418\" data-end=\"440\">Traminer Aromatico<\/strong>.<\/p>\n<hr \/>\n<h3><strong><em>Karakteristikat<\/em><\/strong><\/h3>\n<ul>\n<li data-start=\"1762\" data-end=\"1816\"><strong data-start=\"1526\" data-end=\"1536\">Ngjyra<\/strong>: E verdh\u00eb me nuanca t\u00eb art\u00eb dhe t\u00eb ngroht\u00eb, q\u00eb pasqyrojn\u00eb pasurin\u00eb dhe thell\u00ebsin\u00eb e ver\u00ebs.<\/li>\n<li data-start=\"1762\" data-end=\"1816\"><strong data-start=\"1633\" data-end=\"1642\">Aroma<\/strong>: Arom\u00eb shum\u00eb e pasur dhe e nd\u00ebrlikuar, me <strong data-start=\"1685\" data-end=\"1767\">nota t\u00eb tr\u00ebndafilave, mjaltit, agrumeve dhe fruta tropikale si pesha dhe manga<\/strong>, q\u00eb shfaqin pasurin\u00eb dhe karakterin e ve\u00e7ant\u00eb t\u00eb varietetit. Ndjesi t\u00eb buta t\u00eb er\u00ebzave dhe mjaltit i japin nj\u00eb kompleksitet t\u00eb ve\u00e7ant\u00eb.<\/li>\n<li data-start=\"1762\" data-end=\"1816\"><strong data-start=\"1909\" data-end=\"1918\">Shija<\/strong>: E pasur dhe aromatike, me trup t\u00eb mes\u00ebm dhe aciditet t\u00eb balancuar, q\u00eb ofron shije t\u00eb fresk\u00ebt dhe t\u00eb pasur. Pas shijes, ndjehen nuanca t\u00eb tr\u00ebndafilave dhe agrumeve, duke l\u00ebn\u00eb nj\u00eb fund t\u00eb k\u00ebndsh\u00ebm dhe elegant.<\/li>\n<\/ul>\n<hr \/>\n<h3><em><strong>Shoq\u00ebrime t\u00eb Sugjeruara<\/strong><\/em><\/h3>\n<p><em>Kombinohet n\u00eb m\u00ebnyr\u00eb t\u00eb shk\u00eblqyer me:<\/em><\/p>\n<ul>\n<li><strong>Pjata me baz\u00eb peshku dhe fruta deti<\/strong><\/li>\n<li><strong>Pasta<\/strong><\/li>\n<li><strong>Djath\u00ebra t\u00eb fresk\u00ebt dhe t\u00eb but\u00eb<\/strong><\/li>\n<\/ul>","protected":false},"excerpt":{"rendered":"<p>P\u00ebrshkrimi i Ver\u00ebs: TRAMINER AROMATICO &#8211; FORCHIR Detaje t\u00eb Prodhimit: Traminer Aromatico \u00ebsht\u00eb nj\u00eb varietet i ve\u00e7ant\u00eb dhe aromatik, i njohur p\u00ebr profili i tij i pasur dhe shprehjen unike t\u00eb aromave t\u00eb luleve dhe frutave. Forchir, nj\u00eb kantin\u00eb prestigjioze nga Friuli Venezia Giulia, ka krijuar nj\u00eb version t\u00eb shk\u00eblqyer t\u00eb k\u00ebtij varieteti, duke e [&hellip;]<\/p>\n","protected":false},"featured_media":8038,"template":"","meta":[],"product_brand":[],"product_cat":[58,41],"product_tag":[],"class_list":{"0":"post-6585","1":"product","2":"type-product","3":"status-publish","4":"has-post-thumbnail","6":"product_cat-vere","7":"product_cat-vere-e-bardhe","9":"first","10":"instock","11":"shipping-taxable","12":"purchasable","13":"product-type-simple"},"_links":{"self":[{"href":"https:\/\/alehandrogroup.al\/en\/wp-json\/wp\/v2\/product\/6585","targetHints":{"allow":["GET"]}}],"collection":[{"href":"https:\/\/alehandrogroup.al\/en\/wp-json\/wp\/v2\/product"}],"about":[{"href":"https:\/\/alehandrogroup.al\/en\/wp-json\/wp\/v2\/types\/product"}],"version-history":[{"count":1,"href":"https:\/\/alehandrogroup.al\/en\/wp-json\/wp\/v2\/product\/6585\/revisions"}],"predecessor-version":[{"id":8039,"href":"https:\/\/alehandrogroup.al\/en\/wp-json\/wp\/v2\/product\/6585\/revisions\/8039"}],"wp:featuredmedia":[{"embeddable":true,"href":"https:\/\/alehandrogroup.al\/en\/wp-json\/wp\/v2\/media\/8038"}],"wp:attachment":[{"href":"https:\/\/alehandrogroup.al\/en\/wp-json\/wp\/v2\/media?parent=6585"}],"wp:term":[{"taxonomy":"product_brand","embeddable":true,"href":"https:\/\/alehandrogroup.al\/en\/wp-json\/wp\/v2\/product_brand?post=6585"},{"taxonomy":"product_cat","embeddable":true,"href":"https:\/\/alehandrogroup.al\/en\/wp-json\/wp\/v2\/product_cat?post=6585"},{"taxonomy":"product_tag","embeddable":true,"href":"https:\/\/alehandrogroup.al\/en\/wp-json\/wp\/v2\/product_tag?post=6585"}],"curies":[{"name":"wp","href":"https:\/\/api.w.org\/{rel}","templated":true}]}}