{"id":6581,"date":"2025-03-13T13:22:46","date_gmt":"2025-03-13T13:22:46","guid":{"rendered":"https:\/\/alehandrogroup.al\/?post_type=product&#038;p=6581"},"modified":"2025-11-22T10:12:27","modified_gmt":"2025-11-22T10:12:27","slug":"chardonnay-forchir","status":"publish","type":"product","link":"https:\/\/alehandrogroup.al\/en\/product\/chardonnay-forchir\/","title":{"rendered":"CHARDONNAY &#8211; FORCHIR"},"content":{"rendered":"<h3><strong><em>P\u00ebrshkrimi i Ver\u00ebs: CHARDONNAY &#8211; FORCHIR<\/em><\/strong><\/h3>\n<p><em><strong>Detaje t\u00eb Prodhimit:<\/strong><\/em><\/p>\n<p data-start=\"48\" data-end=\"467\"><strong data-start=\"30\" data-end=\"44\">Chardonnay<\/strong> \u00ebsht\u00eb nj\u00eb prej ver\u00ebrave m\u00eb t\u00eb njohura dhe t\u00eb shum\u00ebp\u00eblqyera n\u00eb bot\u00eb, dhe <strong data-start=\"117\" data-end=\"128\">Forchir<\/strong>, nj\u00eb kantin\u00eb e famshme nga <strong data-start=\"156\" data-end=\"181\">Friuli Venezia Giulia<\/strong>, ka krijuar nj\u00eb version t\u00eb jasht\u00ebzakonsh\u00ebm t\u00eb k\u00ebtij varieteti t\u00eb shijsh\u00ebm. Ver\u00eb me nj\u00eb histori t\u00eb gjat\u00eb, <strong data-start=\"287\" data-end=\"301\">Chardonnay<\/strong> ka aft\u00ebsin\u00eb t\u00eb shprehet ndryshe n\u00eb \u00e7do terroir, dhe <strong data-start=\"354\" data-end=\"365\">Forchir<\/strong> ka arritur t\u00eb krijoj\u00eb nj\u00eb ver\u00eb q\u00eb pasqyron karakterin e rajonit, duke ofruar nj\u00eb balanc\u00eb t\u00eb shk\u00eblqyer midis freskis\u00eb dhe kompleksitetit.<\/p>\n<hr \/>\n<h3><strong><em>Karakteristikat<\/em><\/strong><\/h3>\n<ul>\n<li data-start=\"1762\" data-end=\"1816\"><strong data-start=\"1698\" data-end=\"1708\">Ngjyra<\/strong>: E verdh\u00eb me nuanca t\u00eb art\u00eb dhe t\u00eb verdh\u00eb t\u00eb hapura, q\u00eb pasqyrojn\u00eb freskin\u00eb dhe pasurin\u00eb e ver\u00ebs.<\/li>\n<li data-start=\"1762\" data-end=\"1816\"><strong data-start=\"1812\" data-end=\"1821\">Aroma<\/strong>: Arom\u00eb e pasur, me <strong data-start=\"1841\" data-end=\"1924\">nota t\u00eb agrumeve (limon dhe portokall), fruta t\u00eb fresk\u00ebta si dardha dhe pjeshka<\/strong>, t\u00eb shoq\u00ebruara me <strong data-start=\"1943\" data-end=\"2008\">nuanca t\u00eb mjalt\u00eb, tr\u00ebndafila dhe nj\u00eb prekje t\u00eb but\u00eb t\u00eb drurit<\/strong>.<\/li>\n<li data-start=\"1762\" data-end=\"1816\"><strong data-start=\"2015\" data-end=\"2024\">Shija<\/strong>: E fresk\u00ebt dhe e but\u00eb, me aciditet t\u00eb balancuar dhe nj\u00eb trup t\u00eb mes\u00ebm. Ndjesia n\u00eb goj\u00eb \u00ebsht\u00eb e pasur dhe e k\u00ebndshme, me <strong data-start=\"2145\" data-end=\"2218\">nuanca t\u00eb frutave t\u00eb fresk\u00ebta dhe nj\u00eb fund t\u00eb but\u00eb q\u00eb vazhdon n\u00eb goj\u00eb<\/strong>, duke ofruar nj\u00eb p\u00ebrvoj\u00eb t\u00eb mrekullueshme dhe t\u00eb q\u00ebndrueshme.<\/li>\n<\/ul>\n<hr \/>\n<h3><em><strong>Shoq\u00ebrime t\u00eb Sugjeruara<\/strong><\/em><\/h3>\n<p><em>Kombinohet n\u00eb m\u00ebnyr\u00eb t\u00eb shk\u00eblqyer me:<\/em><\/p>\n<ul>\n<li><strong>Pjata me baz\u00eb peshku dhe fruta deti<\/strong><\/li>\n<li><strong>Pasta<\/strong><\/li>\n<li><strong>Djath\u00ebra t\u00eb fresk\u00ebt dhe t\u00eb but\u00eb<\/strong><\/li>\n<\/ul>","protected":false},"excerpt":{"rendered":"<p>P\u00ebrshkrimi i Ver\u00ebs: CHARDONNAY &#8211; FORCHIR Detaje t\u00eb Prodhimit: Chardonnay \u00ebsht\u00eb nj\u00eb prej ver\u00ebrave m\u00eb t\u00eb njohura dhe t\u00eb shum\u00ebp\u00eblqyera n\u00eb bot\u00eb, dhe Forchir, nj\u00eb kantin\u00eb e famshme nga Friuli Venezia Giulia, ka krijuar nj\u00eb version t\u00eb jasht\u00ebzakonsh\u00ebm t\u00eb k\u00ebtij varieteti t\u00eb shijsh\u00ebm. Ver\u00eb me nj\u00eb histori t\u00eb gjat\u00eb, Chardonnay ka aft\u00ebsin\u00eb t\u00eb shprehet ndryshe [&hellip;]<\/p>\n","protected":false},"featured_media":7551,"template":"","meta":[],"product_brand":[],"product_cat":[58,41],"product_tag":[],"class_list":{"0":"post-6581","1":"product","2":"type-product","3":"status-publish","4":"has-post-thumbnail","6":"product_cat-vere","7":"product_cat-vere-e-bardhe","9":"first","10":"instock","11":"shipping-taxable","12":"purchasable","13":"product-type-simple"},"_links":{"self":[{"href":"https:\/\/alehandrogroup.al\/en\/wp-json\/wp\/v2\/product\/6581","targetHints":{"allow":["GET"]}}],"collection":[{"href":"https:\/\/alehandrogroup.al\/en\/wp-json\/wp\/v2\/product"}],"about":[{"href":"https:\/\/alehandrogroup.al\/en\/wp-json\/wp\/v2\/types\/product"}],"version-history":[{"count":1,"href":"https:\/\/alehandrogroup.al\/en\/wp-json\/wp\/v2\/product\/6581\/revisions"}],"predecessor-version":[{"id":7552,"href":"https:\/\/alehandrogroup.al\/en\/wp-json\/wp\/v2\/product\/6581\/revisions\/7552"}],"wp:featuredmedia":[{"embeddable":true,"href":"https:\/\/alehandrogroup.al\/en\/wp-json\/wp\/v2\/media\/7551"}],"wp:attachment":[{"href":"https:\/\/alehandrogroup.al\/en\/wp-json\/wp\/v2\/media?parent=6581"}],"wp:term":[{"taxonomy":"product_brand","embeddable":true,"href":"https:\/\/alehandrogroup.al\/en\/wp-json\/wp\/v2\/product_brand?post=6581"},{"taxonomy":"product_cat","embeddable":true,"href":"https:\/\/alehandrogroup.al\/en\/wp-json\/wp\/v2\/product_cat?post=6581"},{"taxonomy":"product_tag","embeddable":true,"href":"https:\/\/alehandrogroup.al\/en\/wp-json\/wp\/v2\/product_tag?post=6581"}],"curies":[{"name":"wp","href":"https:\/\/api.w.org\/{rel}","templated":true}]}}