{"id":6579,"date":"2025-03-13T13:19:59","date_gmt":"2025-03-13T13:19:59","guid":{"rendered":"https:\/\/alehandrogroup.al\/?post_type=product&#038;p=6579"},"modified":"2025-11-22T12:14:13","modified_gmt":"2025-11-22T12:14:13","slug":"pinot-nero-forchir","status":"publish","type":"product","link":"https:\/\/alehandrogroup.al\/en\/product\/pinot-nero-forchir\/","title":{"rendered":"PINOT NERO &#8211; FORCHIR"},"content":{"rendered":"<h3><strong><em>P\u00ebrshkrimi i Ver\u00ebs: PINOT NERO &#8211; FORCHIR<\/em><\/strong><\/h3>\n<p><em><strong>Detaje t\u00eb Prodhimit:<\/strong><\/em><\/p>\n<p data-start=\"48\" data-end=\"467\"><strong data-start=\"30\" data-end=\"44\">Pinot Nero<\/strong>, nj\u00eb varietet i njohur dhe shum\u00eb i vler\u00ebsuar, \u00ebsht\u00eb nj\u00eb prej ver\u00ebrave m\u00eb t\u00eb shijshme dhe delikate q\u00eb prodhohen nga <strong data-start=\"160\" data-end=\"171\">Forchir<\/strong>, nj\u00eb kantin\u00eb prestigjioze nga <strong data-start=\"202\" data-end=\"227\">Friuli Venezia Giulia<\/strong>, nj\u00eb rajon i njohur p\u00ebr ver\u00ebrat e tij t\u00eb pasura dhe t\u00eb rafinuara. <strong data-start=\"294\" data-end=\"308\">Pinot Nero<\/strong> \u00ebsht\u00eb i njohur p\u00ebr aft\u00ebsin\u00eb e tij p\u00ebr t\u00eb shprehur n\u00eb m\u00ebnyr\u00eb t\u00eb ve\u00e7ant\u00eb karakteristikat e terroirit, duke krijuar nj\u00eb ver\u00eb t\u00eb balancuar dhe komplekse. Ver\u00eb t\u00eb cil\u00ebn <strong data-start=\"473\" data-end=\"484\">Forchir<\/strong> e prodhon me pasion dhe p\u00ebrkushtim p\u00ebr t\u00eb ruajtur thjesht\u00ebsin\u00eb dhe eleganc\u00ebn e k\u00ebtij varieteti t\u00eb holl\u00eb.<\/p>\n<hr \/>\n<h3><strong><em>Karakteristikat<\/em><\/strong><\/h3>\n<ul>\n<li data-start=\"1762\" data-end=\"1816\"><strong data-start=\"1694\" data-end=\"1704\">Ngjyra<\/strong>: E kuqe e leht\u00eb, me nuanca t\u00eb qelqta dhe t\u00eb purpurta q\u00eb tregon p\u00ebr freskin\u00eb dhe kompleksitetin e ver\u00ebs.<\/li>\n<li data-start=\"1762\" data-end=\"1816\"><strong data-start=\"1814\" data-end=\"1823\">Aroma<\/strong>: Arom\u00eb e rafinuar dhe e pasur, me <strong data-start=\"1858\" data-end=\"1897\">nota t\u00eb frutave t\u00eb kuqe t\u00eb fresk\u00ebta<\/strong> si qershi dhe pjeshk\u00eb, t\u00eb shoq\u00ebruara me <strong data-start=\"1938\" data-end=\"2019\">nuanca florale t\u00eb luleve t\u00eb bukura dhe ndjesi t\u00eb lehta t\u00eb drurit dhe vaniljes<\/strong>, t\u00eb cilat pasurohen me er\u00ebza t\u00eb buta dhe freski.<\/li>\n<li data-start=\"1762\" data-end=\"1816\"><strong data-start=\"2074\" data-end=\"2083\">Shija<\/strong>: E but\u00eb dhe e rafinuar, me nj\u00eb trup t\u00eb mes\u00ebm, t\u00eb balancuar dhe nj\u00eb aciditet t\u00eb shk\u00eblqyer q\u00eb i jep nj\u00eb shije t\u00eb fresk\u00ebt dhe t\u00eb pasur, me <strong data-start=\"2220\" data-end=\"2302\">nuanca t\u00eb frutave t\u00eb kuqe dhe nj\u00eb fund t\u00eb k\u00ebndsh\u00ebm, elegant dhe t\u00eb q\u00ebndruesh\u00ebm<\/strong>.<\/li>\n<\/ul>\n<hr \/>\n<h3><em><strong>Shoq\u00ebrime t\u00eb Sugjeruara<\/strong><\/em><\/h3>\n<p><em>Kombinohet n\u00eb m\u00ebnyr\u00eb t\u00eb shk\u00eblqyer me:<\/em><\/p>\n<ul>\n<li><strong>Pjata me baz\u00eb peshku dhe fruta deti<\/strong><\/li>\n<li><strong>Pasta<\/strong><\/li>\n<li><strong>Djath\u00ebra t\u00eb fresk\u00ebt dhe t\u00eb but\u00eb<\/strong><\/li>\n<\/ul>","protected":false},"excerpt":{"rendered":"<p>P\u00ebrshkrimi i Ver\u00ebs: PINOT NERO &#8211; FORCHIR Detaje t\u00eb Prodhimit: Pinot Nero, nj\u00eb varietet i njohur dhe shum\u00eb i vler\u00ebsuar, \u00ebsht\u00eb nj\u00eb prej ver\u00ebrave m\u00eb t\u00eb shijshme dhe delikate q\u00eb prodhohen nga Forchir, nj\u00eb kantin\u00eb prestigjioze nga Friuli Venezia Giulia, nj\u00eb rajon i njohur p\u00ebr ver\u00ebrat e tij t\u00eb pasura dhe t\u00eb rafinuara. Pinot Nero [&hellip;]<\/p>\n","protected":false},"featured_media":7631,"template":"","meta":[],"product_brand":[],"product_cat":[58,46],"product_tag":[],"class_list":{"0":"post-6579","1":"product","2":"type-product","3":"status-publish","4":"has-post-thumbnail","6":"product_cat-vere","7":"product_cat-vere-e-kuqe","9":"first","10":"instock","11":"shipping-taxable","12":"purchasable","13":"product-type-simple"},"_links":{"self":[{"href":"https:\/\/alehandrogroup.al\/en\/wp-json\/wp\/v2\/product\/6579","targetHints":{"allow":["GET"]}}],"collection":[{"href":"https:\/\/alehandrogroup.al\/en\/wp-json\/wp\/v2\/product"}],"about":[{"href":"https:\/\/alehandrogroup.al\/en\/wp-json\/wp\/v2\/types\/product"}],"version-history":[{"count":1,"href":"https:\/\/alehandrogroup.al\/en\/wp-json\/wp\/v2\/product\/6579\/revisions"}],"predecessor-version":[{"id":7632,"href":"https:\/\/alehandrogroup.al\/en\/wp-json\/wp\/v2\/product\/6579\/revisions\/7632"}],"wp:featuredmedia":[{"embeddable":true,"href":"https:\/\/alehandrogroup.al\/en\/wp-json\/wp\/v2\/media\/7631"}],"wp:attachment":[{"href":"https:\/\/alehandrogroup.al\/en\/wp-json\/wp\/v2\/media?parent=6579"}],"wp:term":[{"taxonomy":"product_brand","embeddable":true,"href":"https:\/\/alehandrogroup.al\/en\/wp-json\/wp\/v2\/product_brand?post=6579"},{"taxonomy":"product_cat","embeddable":true,"href":"https:\/\/alehandrogroup.al\/en\/wp-json\/wp\/v2\/product_cat?post=6579"},{"taxonomy":"product_tag","embeddable":true,"href":"https:\/\/alehandrogroup.al\/en\/wp-json\/wp\/v2\/product_tag?post=6579"}],"curies":[{"name":"wp","href":"https:\/\/api.w.org\/{rel}","templated":true}]}}