{"id":6577,"date":"2025-03-13T13:08:39","date_gmt":"2025-03-13T13:08:39","guid":{"rendered":"https:\/\/alehandrogroup.al\/?post_type=product&#038;p=6577"},"modified":"2025-12-24T10:44:50","modified_gmt":"2025-12-24T10:44:50","slug":"primitivo-di-manduria-vanita-fantini","status":"publish","type":"product","link":"https:\/\/alehandrogroup.al\/en\/product\/primitivo-di-manduria-vanita-fantini\/","title":{"rendered":"PRIMITIVO DI MANDURIA VANITA &#8211; FANTINI"},"content":{"rendered":"<h3><strong><em>P\u00ebrshkrimi i Ver\u00ebs: PRIMITIVO DI MANDURIA VANITA &#8211; FANTINI<\/em><\/strong><\/h3>\n<p><em><strong>Detaje t\u00eb Prodhimit:<\/strong><\/em><\/p>\n<p data-start=\"48\" data-end=\"467\"><strong data-start=\"48\" data-end=\"80\">Primitivo di Manduria Vanit\u00e0<\/strong> \u00ebsht\u00eb nj\u00eb ver\u00eb e jasht\u00ebzakonshme nga <strong data-start=\"118\" data-end=\"129\">Fantini<\/strong>, nj\u00eb kantin\u00eb e njohur q\u00eb ndodhet n\u00eb jug t\u00eb Italis\u00eb, n\u00eb <strong data-start=\"185\" data-end=\"195\">Puglia<\/strong>, nj\u00eb nga rajonet m\u00eb t\u00eb njohura p\u00ebr prodhimin e ver\u00ebrave t\u00eb cil\u00ebsis\u00eb s\u00eb lart\u00eb. <strong data-start=\"274\" data-end=\"299\">Primitivo di Manduria<\/strong> \u00ebsht\u00eb nj\u00eb varietet i njohur dhe shum\u00eb i vler\u00ebsuar, q\u00eb ka nj\u00eb histori t\u00eb pasur dhe \u00ebsht\u00eb nj\u00eb nga emrat m\u00eb t\u00eb njohur n\u00eb bot\u00ebn e ver\u00ebrave t\u00eb bardha dhe t\u00eb kuqe italiane. <strong data-start=\"469\" data-end=\"479\">Vanit\u00e0<\/strong> \u00ebsht\u00eb nj\u00eb interpretim premium i <strong data-start=\"512\" data-end=\"537\">Primitivo di Manduria<\/strong>, duke ofruar nj\u00eb shije t\u00eb pasur, komplekse dhe t\u00eb fuqishme, q\u00eb tregon karakterin e fort\u00eb t\u00eb k\u00ebtij varieteti dhe terroirit t\u00eb Puglia-s.<\/p>\n<hr \/>\n<h3><strong><em>Karakteristikat<\/em><\/strong><\/h3>\n<ul>\n<li data-start=\"1762\" data-end=\"1816\"><strong data-start=\"1742\" data-end=\"1752\">Ngjyra<\/strong>: E kuqe e thell\u00eb dhe e pasur, me nuanca t\u00eb purpura dhe t\u00eb kuqe t\u00eb theksuara, q\u00eb reflektojn\u00eb maturimin e thell\u00eb dhe kompleksitetin e ver\u00ebs.<\/li>\n<li data-start=\"1762\" data-end=\"1816\"><strong data-start=\"1897\" data-end=\"1906\">Aroma<\/strong>: Arom\u00eb e pasur dhe shum\u00ebdimensional, me nota t\u00eb <strong data-start=\"1955\" data-end=\"2019\">dardh\u00ebs t\u00eb pjekur, qershive t\u00eb err\u00ebta, boronic\u00ebs dhe mjaltit<\/strong>, t\u00eb shoq\u00ebruara me nuanca t\u00eb <strong data-start=\"2048\" data-end=\"2091\">kafeje, kakao, dhe er\u00ebzash t\u00eb theksuara<\/strong>, si dhe nj\u00eb prekje t\u00eb drurit t\u00eb pjekur q\u00eb shton thell\u00ebsi dhe intensitet.<\/li>\n<li data-start=\"1762\" data-end=\"1816\"><strong data-start=\"2170\" data-end=\"2179\">Shija<\/strong>: E pasur dhe me trup t\u00eb fort\u00eb, me nj\u00eb aciditet t\u00eb balancuar dhe nj\u00eb fund t\u00eb q\u00ebndruesh\u00ebm. E mbushur me <strong data-start=\"2282\" data-end=\"2386\">shije t\u00eb frutave t\u00eb kuqe t\u00eb err\u00ebta dhe t\u00eb ngrohta, t\u00eb bashkuara me nota t\u00eb drurit dhe specave t\u00eb kuq<\/strong>, duke i dh\u00ebn\u00eb asaj nj\u00eb shije t\u00eb thell\u00eb dhe t\u00eb pasur, t\u00eb cilat zgjasin gjat\u00eb n\u00eb goj<\/li>\n<\/ul>\n<hr \/>\n<h3><em><strong>Shoq\u00ebrime t\u00eb Sugjeruara<\/strong><\/em><\/h3>\n<p><em>Kombinohet n\u00eb m\u00ebnyr\u00eb t\u00eb shk\u00eblqyer me:<\/em><\/p>\n<ul>\n<li><strong>Pjata me mish t\u00eb kuq dhe t\u00eb pjekura<\/strong><\/li>\n<li><strong>Pasta<\/strong><\/li>\n<li><strong>Djath\u00eb i Stazhonuar<\/strong><\/li>\n<\/ul>","protected":false},"excerpt":{"rendered":"<p>P\u00ebrshkrimi i Ver\u00ebs: PRIMITIVO DI MANDURIA VANITA &#8211; FANTINI Detaje t\u00eb Prodhimit: Primitivo di Manduria Vanit\u00e0 \u00ebsht\u00eb nj\u00eb ver\u00eb e jasht\u00ebzakonshme nga Fantini, nj\u00eb kantin\u00eb e njohur q\u00eb ndodhet n\u00eb jug t\u00eb Italis\u00eb, n\u00eb Puglia, nj\u00eb nga rajonet m\u00eb t\u00eb njohura p\u00ebr prodhimin e ver\u00ebrave t\u00eb cil\u00ebsis\u00eb s\u00eb lart\u00eb. Primitivo di Manduria \u00ebsht\u00eb nj\u00eb varietet [&hellip;]<\/p>\n","protected":false},"featured_media":7937,"template":"","meta":[],"product_brand":[],"product_cat":[58,46],"product_tag":[],"class_list":{"0":"post-6577","1":"product","2":"type-product","3":"status-publish","4":"has-post-thumbnail","6":"product_cat-vere","7":"product_cat-vere-e-kuqe","9":"first","10":"instock","11":"shipping-taxable","12":"purchasable","13":"product-type-simple"},"_links":{"self":[{"href":"https:\/\/alehandrogroup.al\/en\/wp-json\/wp\/v2\/product\/6577","targetHints":{"allow":["GET"]}}],"collection":[{"href":"https:\/\/alehandrogroup.al\/en\/wp-json\/wp\/v2\/product"}],"about":[{"href":"https:\/\/alehandrogroup.al\/en\/wp-json\/wp\/v2\/types\/product"}],"version-history":[{"count":1,"href":"https:\/\/alehandrogroup.al\/en\/wp-json\/wp\/v2\/product\/6577\/revisions"}],"predecessor-version":[{"id":7938,"href":"https:\/\/alehandrogroup.al\/en\/wp-json\/wp\/v2\/product\/6577\/revisions\/7938"}],"wp:featuredmedia":[{"embeddable":true,"href":"https:\/\/alehandrogroup.al\/en\/wp-json\/wp\/v2\/media\/7937"}],"wp:attachment":[{"href":"https:\/\/alehandrogroup.al\/en\/wp-json\/wp\/v2\/media?parent=6577"}],"wp:term":[{"taxonomy":"product_brand","embeddable":true,"href":"https:\/\/alehandrogroup.al\/en\/wp-json\/wp\/v2\/product_brand?post=6577"},{"taxonomy":"product_cat","embeddable":true,"href":"https:\/\/alehandrogroup.al\/en\/wp-json\/wp\/v2\/product_cat?post=6577"},{"taxonomy":"product_tag","embeddable":true,"href":"https:\/\/alehandrogroup.al\/en\/wp-json\/wp\/v2\/product_tag?post=6577"}],"curies":[{"name":"wp","href":"https:\/\/api.w.org\/{rel}","templated":true}]}}