{"id":6575,"date":"2025-03-13T12:36:56","date_gmt":"2025-03-13T12:36:56","guid":{"rendered":"https:\/\/alehandrogroup.al\/?post_type=product&#038;p=6575"},"modified":"2025-11-22T11:00:27","modified_gmt":"2025-11-22T11:00:27","slug":"fiano-pietracalda-feudi-san-gregorio","status":"publish","type":"product","link":"https:\/\/alehandrogroup.al\/en\/product\/fiano-pietracalda-feudi-san-gregorio\/","title":{"rendered":"FIANO PIETRACALDA &#8211; FEUDI SAN GREGORIO"},"content":{"rendered":"<h3><strong><em>P\u00ebrshkrimi i Ver\u00ebs: FIANO PIETRACALDA &#8211; FEUDI SAN GREGORIO<\/em><\/strong><\/h3>\n<p><em><strong>Detaje t\u00eb Prodhimit:<\/strong><\/em><\/p>\n<p data-start=\"78\" data-end=\"414\"><strong data-start=\"53\" data-end=\"74\">Fiano Pietracalda<\/strong> \u00ebsht\u00eb nj\u00eb prej ver\u00ebrave m\u00eb t\u00eb njohura dhe t\u00eb vler\u00ebsuara t\u00eb <strong data-start=\"134\" data-end=\"159\">Feudi di San Gregorio<\/strong>, nj\u00eb kantin\u00eb e njohur nga <strong data-start=\"186\" data-end=\"198\">Campania<\/strong>, e cila ka fituar fam\u00eb nd\u00ebrkomb\u00ebtarisht p\u00ebr cil\u00ebsin\u00eb e lart\u00eb t\u00eb ver\u00ebrave t\u00eb saj, ve\u00e7an\u00ebrisht p\u00ebr ato t\u00eb bardha. Ky Fiano \u00ebsht\u00eb nj\u00eb shembull i shk\u00eblqyer i <strong data-start=\"353\" data-end=\"374\">Fiano di Avellino<\/strong>, nj\u00eb nga varietetet m\u00eb t\u00eb njohura dhe karakteristike t\u00eb rajonit, dhe <strong data-start=\"444\" data-end=\"459\">Pietracalda<\/strong> \u00ebsht\u00eb emri i nj\u00ebr\u00ebs nga parcelat m\u00eb t\u00eb mira t\u00eb vreshtit q\u00eb prodhon k\u00ebt\u00eb ver\u00eb, duke reflektuar nj\u00eb <strong data-start=\"558\" data-end=\"591\">terroir t\u00eb pasur dhe kompleks<\/strong>.<\/p>\n<hr \/>\n<h3><strong><em>Karakteristikat<\/em><\/strong><\/h3>\n<ul>\n<li data-start=\"1762\" data-end=\"1816\"><strong data-start=\"1482\" data-end=\"1492\">Ngjyra<\/strong>: E verdh\u00eb me nuanca t\u00eb art\u00eb dhe t\u00eb gjelbra, q\u00eb reflekton freskin\u00eb dhe past\u00ebrtin\u00eb e ver\u00ebs.<\/li>\n<li data-start=\"1762\" data-end=\"1816\"><strong data-start=\"1588\" data-end=\"1597\">Aroma<\/strong>: Arom\u00eb e pasur dhe komplekse, me <strong data-start=\"1631\" data-end=\"1753\">nota agrumesh (limon, portokall), lule t\u00eb fresk\u00ebta (jasemin, bliri), dhe fruta t\u00eb tilla si dardha dhe moll\u00eb t\u00eb gjelb\u00ebr<\/strong>, t\u00eb shoq\u00ebruara me nuanca t\u00eb lehta minerale dhe mjalt\u00eb.<\/li>\n<li data-start=\"1762\" data-end=\"1816\"><strong data-start=\"1814\" data-end=\"1823\">Shija<\/strong>: E fresk\u00ebt dhe e ekuilibruar, me nj\u00eb aciditet t\u00eb ndritsh\u00ebm dhe nj\u00eb trup t\u00eb balancuar. Fundi \u00ebsht\u00eb i gjat\u00eb dhe i pasur me <strong data-start=\"1945\" data-end=\"2005\">nuanca t\u00eb bajameve t\u00eb fresk\u00ebta dhe nj\u00eb prekje t\u00eb shkrir\u00eb<\/strong> q\u00eb l\u00eb nj\u00eb pasqyr\u00eb t\u00eb k\u00ebndshme dhe komplekse n\u00eb goj\u00eb.<\/li>\n<\/ul>\n<hr \/>\n<h3><em><strong>Shoq\u00ebrime t\u00eb Sugjeruara<\/strong><\/em><\/h3>\n<p><em>Kombinohet n\u00eb m\u00ebnyr\u00eb t\u00eb shk\u00eblqyer me:<\/em><\/p>\n<ul>\n<li><strong>Pjata me baz\u00eb peshku dhe fruta deti<\/strong><\/li>\n<li><strong>Antipasta t\u00eb fresk\u00ebta dhe t\u00eb lehta<\/strong><\/li>\n<li><strong>Pasta dhe Rizotto<\/strong><\/li>\n<li><strong>Djath\u00ebra t\u00eb fresk\u00ebt dhe t\u00eb but\u00eb<\/strong><\/li>\n<\/ul>","protected":false},"excerpt":{"rendered":"<p>P\u00ebrshkrimi i Ver\u00ebs: FIANO PIETRACALDA &#8211; FEUDI SAN GREGORIO Detaje t\u00eb Prodhimit: Fiano Pietracalda \u00ebsht\u00eb nj\u00eb prej ver\u00ebrave m\u00eb t\u00eb njohura dhe t\u00eb vler\u00ebsuara t\u00eb Feudi di San Gregorio, nj\u00eb kantin\u00eb e njohur nga Campania, e cila ka fituar fam\u00eb nd\u00ebrkomb\u00ebtarisht p\u00ebr cil\u00ebsin\u00eb e lart\u00eb t\u00eb ver\u00ebrave t\u00eb saj, ve\u00e7an\u00ebrisht p\u00ebr ato t\u00eb bardha. Ky [&hellip;]<\/p>\n","protected":false},"featured_media":7582,"template":"","meta":[],"product_brand":[],"product_cat":[58,41],"product_tag":[],"class_list":{"0":"post-6575","1":"product","2":"type-product","3":"status-publish","4":"has-post-thumbnail","6":"product_cat-vere","7":"product_cat-vere-e-bardhe","9":"first","10":"instock","11":"shipping-taxable","12":"purchasable","13":"product-type-simple"},"_links":{"self":[{"href":"https:\/\/alehandrogroup.al\/en\/wp-json\/wp\/v2\/product\/6575","targetHints":{"allow":["GET"]}}],"collection":[{"href":"https:\/\/alehandrogroup.al\/en\/wp-json\/wp\/v2\/product"}],"about":[{"href":"https:\/\/alehandrogroup.al\/en\/wp-json\/wp\/v2\/types\/product"}],"version-history":[{"count":1,"href":"https:\/\/alehandrogroup.al\/en\/wp-json\/wp\/v2\/product\/6575\/revisions"}],"predecessor-version":[{"id":7583,"href":"https:\/\/alehandrogroup.al\/en\/wp-json\/wp\/v2\/product\/6575\/revisions\/7583"}],"wp:featuredmedia":[{"embeddable":true,"href":"https:\/\/alehandrogroup.al\/en\/wp-json\/wp\/v2\/media\/7582"}],"wp:attachment":[{"href":"https:\/\/alehandrogroup.al\/en\/wp-json\/wp\/v2\/media?parent=6575"}],"wp:term":[{"taxonomy":"product_brand","embeddable":true,"href":"https:\/\/alehandrogroup.al\/en\/wp-json\/wp\/v2\/product_brand?post=6575"},{"taxonomy":"product_cat","embeddable":true,"href":"https:\/\/alehandrogroup.al\/en\/wp-json\/wp\/v2\/product_cat?post=6575"},{"taxonomy":"product_tag","embeddable":true,"href":"https:\/\/alehandrogroup.al\/en\/wp-json\/wp\/v2\/product_tag?post=6575"}],"curies":[{"name":"wp","href":"https:\/\/api.w.org\/{rel}","templated":true}]}}