{"id":6573,"date":"2025-03-13T12:37:11","date_gmt":"2025-03-13T12:37:11","guid":{"rendered":"https:\/\/alehandrogroup.al\/?post_type=product&#038;p=6573"},"modified":"2025-11-22T11:20:57","modified_gmt":"2025-11-22T11:20:57","slug":"greco-di-tufo-cutizzi-feudi-san-gregorio","status":"publish","type":"product","link":"https:\/\/alehandrogroup.al\/en\/product\/greco-di-tufo-cutizzi-feudi-san-gregorio\/","title":{"rendered":"GRECO DI TUFO CUTIZZI &#8211; FEUDI SAN GREGORIO"},"content":{"rendered":"<h3><strong><em>P\u00ebrshkrimi i Ver\u00ebs: GRECO DI TUFO CUTIZZI &#8211; FEUDI SAN GREGORIO<\/em><\/strong><\/h3>\n<p><em><strong>Detaje t\u00eb Prodhimit:<\/strong><\/em><\/p>\n<p data-start=\"78\" data-end=\"414\"><strong data-start=\"57\" data-end=\"82\">Greco di Tufo Cutizzi<\/strong> \u00ebsht\u00eb nj\u00eb prej ver\u00ebrave m\u00eb t\u00eb njohura dhe t\u00eb vler\u00ebsuara nga <strong data-start=\"143\" data-end=\"168\">Feudi di San Gregorio<\/strong>, nj\u00eb kantin\u00eb e famshme e rajonit t\u00eb <strong data-start=\"205\" data-end=\"217\">Campania<\/strong> n\u00eb jug t\u00eb Italis\u00eb. Ky Greco di Tufo \u00ebsht\u00eb nj\u00eb shprehje autentike e <strong data-start=\"285\" data-end=\"311\">terroirit t\u00eb Irpinia-s<\/strong>, nj\u00eb nga zonat m\u00eb prestigjioze p\u00ebr ver\u00ebrat e bardha t\u00eb Italis\u00eb. <strong data-start=\"376\" data-end=\"387\">Cutizzi<\/strong> \u00ebsht\u00eb nj\u00eb em\u00ebr q\u00eb i referohet nj\u00eb nga parcelave m\u00eb t\u00eb mira t\u00eb k\u00ebtij rajoni, duke ofruar nj\u00eb ver\u00eb me nj\u00eb personalitet t\u00eb fuqish\u00ebm dhe nj\u00eb profil kompleks aromatik.<\/p>\n<hr \/>\n<h3><strong><em>Karakteristikat<\/em><\/strong><\/h3>\n<ul>\n<li data-start=\"1762\" data-end=\"1816\"><strong data-start=\"1460\" data-end=\"1470\">Ngjyra<\/strong>: E verdh\u00eb me reflektime t\u00eb art\u00eb dhe t\u00eb gjelbra, q\u00eb tregon p\u00ebr freskin\u00eb dhe eleganc\u00ebn e ver\u00ebs.<\/li>\n<li data-start=\"1762\" data-end=\"1816\"><strong data-start=\"1570\" data-end=\"1579\">Aroma<\/strong>: <strong data-start=\"1581\" data-end=\"1799\">Fruta t\u00eb fresk\u00ebta dhe agrume (limon, portokall) si dhe nota t\u00eb jasht\u00ebzakonshme t\u00eb moll\u00ebs t\u00eb gjelb\u00ebr, dardh\u00ebs, dhe luleve t\u00eb fresk\u00ebta (bliri, mjalt\u00eb) dhe minerale t\u00eb theksuara si l\u00ebnda e shk\u00ebmbinjve t\u00eb vullkanit<\/strong>.<\/li>\n<li data-start=\"1762\" data-end=\"1816\"><strong data-start=\"1806\" data-end=\"1815\">Shija<\/strong>: E pasur dhe e gjall\u00eb, me <strong data-start=\"1842\" data-end=\"1884\">aciditet t\u00eb ndritsh\u00ebm dhe t\u00eb balancuar<\/strong> dhe nj\u00eb fund t\u00eb gjat\u00eb q\u00eb l\u00eb shije t\u00eb <strong data-start=\"1922\" data-end=\"1946\">bajamesh dhe shkrir\u00eb<\/strong>. Ka nj\u00eb kompleksitet t\u00eb bukur q\u00eb zhvillohet gjat\u00eb pirjes dhe q\u00eb mbetet n\u00eb goj\u00eb p\u00ebr disa koh\u00eb.<\/li>\n<\/ul>\n<hr \/>\n<h3><em><strong>Shoq\u00ebrime t\u00eb Sugjeruara<\/strong><\/em><\/h3>\n<p><em>Kombinohet n\u00eb m\u00ebnyr\u00eb t\u00eb shk\u00eblqyer me:<\/em><\/p>\n<ul>\n<li><strong>Pjata me baz\u00eb peshku dhe fruta deti<\/strong><\/li>\n<li><strong>Antipasta t\u00eb fresk\u00ebta dhe t\u00eb lehta<\/strong><\/li>\n<li><strong>Djath\u00ebra t\u00eb fresk\u00ebt dhe t\u00eb but\u00eb<\/strong><\/li>\n<\/ul>","protected":false},"excerpt":{"rendered":"<p>P\u00ebrshkrimi i Ver\u00ebs: GRECO DI TUFO CUTIZZI &#8211; FEUDI SAN GREGORIO Detaje t\u00eb Prodhimit: Greco di Tufo Cutizzi \u00ebsht\u00eb nj\u00eb prej ver\u00ebrave m\u00eb t\u00eb njohura dhe t\u00eb vler\u00ebsuara nga Feudi di San Gregorio, nj\u00eb kantin\u00eb e famshme e rajonit t\u00eb Campania n\u00eb jug t\u00eb Italis\u00eb. Ky Greco di Tufo \u00ebsht\u00eb nj\u00eb shprehje autentike e terroirit [&hellip;]<\/p>\n","protected":false},"featured_media":7596,"template":"","meta":[],"product_brand":[],"product_cat":[58,41],"product_tag":[],"class_list":{"0":"post-6573","1":"product","2":"type-product","3":"status-publish","4":"has-post-thumbnail","6":"product_cat-vere","7":"product_cat-vere-e-bardhe","9":"first","10":"instock","11":"shipping-taxable","12":"purchasable","13":"product-type-simple"},"_links":{"self":[{"href":"https:\/\/alehandrogroup.al\/en\/wp-json\/wp\/v2\/product\/6573","targetHints":{"allow":["GET"]}}],"collection":[{"href":"https:\/\/alehandrogroup.al\/en\/wp-json\/wp\/v2\/product"}],"about":[{"href":"https:\/\/alehandrogroup.al\/en\/wp-json\/wp\/v2\/types\/product"}],"version-history":[{"count":2,"href":"https:\/\/alehandrogroup.al\/en\/wp-json\/wp\/v2\/product\/6573\/revisions"}],"predecessor-version":[{"id":7598,"href":"https:\/\/alehandrogroup.al\/en\/wp-json\/wp\/v2\/product\/6573\/revisions\/7598"}],"wp:featuredmedia":[{"embeddable":true,"href":"https:\/\/alehandrogroup.al\/en\/wp-json\/wp\/v2\/media\/7596"}],"wp:attachment":[{"href":"https:\/\/alehandrogroup.al\/en\/wp-json\/wp\/v2\/media?parent=6573"}],"wp:term":[{"taxonomy":"product_brand","embeddable":true,"href":"https:\/\/alehandrogroup.al\/en\/wp-json\/wp\/v2\/product_brand?post=6573"},{"taxonomy":"product_cat","embeddable":true,"href":"https:\/\/alehandrogroup.al\/en\/wp-json\/wp\/v2\/product_cat?post=6573"},{"taxonomy":"product_tag","embeddable":true,"href":"https:\/\/alehandrogroup.al\/en\/wp-json\/wp\/v2\/product_tag?post=6573"}],"curies":[{"name":"wp","href":"https:\/\/api.w.org\/{rel}","templated":true}]}}