{"id":6570,"date":"2025-03-13T12:36:46","date_gmt":"2025-03-13T12:36:46","guid":{"rendered":"https:\/\/alehandrogroup.al\/?post_type=product&#038;p=6570"},"modified":"2025-11-22T10:54:19","modified_gmt":"2025-11-22T10:54:19","slug":"falanghina-serrocielo-feudi-san-gregorio","status":"publish","type":"product","link":"https:\/\/alehandrogroup.al\/en\/product\/falanghina-serrocielo-feudi-san-gregorio\/","title":{"rendered":"FALANGHINA SERROCIELO &#8211; FEUDI SAN GREGORIO"},"content":{"rendered":"<h3><strong><em>P\u00ebrshkrimi i Ver\u00ebs: FALANGHINA SERROCIELO &#8211; FEUDI SAN GREGORIO<\/em><\/strong><\/h3>\n<p><em><strong>Detaje t\u00eb Prodhimit:<\/strong><\/em><\/p>\n<p data-start=\"78\" data-end=\"414\"><strong data-start=\"70\" data-end=\"84\">Serrocielo<\/strong> \u00ebsht\u00eb nj\u00eb nd\u00ebr interpretimet m\u00eb t\u00eb rafinuara t\u00eb <strong data-start=\"133\" data-end=\"149\">Falanghina-s<\/strong> nga <strong data-start=\"154\" data-end=\"179\">Feudi di San Gregorio<\/strong>, nj\u00eb nga kantinat m\u00eb prestigjioze t\u00eb <strong data-start=\"217\" data-end=\"231\">Campania-s<\/strong> n\u00eb Itali. Kjo ver\u00eb e bardh\u00eb premium p\u00ebrfaq\u00ebson <strong data-start=\"279\" data-end=\"343\">shprehjen m\u00eb t\u00eb past\u00ebr dhe elegante t\u00eb terroirit t\u00eb Irpinias<\/strong>, nj\u00eb rajon historik q\u00eb ka qen\u00eb gjithmon\u00eb sinonim i cil\u00ebsis\u00eb s\u00eb lart\u00eb n\u00eb prodhimin e ver\u00ebs.<\/p>\n<hr \/>\n<h3><strong><em>Karakteristikat<\/em><\/strong><\/h3>\n<ul>\n<li data-start=\"1762\" data-end=\"1816\"><strong data-start=\"1160\" data-end=\"1170\">Ngjyra<\/strong>: E verdh\u00eb e art\u00eb me reflektime t\u00eb lehta t\u00eb gjelbra, q\u00eb tregon freskin\u00eb dhe eleganc\u00ebn e saj.<\/li>\n<li data-start=\"1762\" data-end=\"1816\"><strong data-start=\"1268\" data-end=\"1277\">Aroma<\/strong>: E rafinuar dhe delikate, me nota t\u00eb <strong data-start=\"1315\" data-end=\"1448\">agrumesh (limon, bergamot), moll\u00eb jeshile, ananas, lule bliri dhe nj\u00eb prekje mineralesh q\u00eb vijn\u00eb nga tokat vullkanike t\u00eb Irpinias<\/strong>.<\/li>\n<li data-start=\"1762\" data-end=\"1816\"><strong data-start=\"1455\" data-end=\"1464\">Shija<\/strong>: E fresk\u00ebt, e gjall\u00eb dhe e balancuar, me nj\u00eb aciditet t\u00eb ndritsh\u00ebm dhe nj\u00eb fund t\u00eb gjat\u00eb me nuanca <strong data-start=\"1564\" data-end=\"1607\">bim\u00ebsh mesdhetare dhe bajame t\u00eb pjekura<\/strong>.<\/li>\n<\/ul>\n<hr \/>\n<h3><em><strong>Shoq\u00ebrime t\u00eb Sugjeruara<\/strong><\/em><\/h3>\n<p><em>Kombinohet n\u00eb m\u00ebnyr\u00eb t\u00eb shk\u00eblqyer me:<\/em><\/p>\n<ul>\n<li><strong>Pjata me baz\u00eb peshku dhe fruta deti<\/strong><\/li>\n<li><strong>Antipasta t\u00eb fresk\u00ebta dhe t\u00eb lehta<\/strong><\/li>\n<li><strong>Djath\u00ebra t\u00eb fresk\u00ebt dhe t\u00eb but\u00eb<\/strong><\/li>\n<\/ul>","protected":false},"excerpt":{"rendered":"<p>P\u00ebrshkrimi i Ver\u00ebs: FALANGHINA SERROCIELO &#8211; FEUDI SAN GREGORIO Detaje t\u00eb Prodhimit: Serrocielo \u00ebsht\u00eb nj\u00eb nd\u00ebr interpretimet m\u00eb t\u00eb rafinuara t\u00eb Falanghina-s nga Feudi di San Gregorio, nj\u00eb nga kantinat m\u00eb prestigjioze t\u00eb Campania-s n\u00eb Itali. Kjo ver\u00eb e bardh\u00eb premium p\u00ebrfaq\u00ebson shprehjen m\u00eb t\u00eb past\u00ebr dhe elegante t\u00eb terroirit t\u00eb Irpinias, nj\u00eb rajon historik [&hellip;]<\/p>\n","protected":false},"featured_media":7577,"template":"","meta":[],"product_brand":[],"product_cat":[58,41],"product_tag":[],"class_list":{"0":"post-6570","1":"product","2":"type-product","3":"status-publish","4":"has-post-thumbnail","6":"product_cat-vere","7":"product_cat-vere-e-bardhe","9":"first","10":"instock","11":"shipping-taxable","12":"purchasable","13":"product-type-simple"},"_links":{"self":[{"href":"https:\/\/alehandrogroup.al\/en\/wp-json\/wp\/v2\/product\/6570","targetHints":{"allow":["GET"]}}],"collection":[{"href":"https:\/\/alehandrogroup.al\/en\/wp-json\/wp\/v2\/product"}],"about":[{"href":"https:\/\/alehandrogroup.al\/en\/wp-json\/wp\/v2\/types\/product"}],"version-history":[{"count":1,"href":"https:\/\/alehandrogroup.al\/en\/wp-json\/wp\/v2\/product\/6570\/revisions"}],"predecessor-version":[{"id":7578,"href":"https:\/\/alehandrogroup.al\/en\/wp-json\/wp\/v2\/product\/6570\/revisions\/7578"}],"wp:featuredmedia":[{"embeddable":true,"href":"https:\/\/alehandrogroup.al\/en\/wp-json\/wp\/v2\/media\/7577"}],"wp:attachment":[{"href":"https:\/\/alehandrogroup.al\/en\/wp-json\/wp\/v2\/media?parent=6570"}],"wp:term":[{"taxonomy":"product_brand","embeddable":true,"href":"https:\/\/alehandrogroup.al\/en\/wp-json\/wp\/v2\/product_brand?post=6570"},{"taxonomy":"product_cat","embeddable":true,"href":"https:\/\/alehandrogroup.al\/en\/wp-json\/wp\/v2\/product_cat?post=6570"},{"taxonomy":"product_tag","embeddable":true,"href":"https:\/\/alehandrogroup.al\/en\/wp-json\/wp\/v2\/product_tag?post=6570"}],"curies":[{"name":"wp","href":"https:\/\/api.w.org\/{rel}","templated":true}]}}