{"id":6566,"date":"2025-03-13T12:18:39","date_gmt":"2025-03-13T12:18:39","guid":{"rendered":"https:\/\/alehandrogroup.al\/?post_type=product&#038;p=6566"},"modified":"2025-12-02T13:42:27","modified_gmt":"2025-12-02T13:42:27","slug":"dix-de-los-vascos-lafite-de-rothschild","status":"publish","type":"product","link":"https:\/\/alehandrogroup.al\/en\/product\/dix-de-los-vascos-lafite-de-rothschild\/","title":{"rendered":"DIX DE LOS VASCOS \u2013 LAFITE DE ROTHSCHILD"},"content":{"rendered":"<h3><strong><em>P\u00ebrshkrimi i Ver\u00ebs: DIX DE LOS VASCOS \u2013 LAFITE DE ROTHSCHILD<\/em><\/strong><\/h3>\n<p><em><strong>Detaje t\u00eb Prodhimit:<\/strong><\/em><\/p>\n<p data-start=\"0\" data-end=\"193\"><strong data-start=\"55\" data-end=\"76\">DIX de Los Vascos<\/strong> \u00ebsht\u00eb cuv\u00e9e-ja m\u00eb prestigjioze e kantin\u00ebs <strong data-start=\"119\" data-end=\"133\">Los Vascos<\/strong>, prona ekskluzive kiliane e <strong data-start=\"162\" data-end=\"204\">Domaines Barons de Rothschild (Lafite)<\/strong>. Kjo ver\u00eb p\u00ebrfaq\u00ebson nj\u00eb harmoni t\u00eb p\u00ebrkryer mes <strong data-start=\"254\" data-end=\"293\">terroirit unik t\u00eb Lugin\u00ebs Colchagua<\/strong> dhe mjesht\u00ebris\u00eb s\u00eb trash\u00ebguar t\u00eb familjes Rothschild, e njohur p\u00ebr krijimin e disa prej ver\u00ebrave m\u00eb t\u00eb mira t\u00eb Bordeaux.<\/p>\n<hr \/>\n<h3><strong><em>Karakteristikat<\/em><\/strong><\/h3>\n<ul>\n<li data-start=\"1762\" data-end=\"1816\"><strong data-start=\"926\" data-end=\"936\">Ngjyra<\/strong>: E kuqe rubin e thell\u00eb me reflektime granati, shenj\u00eb e p\u00ebrqendrimit dhe potencialit p\u00ebr vjet\u00ebrsim.<\/li>\n<li data-start=\"1762\" data-end=\"1816\"><strong data-start=\"1041\" data-end=\"1050\">Aroma<\/strong>: Nj\u00eb buqet\u00eb e pasur me <strong data-start=\"1074\" data-end=\"1098\">manaferra t\u00eb pjekura<\/strong> (boronica, rrush i zi, manaferr\u00eb), nota balsamike dhe er\u00ebza t\u00eb sofistikuara si <strong data-start=\"1178\" data-end=\"1227\">duhan, \u00e7okollat\u00eb e zez\u00eb, piper i zi dhe ked\u00ebr<\/strong>.<\/li>\n<li data-start=\"1762\" data-end=\"1816\"><strong data-start=\"1234\" data-end=\"1243\">Shija<\/strong>: Strukturuar dhe e fuqishme, me tanin\u00eb t\u00eb buta dhe t\u00eb integruara mir\u00eb, aciditet t\u00eb gjall\u00eb dhe nj\u00eb fund t\u00eb gjat\u00eb q\u00eb l\u00eb shije t\u00eb <strong data-start=\"1371\" data-end=\"1397\">grafitit dhe jamballit<\/strong>.<\/li>\n<\/ul>\n<hr \/>\n<h3><em><strong>Shoq\u00ebrime t\u00eb Sugjeruara<\/strong><\/em><\/h3>\n<p><em>Kombinohet n\u00eb m\u00ebnyr\u00eb t\u00eb shk\u00eblqyer me:<\/em><\/p>\n<ul>\n<li>Shoq\u00ebrohet n\u00eb m\u00ebnyr\u00eb t\u00eb shk\u00eblqyer me mish t\u00eb kuq t\u00eb pjekur<\/li>\n<li>Kombinohet n\u00eb m\u00ebnyr\u00eb perfekte me djath\u00ebra t\u00eb stazhionuar<\/li>\n<\/ul>","protected":false},"excerpt":{"rendered":"<p>P\u00ebrshkrimi i Ver\u00ebs: DIX DE LOS VASCOS \u2013 LAFITE DE ROTHSCHILD Detaje t\u00eb Prodhimit: DIX de Los Vascos \u00ebsht\u00eb cuv\u00e9e-ja m\u00eb prestigjioze e kantin\u00ebs Los Vascos, prona ekskluzive kiliane e Domaines Barons de Rothschild (Lafite). Kjo ver\u00eb p\u00ebrfaq\u00ebson nj\u00eb harmoni t\u00eb p\u00ebrkryer mes terroirit unik t\u00eb Lugin\u00ebs Colchagua dhe mjesht\u00ebris\u00eb s\u00eb trash\u00ebguar t\u00eb familjes Rothschild, [&hellip;]<\/p>\n","protected":false},"featured_media":7757,"template":"","meta":[],"product_brand":[],"product_cat":[58,46],"product_tag":[],"class_list":{"0":"post-6566","1":"product","2":"type-product","3":"status-publish","4":"has-post-thumbnail","6":"product_cat-vere","7":"product_cat-vere-e-kuqe","9":"first","10":"instock","11":"shipping-taxable","12":"purchasable","13":"product-type-simple"},"_links":{"self":[{"href":"https:\/\/alehandrogroup.al\/en\/wp-json\/wp\/v2\/product\/6566","targetHints":{"allow":["GET"]}}],"collection":[{"href":"https:\/\/alehandrogroup.al\/en\/wp-json\/wp\/v2\/product"}],"about":[{"href":"https:\/\/alehandrogroup.al\/en\/wp-json\/wp\/v2\/types\/product"}],"version-history":[{"count":1,"href":"https:\/\/alehandrogroup.al\/en\/wp-json\/wp\/v2\/product\/6566\/revisions"}],"predecessor-version":[{"id":7758,"href":"https:\/\/alehandrogroup.al\/en\/wp-json\/wp\/v2\/product\/6566\/revisions\/7758"}],"wp:featuredmedia":[{"embeddable":true,"href":"https:\/\/alehandrogroup.al\/en\/wp-json\/wp\/v2\/media\/7757"}],"wp:attachment":[{"href":"https:\/\/alehandrogroup.al\/en\/wp-json\/wp\/v2\/media?parent=6566"}],"wp:term":[{"taxonomy":"product_brand","embeddable":true,"href":"https:\/\/alehandrogroup.al\/en\/wp-json\/wp\/v2\/product_brand?post=6566"},{"taxonomy":"product_cat","embeddable":true,"href":"https:\/\/alehandrogroup.al\/en\/wp-json\/wp\/v2\/product_cat?post=6566"},{"taxonomy":"product_tag","embeddable":true,"href":"https:\/\/alehandrogroup.al\/en\/wp-json\/wp\/v2\/product_tag?post=6566"}],"curies":[{"name":"wp","href":"https:\/\/api.w.org\/{rel}","templated":true}]}}