{"id":6563,"date":"2025-03-12T12:25:43","date_gmt":"2025-03-12T12:25:43","guid":{"rendered":"https:\/\/alehandrogroup.al\/?post_type=product&#038;p=6563"},"modified":"2025-12-26T12:18:45","modified_gmt":"2025-12-26T12:18:45","slug":"spumante-bianco-brut-sicilia-donnafugata","status":"publish","type":"product","link":"https:\/\/alehandrogroup.al\/en\/product\/spumante-bianco-brut-sicilia-donnafugata\/","title":{"rendered":"SPUMANTE BIANCO BRUT SICILIA &#8211; DONNAFUGATA"},"content":{"rendered":"<div class=\"flex-1 overflow-hidden @container\/thread translate-y-[2rem] -mt-[2rem] pb-[1.5rem]\">\n<div class=\"relative h-full\">\n<div class=\"flex h-full flex-col overflow-y-auto [scrollbar-gutter:stable]\">\n<div class=\"flex flex-col text-sm\">\n<article class=\"w-full text-token-text-primary focus-visible:outline-2 focus-visible:outline-offset-[-4px]\" dir=\"auto\" data-testid=\"conversation-turn-27\" data-scroll-anchor=\"true\">\n<div class=\"m-auto text-base py-[18px] px-6\">\n<div class=\"mx-auto flex flex-1 text-base gap-4 md:gap-5 lg:gap-6 md:max-w-3xl\">\n<div class=\"group\/conversation-turn relative flex w-full min-w-0 flex-col agent-turn @xs\/thread:px-0 @sm\/thread:px-1.5 @md\/thread:px-4\">\n<div class=\"flex-col gap-1 md:gap-3\">\n<div class=\"flex max-w-full flex-col flex-grow\">\n<div class=\"min-h-8 text-message relative flex w-full flex-col items-end gap-2 whitespace-normal break-words text-start [.text-message+&amp;]:mt-5\" dir=\"auto\" data-message-author-role=\"assistant\" data-message-id=\"605210be-38c5-4cd2-af68-c0d2debf51bb\" data-message-model-slug=\"gpt-4o\">\n<div class=\"flex w-full flex-col gap-1 empty:hidden first:pt-[3px]\">\n<div class=\"markdown prose w-full break-words dark:prose-invert light\">\n<h3><strong><em>P\u00ebrshkrimi i Ver\u00ebs: SPUMANTE BIANCO BRUT SICILIA &#8211; DONNAFUGATA<\/em><\/strong><\/h3>\n<p><em><strong>Detaje t\u00eb Prodhimit:<\/strong><\/em><\/p>\n<p data-start=\"0\" data-end=\"193\"><strong data-start=\"54\" data-end=\"86\">Spumante Bianco Brut Sicilia<\/strong> nga <strong data-start=\"91\" data-end=\"106\">Donnafugata<\/strong> \u00ebsht\u00eb nj\u00eb ver\u00eb e shk\u00eblqyer me flluska, e prodhuar n\u00eb <strong data-start=\"160\" data-end=\"170\">Sicili<\/strong> duke p\u00ebrdorur <strong data-start=\"185\" data-end=\"204\">Metodo Classico<\/strong> \u2013 t\u00eb nj\u00ebjt\u00ebn metod\u00eb t\u00eb fermentimit t\u00eb dyt\u00eb n\u00eb shishe q\u00eb p\u00ebrdoret p\u00ebr shampanj\u00ebn. Kjo ver\u00eb shpreh eleganc\u00ebn dhe karakterin mesdhetar t\u00eb tokave siciliane.<\/p>\n<hr \/>\n<h3><strong><em>Karakteristikat<\/em><\/strong><\/h3>\n<ul>\n<li data-start=\"856\" data-end=\"919\"><strong data-start=\"858\" data-end=\"869\">Ngjyra:<\/strong> E verdh\u00eb e ndritshme me reflektime ari t\u00eb leht\u00eb<\/li>\n<li data-start=\"920\" data-end=\"1112\"><strong data-start=\"922\" data-end=\"932\">Aroma: <\/strong>Sh\u00ebnime delikate t\u00eb agrumeve siciliane (limon, mandarin\u00eb). Nuanca lulesh t\u00eb bardha (portokall, jasemin). Prekje bajamesh dhe buke t\u00eb thekur nga maturimi mbi maja<\/li>\n<li data-start=\"1113\" data-end=\"1330\"><strong data-start=\"1115\" data-end=\"1125\">Shija: <\/strong>E fresk\u00ebt dhe e ekuilibruar, me aciditet t\u00eb mir\u00eb dhe nj\u00eb ndjesi minerale. Flluska t\u00eb im\u00ebta dhe elegante (perlage e rafinuar). Fund i gjat\u00eb me nota frutash dhe ndjesi t\u00eb leht\u00eb t\u00eb lajthis\u00eb<\/li>\n<\/ul>\n<hr \/>\n<h3><em><strong>Shoq\u00ebrime t\u00eb Sugjeruara<\/strong><\/em><\/h3>\n<p><em>Kombinohet n\u00eb m\u00ebnyr\u00eb t\u00eb shk\u00eblqyer me:<\/em><\/p>\n<ul>\n<li data-start=\"1455\" data-end=\"1511\">Antipasta deti (karkaleca, tartar salmoni, ostriche)<\/li>\n<li data-start=\"1512\" data-end=\"1541\">Peshk i fresk\u00ebt dhe sushi<\/li>\n<li data-start=\"1542\" data-end=\"1596\">Djath\u00ebra t\u00eb but\u00eb dhe t\u00eb fresk\u00ebt (ricotta, burrata)<\/li>\n<li data-start=\"1597\" data-end=\"1649\">Ushqime me baz\u00eb perimesh dhe barishte mesdhetare<\/li>\n<\/ul>\n<\/div>\n<\/div>\n<\/div>\n<\/div>\n<\/div>\n<\/div>\n<\/div>\n<\/div>\n<\/article>\n<\/div>\n<\/div>\n<\/div>\n<\/div>\n<p>&nbsp;<\/p>\n","protected":false},"excerpt":{"rendered":"<p>P\u00ebrshkrimi i Ver\u00ebs: SPUMANTE BIANCO BRUT SICILIA &#8211; DONNAFUGATA Detaje t\u00eb Prodhimit: Spumante Bianco Brut Sicilia nga Donnafugata \u00ebsht\u00eb nj\u00eb ver\u00eb e shk\u00eblqyer me flluska, e prodhuar n\u00eb Sicili duke p\u00ebrdorur Metodo Classico \u2013 t\u00eb nj\u00ebjt\u00ebn metod\u00eb t\u00eb fermentimit t\u00eb dyt\u00eb n\u00eb shishe q\u00eb p\u00ebrdoret p\u00ebr shampanj\u00ebn. Kjo ver\u00eb shpreh eleganc\u00ebn dhe karakterin mesdhetar t\u00eb [&hellip;]<\/p>\n","protected":false},"featured_media":8023,"template":"","meta":[],"product_brand":[],"product_cat":[49,58],"product_tag":[],"class_list":{"0":"post-6563","1":"product","2":"type-product","3":"status-publish","4":"has-post-thumbnail","6":"product_cat-prosecco-champagne","7":"product_cat-vere","9":"first","10":"instock","11":"shipping-taxable","12":"purchasable","13":"product-type-simple"},"_links":{"self":[{"href":"https:\/\/alehandrogroup.al\/en\/wp-json\/wp\/v2\/product\/6563","targetHints":{"allow":["GET"]}}],"collection":[{"href":"https:\/\/alehandrogroup.al\/en\/wp-json\/wp\/v2\/product"}],"about":[{"href":"https:\/\/alehandrogroup.al\/en\/wp-json\/wp\/v2\/types\/product"}],"version-history":[{"count":1,"href":"https:\/\/alehandrogroup.al\/en\/wp-json\/wp\/v2\/product\/6563\/revisions"}],"predecessor-version":[{"id":8022,"href":"https:\/\/alehandrogroup.al\/en\/wp-json\/wp\/v2\/product\/6563\/revisions\/8022"}],"wp:featuredmedia":[{"embeddable":true,"href":"https:\/\/alehandrogroup.al\/en\/wp-json\/wp\/v2\/media\/8023"}],"wp:attachment":[{"href":"https:\/\/alehandrogroup.al\/en\/wp-json\/wp\/v2\/media?parent=6563"}],"wp:term":[{"taxonomy":"product_brand","embeddable":true,"href":"https:\/\/alehandrogroup.al\/en\/wp-json\/wp\/v2\/product_brand?post=6563"},{"taxonomy":"product_cat","embeddable":true,"href":"https:\/\/alehandrogroup.al\/en\/wp-json\/wp\/v2\/product_cat?post=6563"},{"taxonomy":"product_tag","embeddable":true,"href":"https:\/\/alehandrogroup.al\/en\/wp-json\/wp\/v2\/product_tag?post=6563"}],"curies":[{"name":"wp","href":"https:\/\/api.w.org\/{rel}","templated":true}]}}