{"id":6561,"date":"2025-03-11T15:08:04","date_gmt":"2025-03-11T15:08:04","guid":{"rendered":"https:\/\/alehandrogroup.al\/?post_type=product&#038;p=6561"},"modified":"2025-12-26T12:20:55","modified_gmt":"2025-12-26T12:20:55","slug":"millesimato-rose-donnafugata","status":"publish","type":"product","link":"https:\/\/alehandrogroup.al\/en\/product\/millesimato-rose-donnafugata\/","title":{"rendered":"SPUMANTE MILLESIMATO ROSE SICILIA &#8211; DONNAFUGATA"},"content":{"rendered":"<div class=\"flex-1 overflow-hidden @container\/thread translate-y-[2rem] -mt-[2rem] pb-[1.5rem]\">\n<div class=\"relative h-full\">\n<div class=\"flex h-full flex-col overflow-y-auto [scrollbar-gutter:stable]\">\n<div class=\"flex flex-col text-sm\">\n<article class=\"w-full text-token-text-primary focus-visible:outline-2 focus-visible:outline-offset-[-4px]\" dir=\"auto\" data-testid=\"conversation-turn-27\" data-scroll-anchor=\"true\">\n<div class=\"m-auto text-base py-[18px] px-6\">\n<div class=\"mx-auto flex flex-1 text-base gap-4 md:gap-5 lg:gap-6 md:max-w-3xl\">\n<div class=\"group\/conversation-turn relative flex w-full min-w-0 flex-col agent-turn @xs\/thread:px-0 @sm\/thread:px-1.5 @md\/thread:px-4\">\n<div class=\"flex-col gap-1 md:gap-3\">\n<div class=\"flex max-w-full flex-col flex-grow\">\n<div class=\"min-h-8 text-message relative flex w-full flex-col items-end gap-2 whitespace-normal break-words text-start [.text-message+&amp;]:mt-5\" dir=\"auto\" data-message-author-role=\"assistant\" data-message-id=\"605210be-38c5-4cd2-af68-c0d2debf51bb\" data-message-model-slug=\"gpt-4o\">\n<div class=\"flex w-full flex-col gap-1 empty:hidden first:pt-[3px]\">\n<div class=\"markdown prose w-full break-words dark:prose-invert light\">\n<h3><strong><em>P\u00ebrshkrimi i Ver\u00ebs: SPUMANTE MILLESIMATO ROSE SICILIA &#8211; DONNAFUGATA<\/em><\/strong><\/h3>\n<p><em><strong>Detaje t\u00eb Prodhimit:<\/strong><\/em><\/p>\n<p data-start=\"0\" data-end=\"193\"><strong data-start=\"42\" data-end=\"62\">Millesimato Ros\u00e9<\/strong> nga <strong data-start=\"67\" data-end=\"82\">Donnafugata<\/strong> \u00ebsht\u00eb nj\u00eb ver\u00eb e shk\u00eblqyer me flluska, e prodhuar me <strong data-start=\"136\" data-end=\"155\">Metodo Classico<\/strong>, t\u00eb nj\u00ebjt\u00ebn metod\u00eb t\u00eb p\u00ebrdorur n\u00eb rajonin e Champagne n\u00eb Franc\u00eb. Ky \u00ebsht\u00eb nj\u00eb ros\u00e9 elegant dhe kompleks, q\u00eb pasqyron bukurin\u00eb dhe tradit\u00ebn e ver\u00ebrave t\u00eb Sicilis\u00eb. Kryesisht <strong data-start=\"827\" data-end=\"841\">Pinot Noir<\/strong> dhe <strong data-start=\"846\" data-end=\"859\">Perricone<\/strong>, dy varietete q\u00eb japin nj\u00eb struktur\u00eb t\u00eb mir\u00eb dhe aromatik\u00eb komplekse.<\/p>\n<hr \/>\n<h3><strong><em>Karakteristikat<\/em><\/strong><\/h3>\n<ul>\n<li data-start=\"1405\" data-end=\"1481\"><strong data-start=\"1407\" data-end=\"1418\">Ngjyra:<\/strong> Roz\u00eb e thell\u00eb dhe e ndritshme, me reflektime t\u00eb lehta bakri.<\/li>\n<li data-start=\"1482\" data-end=\"1737\"><strong data-start=\"1484\" data-end=\"1494\">Aroma: <\/strong>Sh\u00ebnime t\u00eb pasura frutash t\u00eb kuqe (luleshtrydhe, mjed\u00ebr, qershi t\u00eb pjekura). Nuanca agrumesh, si l\u00ebkur\u00eb portokalli dhe mandarin\u00eb. Arome delikate e buk\u00ebs s\u00eb thekur, bajameve dhe nj\u00eb prekje vaniljeje nga maturimi mbi majat\u00eb.<\/li>\n<li data-start=\"1738\" data-end=\"1944\"><strong data-start=\"1740\" data-end=\"1750\">Shija: <\/strong>E fresk\u00ebt dhe e ekuilibruar, me aciditet t\u00eb gjall\u00eb dhe struktur\u00eb t\u00eb mir\u00eb. Flluska t\u00eb holl\u00eb dhe elegante (perlage e rafinuar). Pas-shije e gjat\u00eb me nota frutash dhe minerale.<\/li>\n<\/ul>\n<hr \/>\n<h3><em><strong>Shoq\u00ebrime t\u00eb Sugjeruara<\/strong><\/em><\/h3>\n<p><em>Kombinohet n\u00eb m\u00ebnyr\u00eb t\u00eb shk\u00eblqyer me:<\/em><\/p>\n<ul>\n<li data-start=\"1455\" data-end=\"1511\">Antipasta deti (karkaleca, tartar salmoni, ostriche)<\/li>\n<li data-start=\"1512\" data-end=\"1541\">Peshk i fresk\u00ebt dhe sushi<\/li>\n<li data-start=\"1542\" data-end=\"1596\">Djath\u00ebra t\u00eb but\u00eb dhe t\u00eb fresk\u00ebt (ricotta, burrata)<\/li>\n<li data-start=\"1597\" data-end=\"1649\">Ushqime me baz\u00eb perimesh dhe barishte mesdhetare<\/li>\n<\/ul>\n<\/div>\n<\/div>\n<\/div>\n<\/div>\n<\/div>\n<\/div>\n<\/div>\n<\/div>\n<\/article>\n<\/div>\n<\/div>\n<\/div>\n<\/div>\n<p>&nbsp;<\/p>\n","protected":false},"excerpt":{"rendered":"<p>P\u00ebrshkrimi i Ver\u00ebs: SPUMANTE MILLESIMATO ROSE SICILIA &#8211; DONNAFUGATA Detaje t\u00eb Prodhimit: Millesimato Ros\u00e9 nga Donnafugata \u00ebsht\u00eb nj\u00eb ver\u00eb e shk\u00eblqyer me flluska, e prodhuar me Metodo Classico, t\u00eb nj\u00ebjt\u00ebn metod\u00eb t\u00eb p\u00ebrdorur n\u00eb rajonin e Champagne n\u00eb Franc\u00eb. Ky \u00ebsht\u00eb nj\u00eb ros\u00e9 elegant dhe kompleks, q\u00eb pasqyron bukurin\u00eb dhe tradit\u00ebn e ver\u00ebrave t\u00eb Sicilis\u00eb. [&hellip;]<\/p>\n","protected":false},"featured_media":8025,"template":"","meta":[],"product_brand":[],"product_cat":[49,58,69],"product_tag":[],"class_list":{"0":"post-6561","1":"product","2":"type-product","3":"status-publish","4":"has-post-thumbnail","6":"product_cat-prosecco-champagne","7":"product_cat-vere","8":"product_cat-vere-roze","10":"first","11":"instock","12":"shipping-taxable","13":"purchasable","14":"product-type-simple"},"_links":{"self":[{"href":"https:\/\/alehandrogroup.al\/en\/wp-json\/wp\/v2\/product\/6561","targetHints":{"allow":["GET"]}}],"collection":[{"href":"https:\/\/alehandrogroup.al\/en\/wp-json\/wp\/v2\/product"}],"about":[{"href":"https:\/\/alehandrogroup.al\/en\/wp-json\/wp\/v2\/types\/product"}],"version-history":[{"count":1,"href":"https:\/\/alehandrogroup.al\/en\/wp-json\/wp\/v2\/product\/6561\/revisions"}],"predecessor-version":[{"id":8024,"href":"https:\/\/alehandrogroup.al\/en\/wp-json\/wp\/v2\/product\/6561\/revisions\/8024"}],"wp:featuredmedia":[{"embeddable":true,"href":"https:\/\/alehandrogroup.al\/en\/wp-json\/wp\/v2\/media\/8025"}],"wp:attachment":[{"href":"https:\/\/alehandrogroup.al\/en\/wp-json\/wp\/v2\/media?parent=6561"}],"wp:term":[{"taxonomy":"product_brand","embeddable":true,"href":"https:\/\/alehandrogroup.al\/en\/wp-json\/wp\/v2\/product_brand?post=6561"},{"taxonomy":"product_cat","embeddable":true,"href":"https:\/\/alehandrogroup.al\/en\/wp-json\/wp\/v2\/product_cat?post=6561"},{"taxonomy":"product_tag","embeddable":true,"href":"https:\/\/alehandrogroup.al\/en\/wp-json\/wp\/v2\/product_tag?post=6561"}],"curies":[{"name":"wp","href":"https:\/\/api.w.org\/{rel}","templated":true}]}}