{"id":6539,"date":"2025-03-10T15:11:38","date_gmt":"2025-03-10T15:11:38","guid":{"rendered":"https:\/\/alehandrogroup.al\/?post_type=product&#038;p=6539"},"modified":"2025-11-22T12:01:57","modified_gmt":"2025-11-22T12:01:57","slug":"pauillac-de-lb-pauillac-j-m-cazes-selection","status":"publish","type":"product","link":"https:\/\/alehandrogroup.al\/en\/product\/pauillac-de-lb-pauillac-j-m-cazes-selection\/","title":{"rendered":"PAUILLAC DE LB PAUILLAC &#8211; J.M CAZES SELECTION"},"content":{"rendered":"<h3><strong><em>P\u00ebrshkrimi i Ver\u00ebs: PAUILLAC DE LB PAUILLAC &#8211; J.M CAZES SELECTION<\/em><\/strong><\/h3>\n<p><em><strong>Detaje t\u00eb Prodhimit:<\/strong><\/em><\/p>\n<p data-start=\"0\" data-end=\"193\"><strong data-start=\"0\" data-end=\"50\">Pauillac de LB Pauillac &#8211; J.M. Cazes Selection<\/strong> \u00ebsht\u00eb nj\u00eb ver\u00eb e kuqe nga rajoni i njohur i Pauillac, n\u00eb Bordeaux, Franc\u00eb, dhe vjen nga pasuria e J.M. Cazes. Kjo ver\u00eb \u00ebsht\u00eb e njohur p\u00ebr cil\u00ebsin\u00eb e saj t\u00eb lart\u00eb dhe karakteristikat e ve\u00e7anta q\u00eb pasqyrojn\u00eb terroirin e rajonit P\u00ebrzierja p\u00ebrfshin zakonisht Cabernet Sauvignon, Merlot dhe ndonj\u00ebher\u00eb edhe Cabernet Franc, n\u00eb p\u00ebrqindje t\u00eb ndryshme n\u00eb var\u00ebsi t\u00eb vitit.<\/p>\n<hr \/>\n<h3><strong><em>Karakteristikat<\/em><\/strong><\/h3>\n<ul>\n<li data-start=\"358\" data-end=\"406\"><strong data-start=\"360\" data-end=\"370\">Ngjyra<\/strong>: E kuqe e thell\u00eb me nuanca garneti.<\/li>\n<li data-start=\"407\" data-end=\"570\"><strong data-start=\"409\" data-end=\"418\">Aroma<\/strong>: Arome t\u00eb pasura me fruta t\u00eb err\u00ebta si mjedra dhe boronica, t\u00eb shoq\u00ebruara me nuanca t\u00eb buta duhani, kedri dhe grafiti, tipike p\u00ebr terroirin e Pauillac.<\/li>\n<li data-start=\"571\" data-end=\"782\"><strong data-start=\"573\" data-end=\"582\">Shija<\/strong>: Ver\u00eb e mir\u00ebstrukturuar me tanina t\u00eb forta dhe aciditet t\u00eb balancuar. Shije t\u00eb frutave t\u00eb pjekura t\u00eb err\u00ebta, si dhe mb\u00ebshtjellje me nuanca vaniljeje, speca dhe l\u00ebkure q\u00eb zhvillohen nd\u00ebrsa vera hapet. P\u00ebrfundimi \u00ebsht\u00eb i gjat\u00eb dhe elegant, me nj\u00eb tekstur\u00eb t\u00eb but\u00eb dhe t\u00eb l\u00ebmuar dhe shije t\u00eb zgjatura t\u00eb frutave t\u00eb err\u00ebta dhe l\u00ebkure.<\/li>\n<\/ul>\n<hr \/>\n<h3><em><strong>Shoq\u00ebrime t\u00eb Sugjeruara<\/strong><\/em><\/h3>\n<p><em>Kombinohet n\u00eb m\u00ebnyr\u00eb t\u00eb shk\u00eblqyer me:<\/em><\/p>\n<ul>\n<li>\n<p data-start=\"1021\" data-end=\"1269\">Kombinohet n\u00eb m\u00ebnyr\u00eb t\u00eb shk\u00eblqyer me mish vi\u00e7i t\u00eb pjekur, gjeldeti dhe gatime tradicionale franceze<\/p>\n<\/li>\n<li>\n<p data-start=\"1021\" data-end=\"1269\">P\u00ebrshtatet me djath\u00ebra t\u00eb stazhionuar<\/p>\n<\/li>\n<li>\n<p data-start=\"1021\" data-end=\"1269\">Ideale p\u00ebr ta shijuar me Pasta ose Rizotto<\/p>\n<\/li>\n<\/ul>","protected":false},"excerpt":{"rendered":"<p>P\u00ebrshkrimi i Ver\u00ebs: PAUILLAC DE LB PAUILLAC &#8211; J.M CAZES SELECTION Detaje t\u00eb Prodhimit: Pauillac de LB Pauillac &#8211; J.M. Cazes Selection \u00ebsht\u00eb nj\u00eb ver\u00eb e kuqe nga rajoni i njohur i Pauillac, n\u00eb Bordeaux, Franc\u00eb, dhe vjen nga pasuria e J.M. Cazes. Kjo ver\u00eb \u00ebsht\u00eb e njohur p\u00ebr cil\u00ebsin\u00eb e saj t\u00eb lart\u00eb dhe [&hellip;]<\/p>\n","protected":false},"featured_media":7623,"template":"","meta":[],"product_brand":[],"product_cat":[46],"product_tag":[],"class_list":{"0":"post-6539","1":"product","2":"type-product","3":"status-publish","4":"has-post-thumbnail","6":"product_cat-vere-e-kuqe","8":"first","9":"instock","10":"shipping-taxable","11":"purchasable","12":"product-type-simple"},"_links":{"self":[{"href":"https:\/\/alehandrogroup.al\/en\/wp-json\/wp\/v2\/product\/6539","targetHints":{"allow":["GET"]}}],"collection":[{"href":"https:\/\/alehandrogroup.al\/en\/wp-json\/wp\/v2\/product"}],"about":[{"href":"https:\/\/alehandrogroup.al\/en\/wp-json\/wp\/v2\/types\/product"}],"version-history":[{"count":1,"href":"https:\/\/alehandrogroup.al\/en\/wp-json\/wp\/v2\/product\/6539\/revisions"}],"predecessor-version":[{"id":7622,"href":"https:\/\/alehandrogroup.al\/en\/wp-json\/wp\/v2\/product\/6539\/revisions\/7622"}],"wp:featuredmedia":[{"embeddable":true,"href":"https:\/\/alehandrogroup.al\/en\/wp-json\/wp\/v2\/media\/7623"}],"wp:attachment":[{"href":"https:\/\/alehandrogroup.al\/en\/wp-json\/wp\/v2\/media?parent=6539"}],"wp:term":[{"taxonomy":"product_brand","embeddable":true,"href":"https:\/\/alehandrogroup.al\/en\/wp-json\/wp\/v2\/product_brand?post=6539"},{"taxonomy":"product_cat","embeddable":true,"href":"https:\/\/alehandrogroup.al\/en\/wp-json\/wp\/v2\/product_cat?post=6539"},{"taxonomy":"product_tag","embeddable":true,"href":"https:\/\/alehandrogroup.al\/en\/wp-json\/wp\/v2\/product_tag?post=6539"}],"curies":[{"name":"wp","href":"https:\/\/api.w.org\/{rel}","templated":true}]}}