{"id":6537,"date":"2025-03-10T14:32:26","date_gmt":"2025-03-10T14:32:26","guid":{"rendered":"https:\/\/alehandrogroup.al\/?post_type=product&#038;p=6537"},"modified":"2025-11-21T21:30:12","modified_gmt":"2025-11-21T21:30:12","slug":"bordeaux-bentejac-j-m-cazes-selection","status":"publish","type":"product","link":"https:\/\/alehandrogroup.al\/en\/product\/bordeaux-bentejac-j-m-cazes-selection\/","title":{"rendered":"BORDEAUX BENTEJAC &#8211; J.M CAZES SELECTION"},"content":{"rendered":"<h3><strong><em>P\u00ebrshkrimi i Ver\u00ebs: BORDEAUX BENTEJAC &#8211; J.M CAZES SELECTION<\/em><\/strong><\/h3>\n<p><em><strong>Detaje t\u00eb Prodhimit:<\/strong><\/em><\/p>\n<p data-start=\"0\" data-end=\"193\"><strong data-start=\"55\" data-end=\"76\">Bordeaux Bentejac<\/strong> \u00ebsht\u00eb nj\u00eb ver\u00eb autentike e prodhuar nga <strong data-start=\"117\" data-end=\"140\">J.M Cazes Selection<\/strong>, nj\u00eb sht\u00ebpi prestigjioze e njohur p\u00ebr ver\u00ebrat e saj me cil\u00ebsi t\u00eb lart\u00eb nga rajoni i <strong data-start=\"225\" data-end=\"237\">Bordeaux<\/strong>. Kjo ver\u00eb shpreh eleganc\u00ebn dhe harmonin\u00eb e terroirit t\u00eb Bordeaux-it, duke ofruar nj\u00eb p\u00ebrvoj\u00eb t\u00eb k\u00ebndshme degustimi.<\/p>\n<hr \/>\n<h3><strong><em>Karakteristikat<\/em><\/strong><\/h3>\n<ul>\n<li data-start=\"1762\" data-end=\"1816\"><strong data-start=\"515\" data-end=\"526\">Ngjyra:<\/strong> E kuqe rubin e thell\u00eb me nuanca t\u00eb purpurta<\/li>\n<li data-start=\"1762\" data-end=\"1816\"><strong data-start=\"576\" data-end=\"587\">Aromat:<\/strong> Aroma t\u00eb pasura me fruta t\u00eb kuqe dhe t\u00eb zeza si qershi, kumbull dhe manaferra, t\u00eb nd\u00ebrthurura me nota vaniljeje dhe nuanca t\u00eb buta druri<\/li>\n<li data-start=\"1762\" data-end=\"1816\"><strong data-start=\"730\" data-end=\"740\">Shija:<\/strong> E ekuilibruar, me tanine t\u00eb buta dhe nj\u00eb struktur\u00eb elegante. Fund i k\u00ebndsh\u00ebm me nota t\u00eb pjekura dhe nj\u00eb prekje pikante<\/li>\n<\/ul>\n<hr \/>\n<h3><em><strong>Shoq\u00ebrime t\u00eb Sugjeruara<\/strong><\/em><\/h3>\n<p><em>Kombinohet n\u00eb m\u00ebnyr\u00eb t\u00eb shk\u00eblqyer me:<\/em><\/p>\n<ul>\n<li>\n<p data-start=\"1021\" data-end=\"1269\">Kombinohet n\u00eb m\u00ebnyr\u00eb t\u00eb shk\u00eblqyer me mish vi\u00e7i t\u00eb pjekur, gjeldeti dhe gatime tradicionale franceze<\/p>\n<\/li>\n<li>\n<p data-start=\"1021\" data-end=\"1269\">P\u00ebrshtatet me djath\u00ebra t\u00eb but\u00eb dhe gjysm\u00eb t\u00eb stazhionuar<\/p>\n<\/li>\n<li>\n<p data-start=\"1021\" data-end=\"1269\">Ideale p\u00ebr ta shijuar me makarona me salca t\u00eb pasura ose pjatanca mesdhetare<\/p>\n<\/li>\n<\/ul>","protected":false},"excerpt":{"rendered":"<p>P\u00ebrshkrimi i Ver\u00ebs: BORDEAUX BENTEJAC &#8211; J.M CAZES SELECTION Detaje t\u00eb Prodhimit: Bordeaux Bentejac \u00ebsht\u00eb nj\u00eb ver\u00eb autentike e prodhuar nga J.M Cazes Selection, nj\u00eb sht\u00ebpi prestigjioze e njohur p\u00ebr ver\u00ebrat e saj me cil\u00ebsi t\u00eb lart\u00eb nga rajoni i Bordeaux. Kjo ver\u00eb shpreh eleganc\u00ebn dhe harmonin\u00eb e terroirit t\u00eb Bordeaux-it, duke ofruar nj\u00eb p\u00ebrvoj\u00eb [&hellip;]<\/p>\n","protected":false},"featured_media":7526,"template":"","meta":[],"product_brand":[],"product_cat":[46],"product_tag":[],"class_list":{"0":"post-6537","1":"product","2":"type-product","3":"status-publish","4":"has-post-thumbnail","6":"product_cat-vere-e-kuqe","8":"first","9":"instock","10":"shipping-taxable","11":"purchasable","12":"product-type-simple"},"_links":{"self":[{"href":"https:\/\/alehandrogroup.al\/en\/wp-json\/wp\/v2\/product\/6537","targetHints":{"allow":["GET"]}}],"collection":[{"href":"https:\/\/alehandrogroup.al\/en\/wp-json\/wp\/v2\/product"}],"about":[{"href":"https:\/\/alehandrogroup.al\/en\/wp-json\/wp\/v2\/types\/product"}],"version-history":[{"count":1,"href":"https:\/\/alehandrogroup.al\/en\/wp-json\/wp\/v2\/product\/6537\/revisions"}],"predecessor-version":[{"id":7527,"href":"https:\/\/alehandrogroup.al\/en\/wp-json\/wp\/v2\/product\/6537\/revisions\/7527"}],"wp:featuredmedia":[{"embeddable":true,"href":"https:\/\/alehandrogroup.al\/en\/wp-json\/wp\/v2\/media\/7526"}],"wp:attachment":[{"href":"https:\/\/alehandrogroup.al\/en\/wp-json\/wp\/v2\/media?parent=6537"}],"wp:term":[{"taxonomy":"product_brand","embeddable":true,"href":"https:\/\/alehandrogroup.al\/en\/wp-json\/wp\/v2\/product_brand?post=6537"},{"taxonomy":"product_cat","embeddable":true,"href":"https:\/\/alehandrogroup.al\/en\/wp-json\/wp\/v2\/product_cat?post=6537"},{"taxonomy":"product_tag","embeddable":true,"href":"https:\/\/alehandrogroup.al\/en\/wp-json\/wp\/v2\/product_tag?post=6537"}],"curies":[{"name":"wp","href":"https:\/\/api.w.org\/{rel}","templated":true}]}}