{"id":6535,"date":"2025-03-10T14:26:49","date_gmt":"2025-03-10T14:26:49","guid":{"rendered":"https:\/\/alehandrogroup.al\/?post_type=product&#038;p=6535"},"modified":"2025-12-26T11:35:57","modified_gmt":"2025-12-26T11:35:57","slug":"saint-estephe-chateau-haut-beausejour","status":"publish","type":"product","link":"https:\/\/alehandrogroup.al\/en\/product\/saint-estephe-chateau-haut-beausejour\/","title":{"rendered":"SAINT ESTEPHE &#8211; CHATEAU HAUT &#8211; BEAUSEJOUR"},"content":{"rendered":"<h3><strong><em>P\u00ebrshkrimi i Ver\u00ebs: SAINT ESTEPHE &#8211; CHATEAU HAUT &#8211; BEAUSEJOUR<\/em><\/strong><\/h3>\n<p><em><strong>Detaje t\u00eb Prodhimit:<\/strong><\/em><\/p>\n<p data-start=\"0\" data-end=\"193\"><strong data-start=\"55\" data-end=\"82\">Ch\u00e2teau Haut-Beaus\u00e9jour<\/strong> \u00ebsht\u00eb nj\u00eb ver\u00eb elegante dhe komplekse nga apelacioni prestigjioz <strong data-start=\"148\" data-end=\"165\">Saint-Est\u00e8phe<\/strong>, i njohur p\u00ebr ver\u00ebrat e tij t\u00eb fuqishme dhe t\u00eb strukturuara. Kjo ver\u00eb mish\u00ebron karakterin klasik t\u00eb <strong data-start=\"266\" data-end=\"275\">M\u00e9doc<\/strong>, me tanine t\u00eb sofistikuara dhe nj\u00eb potencial t\u00eb shk\u00eblqyer p\u00ebr vjet\u00ebrsim.<\/p>\n<hr \/>\n<h3><strong><em>Karakteristikat<\/em><\/strong><\/h3>\n<ul>\n<li data-start=\"1762\" data-end=\"1816\"><strong data-start=\"525\" data-end=\"536\">Ngjyra:<\/strong> E kuqe e thell\u00eb rubin me reflektime t\u00eb purpurta<\/li>\n<li data-start=\"1762\" data-end=\"1816\"><strong data-start=\"590\" data-end=\"601\">Aromat:<\/strong> Shprehje komplekse e frutave t\u00eb zeza si manaferra dhe qershia e zez\u00eb, me nuanca druri, duhani, vaniljeje dhe er\u00ebzash t\u00eb lehta<\/li>\n<li data-start=\"1762\" data-end=\"1816\"><strong data-start=\"733\" data-end=\"743\">Shija:<\/strong> Struktur\u00eb e pasur me tanine t\u00eb m\u00ebndafshta, aciditet t\u00eb ekuilibruar dhe nj\u00eb fund t\u00eb gjat\u00eb me nota minerale dhe t\u00eb pjekura<\/li>\n<\/ul>\n<hr \/>\n<h3><em><strong>Shoq\u00ebrime t\u00eb Sugjeruara<\/strong><\/em><\/h3>\n<p><em>Kombinohet n\u00eb m\u00ebnyr\u00eb t\u00eb shk\u00eblqyer me:<\/em><\/p>\n<ul>\n<li>Kombinohet shk\u00eblqyesh\u00ebm me mish vi\u00e7i t\u00eb pjekur, qengj ose gjah<\/li>\n<li>Shk\u00eblqen me djath\u00ebra t\u00eb stazhionuar si Gruy\u00e8re dhe Bleu d\u2019Auvergne<\/li>\n<li>Nj\u00eb zgjedhje e shk\u00eblqyer edhe p\u00ebr shoq\u00ebrimin me \u00e7okollat\u00eb t\u00eb zez\u00eb me p\u00ebrqindje t\u00eb lart\u00eb kakao<\/li>\n<\/ul>","protected":false},"excerpt":{"rendered":"<p>P\u00ebrshkrimi i Ver\u00ebs: SAINT ESTEPHE &#8211; CHATEAU HAUT &#8211; BEAUSEJOUR Detaje t\u00eb Prodhimit: Ch\u00e2teau Haut-Beaus\u00e9jour \u00ebsht\u00eb nj\u00eb ver\u00eb elegante dhe komplekse nga apelacioni prestigjioz Saint-Est\u00e8phe, i njohur p\u00ebr ver\u00ebrat e tij t\u00eb fuqishme dhe t\u00eb strukturuara. Kjo ver\u00eb mish\u00ebron karakterin klasik t\u00eb M\u00e9doc, me tanine t\u00eb sofistikuara dhe nj\u00eb potencial t\u00eb shk\u00eblqyer p\u00ebr vjet\u00ebrsim. Karakteristikat [&hellip;]<\/p>\n","protected":false},"featured_media":7995,"template":"","meta":[],"product_brand":[],"product_cat":[46],"product_tag":[],"class_list":{"0":"post-6535","1":"product","2":"type-product","3":"status-publish","4":"has-post-thumbnail","6":"product_cat-vere-e-kuqe","8":"first","9":"instock","10":"shipping-taxable","11":"purchasable","12":"product-type-simple"},"_links":{"self":[{"href":"https:\/\/alehandrogroup.al\/en\/wp-json\/wp\/v2\/product\/6535","targetHints":{"allow":["GET"]}}],"collection":[{"href":"https:\/\/alehandrogroup.al\/en\/wp-json\/wp\/v2\/product"}],"about":[{"href":"https:\/\/alehandrogroup.al\/en\/wp-json\/wp\/v2\/types\/product"}],"version-history":[{"count":1,"href":"https:\/\/alehandrogroup.al\/en\/wp-json\/wp\/v2\/product\/6535\/revisions"}],"predecessor-version":[{"id":7996,"href":"https:\/\/alehandrogroup.al\/en\/wp-json\/wp\/v2\/product\/6535\/revisions\/7996"}],"wp:featuredmedia":[{"embeddable":true,"href":"https:\/\/alehandrogroup.al\/en\/wp-json\/wp\/v2\/media\/7995"}],"wp:attachment":[{"href":"https:\/\/alehandrogroup.al\/en\/wp-json\/wp\/v2\/media?parent=6535"}],"wp:term":[{"taxonomy":"product_brand","embeddable":true,"href":"https:\/\/alehandrogroup.al\/en\/wp-json\/wp\/v2\/product_brand?post=6535"},{"taxonomy":"product_cat","embeddable":true,"href":"https:\/\/alehandrogroup.al\/en\/wp-json\/wp\/v2\/product_cat?post=6535"},{"taxonomy":"product_tag","embeddable":true,"href":"https:\/\/alehandrogroup.al\/en\/wp-json\/wp\/v2\/product_tag?post=6535"}],"curies":[{"name":"wp","href":"https:\/\/api.w.org\/{rel}","templated":true}]}}