{"id":6533,"date":"2025-03-10T14:23:31","date_gmt":"2025-03-10T14:23:31","guid":{"rendered":"https:\/\/alehandrogroup.al\/?post_type=product&#038;p=6533"},"modified":"2025-12-26T11:33:39","modified_gmt":"2025-12-26T11:33:39","slug":"saint-estephe-chateau-de-pez","status":"publish","type":"product","link":"https:\/\/alehandrogroup.al\/en\/product\/saint-estephe-chateau-de-pez\/","title":{"rendered":"SAINT ESTEPHE &#8211; CHATEAU DE PEZ"},"content":{"rendered":"<h3><strong><em>P\u00ebrshkrimi i Ver\u00ebs: SAINT ESTEPHE &#8211; CHATEAU DE PEZ<\/em><\/strong><\/h3>\n<p><em><strong>Detaje t\u00eb Prodhimit:<\/strong><\/em><\/p>\n<p data-start=\"0\" data-end=\"193\">Nj\u00eb nga emblemat e <strong data-start=\"65\" data-end=\"82\">Saint-Est\u00e8phe<\/strong>, <strong data-start=\"84\" data-end=\"102\">Ch\u00e2teau de Pez<\/strong> \u00ebsht\u00eb nj\u00eb ver\u00eb klasike e <strong data-start=\"128\" data-end=\"140\">Bordeaux<\/strong> me nj\u00eb struktur\u00eb t\u00eb fuqishme, eleganc\u00eb t\u00eb jasht\u00ebzakonshme dhe potencial t\u00eb madh p\u00ebr vjet\u00ebrsim. E krijuar n\u00eb nj\u00eb nga kantinat m\u00eb t\u00eb vjetra dhe t\u00eb respektuara t\u00eb <strong data-start=\"301\" data-end=\"310\">M\u00e9doc<\/strong>, kjo ver\u00eb mish\u00ebron tradit\u00ebn dhe sofistikimin e terroirit t\u00eb Saint-Est\u00e8phe..<\/p>\n<hr \/>\n<h3><strong><em>Karakteristikat<\/em><\/strong><\/h3>\n<ul>\n<li data-start=\"1762\" data-end=\"1816\">\u00a0<strong data-start=\"576\" data-end=\"587\">Ngjyra:<\/strong> E kuqe e thell\u00eb rubin me reflektime vjollc\u00eb<\/li>\n<li data-start=\"1762\" data-end=\"1816\"><strong data-start=\"637\" data-end=\"648\">Aromat:<\/strong> Aroma intensive me nota t\u00eb frutave t\u00eb pjekura (manaferr\u00eb, rrush i that\u00eb, kumbull), t\u00eb nd\u00ebrthurura me nuanca delikate t\u00eb drurit, duhanit, vaniljes dhe piperit t\u00eb zi<\/li>\n<li data-start=\"1762\" data-end=\"1816\"><strong data-start=\"818\" data-end=\"828\">Shija:<\/strong> Struktur\u00eb e fuqishme me tanine t\u00eb m\u00ebndafshta dhe nj\u00eb ekuilib\u00ebr t\u00eb shk\u00eblqyer mes freskis\u00eb, kompleksitetit dhe eleganc\u00ebs. Fundi \u00ebsht\u00eb i gjat\u00eb dhe me nota minerale t\u00eb dallueshme<\/li>\n<\/ul>\n<hr \/>\n<h3><em><strong>Shoq\u00ebrime t\u00eb Sugjeruara<\/strong><\/em><\/h3>\n<p><em>Kombinohet n\u00eb m\u00ebnyr\u00eb t\u00eb shk\u00eblqyer me:<\/em><\/p>\n<ul>\n<li>Perfekte me mish t\u00eb kuq t\u00eb pjekur, biftek ose gjah si dreri dhe rosa<\/li>\n<li>Kombinohet shk\u00eblqyesh\u00ebm me djath\u00ebra t\u00eb stazhionuar si Comt\u00e9, Roquefort ose Tomme de Savoie<\/li>\n<li>Mund t\u00eb shoq\u00ebrohet me \u00e7okollat\u00eb t\u00eb zez\u00eb p\u00ebr nj\u00eb p\u00ebrvoj\u00eb unike shije<\/li>\n<\/ul>","protected":false},"excerpt":{"rendered":"<p>P\u00ebrshkrimi i Ver\u00ebs: SAINT ESTEPHE &#8211; CHATEAU DE PEZ Detaje t\u00eb Prodhimit: Nj\u00eb nga emblemat e Saint-Est\u00e8phe, Ch\u00e2teau de Pez \u00ebsht\u00eb nj\u00eb ver\u00eb klasike e Bordeaux me nj\u00eb struktur\u00eb t\u00eb fuqishme, eleganc\u00eb t\u00eb jasht\u00ebzakonshme dhe potencial t\u00eb madh p\u00ebr vjet\u00ebrsim. E krijuar n\u00eb nj\u00eb nga kantinat m\u00eb t\u00eb vjetra dhe t\u00eb respektuara t\u00eb M\u00e9doc, kjo [&hellip;]<\/p>\n","protected":false},"featured_media":7993,"template":"","meta":[],"product_brand":[],"product_cat":[46],"product_tag":[],"class_list":{"0":"post-6533","1":"product","2":"type-product","3":"status-publish","4":"has-post-thumbnail","6":"product_cat-vere-e-kuqe","8":"first","9":"instock","10":"shipping-taxable","11":"purchasable","12":"product-type-simple"},"_links":{"self":[{"href":"https:\/\/alehandrogroup.al\/en\/wp-json\/wp\/v2\/product\/6533","targetHints":{"allow":["GET"]}}],"collection":[{"href":"https:\/\/alehandrogroup.al\/en\/wp-json\/wp\/v2\/product"}],"about":[{"href":"https:\/\/alehandrogroup.al\/en\/wp-json\/wp\/v2\/types\/product"}],"version-history":[{"count":1,"href":"https:\/\/alehandrogroup.al\/en\/wp-json\/wp\/v2\/product\/6533\/revisions"}],"predecessor-version":[{"id":7994,"href":"https:\/\/alehandrogroup.al\/en\/wp-json\/wp\/v2\/product\/6533\/revisions\/7994"}],"wp:featuredmedia":[{"embeddable":true,"href":"https:\/\/alehandrogroup.al\/en\/wp-json\/wp\/v2\/media\/7993"}],"wp:attachment":[{"href":"https:\/\/alehandrogroup.al\/en\/wp-json\/wp\/v2\/media?parent=6533"}],"wp:term":[{"taxonomy":"product_brand","embeddable":true,"href":"https:\/\/alehandrogroup.al\/en\/wp-json\/wp\/v2\/product_brand?post=6533"},{"taxonomy":"product_cat","embeddable":true,"href":"https:\/\/alehandrogroup.al\/en\/wp-json\/wp\/v2\/product_cat?post=6533"},{"taxonomy":"product_tag","embeddable":true,"href":"https:\/\/alehandrogroup.al\/en\/wp-json\/wp\/v2\/product_tag?post=6533"}],"curies":[{"name":"wp","href":"https:\/\/api.w.org\/{rel}","templated":true}]}}