{"id":6531,"date":"2025-03-10T14:20:05","date_gmt":"2025-03-10T14:20:05","guid":{"rendered":"https:\/\/alehandrogroup.al\/?post_type=product&#038;p=6531"},"modified":"2025-11-24T13:44:32","modified_gmt":"2025-11-24T13:44:32","slug":"bolgheri-superiore-rosso-grattamacco","status":"publish","type":"product","link":"https:\/\/alehandrogroup.al\/en\/product\/bolgheri-superiore-rosso-grattamacco\/","title":{"rendered":"BOLGHERI SUPERIORE ROSSO &#8211; GRATTAMACCO"},"content":{"rendered":"<h3><strong><em>P\u00ebrshkrimi i Ver\u00ebs: BOLGHERI SUPERIORE ROSSO &#8211; GRATTAMACCO<\/em><\/strong><\/h3>\n<p><em><strong>Detaje t\u00eb Prodhimit:<\/strong><\/em><\/p>\n<p data-start=\"0\" data-end=\"193\">Nj\u00eb ikon\u00eb e v\u00ebrtet\u00eb nga rajoni i famsh\u00ebm <strong data-start=\"95\" data-end=\"111\">Bolgheri DOC<\/strong>, <strong data-start=\"113\" data-end=\"153\">Grattamacco Bolgheri Superiore Rosso<\/strong> \u00ebsht\u00eb nj\u00eb ver\u00eb me struktur\u00eb t\u00eb fuqishme, eleganc\u00eb t\u00eb rrall\u00eb dhe nj\u00eb potencial t\u00eb jasht\u00ebzakonsh\u00ebm p\u00ebr vjet\u00ebrsim. Prodhuar nga nj\u00eb prej kantinave m\u00eb t\u00eb vler\u00ebsuara t\u00eb Toskan\u00ebs, kjo ver\u00eb pasqyron m\u00eb s\u00eb miri terroirin unik t\u00eb kodrave t\u00eb Bolgherit dhe mjesht\u00ebrin\u00eb enologjike t\u00eb <strong data-start=\"426\" data-end=\"441\">Grattamacco<\/strong>.<\/p>\n<hr \/>\n<h3><strong><em>Karakteristikat<\/em><\/strong><\/h3>\n<ul>\n<li data-start=\"1762\" data-end=\"1816\">\u00a0<strong data-start=\"618\" data-end=\"629\">Ngjyra:<\/strong> E kuqe rubin e thell\u00eb me reflektime granate<\/li>\n<li data-start=\"1762\" data-end=\"1816\"><strong data-start=\"679\" data-end=\"690\">Aromat:<\/strong> Kompleksitet aromatik i pasur me nota t\u00eb frutave t\u00eb zeza (manaferr\u00eb, kumbull e pjekur), t\u00eb nd\u00ebrthurura me nuanca t\u00eb delikate t\u00eb vaniljes, kafes\u00eb, duhanit dhe er\u00ebzave mesdhetare<\/li>\n<li data-start=\"1762\" data-end=\"1816\"><strong data-start=\"873\" data-end=\"883\">Shija:<\/strong> E fuqishme dhe e pasur, me tanine t\u00eb buta dhe nj\u00eb balanc\u00eb perfekte mes struktur\u00ebs, freskis\u00eb dhe eleganc\u00ebs. Mbyllja \u00ebsht\u00eb e gjat\u00eb dhe e rafinuar, me nj\u00eb ndjesi t\u00eb k\u00ebndshme minerale<\/li>\n<\/ul>\n<hr \/>\n<h3><em><strong>Shoq\u00ebrime t\u00eb Sugjeruara<\/strong><\/em><\/h3>\n<p><em>Kombinohet n\u00eb m\u00ebnyr\u00eb t\u00eb shk\u00eblqyer me:<\/em><\/p>\n<ul>\n<li>Shoq\u00ebrohet n\u00eb m\u00ebnyr\u00eb t\u00eb shk\u00eblqyer me mish t\u00eb kuq t\u00eb pjekur, biftek Fiorentina, mish vi\u00e7i ose gjahu<\/li>\n<li>Kombinohet n\u00eb m\u00ebnyr\u00eb perfekte me djath\u00ebra t\u00eb stazhionuar si Pecorino Toscano, Grana Padano ose Parmigiano Reggiano<\/li>\n<li>Ideale edhe me \u00e7okollat\u00eb t\u00eb zez\u00eb me p\u00ebrqindje t\u00eb lart\u00eb kakaoje, p\u00ebr nj\u00eb p\u00ebrvoj\u00eb shije t\u00eb rafinuar<\/li>\n<\/ul>","protected":false},"excerpt":{"rendered":"<p>P\u00ebrshkrimi i Ver\u00ebs: BOLGHERI SUPERIORE ROSSO &#8211; GRATTAMACCO Detaje t\u00eb Prodhimit: Nj\u00eb ikon\u00eb e v\u00ebrtet\u00eb nga rajoni i famsh\u00ebm Bolgheri DOC, Grattamacco Bolgheri Superiore Rosso \u00ebsht\u00eb nj\u00eb ver\u00eb me struktur\u00eb t\u00eb fuqishme, eleganc\u00eb t\u00eb rrall\u00eb dhe nj\u00eb potencial t\u00eb jasht\u00ebzakonsh\u00ebm p\u00ebr vjet\u00ebrsim. Prodhuar nga nj\u00eb prej kantinave m\u00eb t\u00eb vler\u00ebsuara t\u00eb Toskan\u00ebs, kjo ver\u00eb pasqyron [&hellip;]<\/p>\n","protected":false},"featured_media":7667,"template":"","meta":[],"product_brand":[],"product_cat":[46],"product_tag":[],"class_list":{"0":"post-6531","1":"product","2":"type-product","3":"status-publish","4":"has-post-thumbnail","6":"product_cat-vere-e-kuqe","8":"first","9":"instock","10":"shipping-taxable","11":"purchasable","12":"product-type-simple"},"_links":{"self":[{"href":"https:\/\/alehandrogroup.al\/en\/wp-json\/wp\/v2\/product\/6531","targetHints":{"allow":["GET"]}}],"collection":[{"href":"https:\/\/alehandrogroup.al\/en\/wp-json\/wp\/v2\/product"}],"about":[{"href":"https:\/\/alehandrogroup.al\/en\/wp-json\/wp\/v2\/types\/product"}],"version-history":[{"count":1,"href":"https:\/\/alehandrogroup.al\/en\/wp-json\/wp\/v2\/product\/6531\/revisions"}],"predecessor-version":[{"id":7668,"href":"https:\/\/alehandrogroup.al\/en\/wp-json\/wp\/v2\/product\/6531\/revisions\/7668"}],"wp:featuredmedia":[{"embeddable":true,"href":"https:\/\/alehandrogroup.al\/en\/wp-json\/wp\/v2\/media\/7667"}],"wp:attachment":[{"href":"https:\/\/alehandrogroup.al\/en\/wp-json\/wp\/v2\/media?parent=6531"}],"wp:term":[{"taxonomy":"product_brand","embeddable":true,"href":"https:\/\/alehandrogroup.al\/en\/wp-json\/wp\/v2\/product_brand?post=6531"},{"taxonomy":"product_cat","embeddable":true,"href":"https:\/\/alehandrogroup.al\/en\/wp-json\/wp\/v2\/product_cat?post=6531"},{"taxonomy":"product_tag","embeddable":true,"href":"https:\/\/alehandrogroup.al\/en\/wp-json\/wp\/v2\/product_tag?post=6531"}],"curies":[{"name":"wp","href":"https:\/\/api.w.org\/{rel}","templated":true}]}}