{"id":6527,"date":"2025-03-10T14:13:10","date_gmt":"2025-03-10T14:13:10","guid":{"rendered":"https:\/\/alehandrogroup.al\/?post_type=product&#038;p=6527"},"modified":"2025-11-24T13:45:22","modified_gmt":"2025-11-24T13:45:22","slug":"bolgheri-rosso-doc-grattamacco","status":"publish","type":"product","link":"https:\/\/alehandrogroup.al\/en\/product\/bolgheri-rosso-doc-grattamacco\/","title":{"rendered":"BOLGHERI ROSSO DOC &#8211; GRATTAMACCO"},"content":{"rendered":"<h3><strong><em>P\u00ebrshkrimi i Ver\u00ebs: BOLGHERI ROSSO DOC &#8211; GRATTAMACCO<\/em><\/strong><\/h3>\n<p><em><strong>Detaje t\u00eb Prodhimit:<\/strong><\/em><\/p>\n<p data-start=\"0\" data-end=\"193\"><strong data-start=\"0\" data-end=\"36\">Bolgheri Rosso DOC &#8211; Grattamacco<\/strong> \u00ebsht\u00eb nj\u00eb ver\u00eb prestigjioze nga rajoni i Bolgherit n\u00eb Toskan\u00eb, e prodhuar nga <strong data-start=\"115\" data-end=\"130\">Grattamacco<\/strong>, nj\u00eb nga kantinat m\u00eb t\u00eb njohura t\u00eb zon\u00ebs. Ky ver\u00eb \u00ebsht\u00eb nj\u00eb p\u00ebrzierje e varieteteve kryesore t\u00eb kuqe t\u00eb zon\u00ebs, si <strong data-start=\"245\" data-end=\"290\">Cabernet Sauvignon, Merlot dhe Sangiovese<\/strong>, duke reflektuar karakterin tipik t\u00eb terroirit bregdetar t\u00eb Toskan\u00ebs.<\/p>\n<hr \/>\n<h3><strong><em>Karakteristikat<\/em><\/strong><\/h3>\n<ul>\n<li data-start=\"1762\" data-end=\"1816\"><strong data-start=\"459\" data-end=\"470\">Ngjyra:<\/strong> E kuqe rubin e thell\u00eb me reflektime t\u00eb purpurta<\/li>\n<li data-start=\"510\" data-end=\"604\"><strong data-start=\"512\" data-end=\"523\">Aromat:<\/strong> Nota t\u00eb frutave t\u00eb pjekura t\u00eb pyllit, er\u00ebza t\u00eb buta, kakao dhe nuanca minerale<\/li>\n<li data-start=\"605\" data-end=\"693\"><strong data-start=\"607\" data-end=\"617\">Shija:<\/strong> E strukturuar, e ekuilibruar me tanine t\u00eb buta dhe nj\u00eb freski t\u00eb k\u00ebndshme<\/li>\n<\/ul>\n<hr \/>\n<h3><em><strong>Shoq\u00ebrime t\u00eb Sugjeruara<\/strong><\/em><\/h3>\n<p><em>Kombinohet n\u00eb m\u00ebnyr\u00eb t\u00eb shk\u00eblqyer me:<\/em><\/p>\n<ul>\n<li>E p\u00ebrkryer me mish t\u00eb kuq t\u00eb pjekur, gjah dhe pjatat me baz\u00eb tartufi<\/li>\n<li>Shoq\u00ebrohet mrekullisht me djath\u00ebra t\u00eb stazhionuar si Pecorino Toscano ose Parmigiano Reggiano<\/li>\n<li>Kombinon n\u00eb m\u00ebnyr\u00eb ideale me pjatat tradicionale italiane me baz\u00eb mishin si pappardelle me rag\u00f9<\/li>\n<\/ul>","protected":false},"excerpt":{"rendered":"<p>P\u00ebrshkrimi i Ver\u00ebs: BOLGHERI ROSSO DOC &#8211; GRATTAMACCO Detaje t\u00eb Prodhimit: Bolgheri Rosso DOC &#8211; Grattamacco \u00ebsht\u00eb nj\u00eb ver\u00eb prestigjioze nga rajoni i Bolgherit n\u00eb Toskan\u00eb, e prodhuar nga Grattamacco, nj\u00eb nga kantinat m\u00eb t\u00eb njohura t\u00eb zon\u00ebs. Ky ver\u00eb \u00ebsht\u00eb nj\u00eb p\u00ebrzierje e varieteteve kryesore t\u00eb kuqe t\u00eb zon\u00ebs, si Cabernet Sauvignon, Merlot dhe [&hellip;]<\/p>\n","protected":false},"featured_media":7669,"template":"","meta":[],"product_brand":[],"product_cat":[46],"product_tag":[],"class_list":{"0":"post-6527","1":"product","2":"type-product","3":"status-publish","4":"has-post-thumbnail","6":"product_cat-vere-e-kuqe","8":"first","9":"instock","10":"shipping-taxable","11":"purchasable","12":"product-type-simple"},"_links":{"self":[{"href":"https:\/\/alehandrogroup.al\/en\/wp-json\/wp\/v2\/product\/6527","targetHints":{"allow":["GET"]}}],"collection":[{"href":"https:\/\/alehandrogroup.al\/en\/wp-json\/wp\/v2\/product"}],"about":[{"href":"https:\/\/alehandrogroup.al\/en\/wp-json\/wp\/v2\/types\/product"}],"version-history":[{"count":1,"href":"https:\/\/alehandrogroup.al\/en\/wp-json\/wp\/v2\/product\/6527\/revisions"}],"predecessor-version":[{"id":7670,"href":"https:\/\/alehandrogroup.al\/en\/wp-json\/wp\/v2\/product\/6527\/revisions\/7670"}],"wp:featuredmedia":[{"embeddable":true,"href":"https:\/\/alehandrogroup.al\/en\/wp-json\/wp\/v2\/media\/7669"}],"wp:attachment":[{"href":"https:\/\/alehandrogroup.al\/en\/wp-json\/wp\/v2\/media?parent=6527"}],"wp:term":[{"taxonomy":"product_brand","embeddable":true,"href":"https:\/\/alehandrogroup.al\/en\/wp-json\/wp\/v2\/product_brand?post=6527"},{"taxonomy":"product_cat","embeddable":true,"href":"https:\/\/alehandrogroup.al\/en\/wp-json\/wp\/v2\/product_cat?post=6527"},{"taxonomy":"product_tag","embeddable":true,"href":"https:\/\/alehandrogroup.al\/en\/wp-json\/wp\/v2\/product_tag?post=6527"}],"curies":[{"name":"wp","href":"https:\/\/api.w.org\/{rel}","templated":true}]}}