{"id":6521,"date":"2025-03-07T08:31:40","date_gmt":"2025-03-07T08:31:40","guid":{"rendered":"https:\/\/alehandrogroup.al\/?post_type=product&#038;p=6521"},"modified":"2025-11-27T16:36:18","modified_gmt":"2025-11-27T16:36:18","slug":"champagne-carte-blanche-brut-0-375l-bernard-remy","status":"publish","type":"product","link":"https:\/\/alehandrogroup.al\/en\/product\/champagne-carte-blanche-brut-0-375l-bernard-remy\/","title":{"rendered":"CHAMPAGNE CARTE BLANCHE BRUT 0.375L &#8211; BERNARD REMY"},"content":{"rendered":"<h3><strong><em>P\u00ebrshkrimi i Ver\u00ebs: CHAMPAGNE CARTE BLANCHE BRUT 0.375L &#8211; BERNARD REMY<\/em><\/strong><\/h3>\n<p><em><strong>Detaje t\u00eb Prodhimit:<\/strong><\/em><\/p>\n<p data-start=\"0\" data-end=\"193\"><strong data-start=\"1635\" data-end=\"1667\">Champagne Carte Blanche Brut<\/strong> nga <strong data-start=\"1672\" data-end=\"1688\">Bernard Remy<\/strong> \u00ebsht\u00eb nj\u00eb shampanj\u00eb klasike dhe shum\u00eb elegante, e p\u00ebrgatitur me nj\u00eb p\u00ebrzierje t\u00eb <strong data-start=\"1770\" data-end=\"1814\">Pinot Noir, Chardonnay dhe Pinot Meunier<\/strong>. Kjo shampanj\u00eb pasqyron m\u00eb s\u00eb miri tradit\u00ebn dhe cil\u00ebsin\u00eb e kantin\u00ebs Bernard Remy, duke ofruar nj\u00eb p\u00ebrvoj\u00eb t\u00eb rafinuar dhe t\u00eb balancuar n\u00eb degustim.<\/p>\n<hr \/>\n<h3><strong><em>Karakteristikat<\/em><\/strong><\/h3>\n<ul>\n<li data-start=\"2007\" data-end=\"2077\">\n<p data-start=\"2009\" data-end=\"2077\"><strong data-start=\"2009\" data-end=\"2019\">Ngjyra<\/strong>: E art\u00eb e hapur, me perlazh t\u00eb im\u00ebt dhe t\u00eb vazhduesh\u00ebm.<\/p>\n<\/li>\n<li data-start=\"2079\" data-end=\"2236\">\n<p data-start=\"2081\" data-end=\"2236\"><strong data-start=\"2081\" data-end=\"2090\">Aroma<\/strong>: E fresk\u00ebt dhe e nd\u00ebrlikuar, me <strong data-start=\"2123\" data-end=\"2233\">nuanca t\u00eb agrumeve, frutave t\u00eb bardha si dardha dhe molla, si dhe sh\u00ebnja t\u00eb biskot\u00ebs, bajameve dhe gjalpit<\/strong>.<\/p>\n<\/li>\n<li data-start=\"2238\" data-end=\"2433\">\n<p data-start=\"2240\" data-end=\"2433\"><strong data-start=\"2240\" data-end=\"2249\">Shija<\/strong>: E but\u00eb dhe e ekuilibruar, me nj\u00eb aciditet t\u00eb fresk\u00ebt dhe nj\u00eb p\u00ebrfundim t\u00eb gjat\u00eb e t\u00eb k\u00ebndsh\u00ebm, duke nxjerr\u00eb n\u00eb pah frutat e pjekura dhe nj\u00eb prekje delikate t\u00eb brumit t\u00eb sapopjekur.<\/p>\n<\/li>\n<\/ul>\n<hr \/>\n<h3><em><strong>Shoq\u00ebrime t\u00eb Sugjeruara<\/strong><\/em><\/h3>\n<p><em>Kombinohet n\u00eb m\u00ebnyr\u00eb t\u00eb shk\u00eblqyer me:<\/em><\/p>\n<ul>\n<li data-start=\"1389\" data-end=\"1487\"><strong>Sushi<\/strong><\/li>\n<li data-start=\"1389\" data-end=\"1487\"><strong>Peshkun e pjekur<\/strong><\/li>\n<li data-start=\"1389\" data-end=\"1487\"><strong>Fruta deti dhe antipasta t\u00eb lehta<\/strong><\/li>\n<li data-start=\"1389\" data-end=\"1487\"><strong>Mishin e bardh\u00eb<\/strong><\/li>\n<li data-start=\"1389\" data-end=\"1487\"><strong>Djath\u00ebra t\u00eb fresk\u00ebt<\/strong><\/li>\n<\/ul>","protected":false},"excerpt":{"rendered":"<p>P\u00ebrshkrimi i Ver\u00ebs: CHAMPAGNE CARTE BLANCHE BRUT 0.375L &#8211; BERNARD REMY Detaje t\u00eb Prodhimit: Champagne Carte Blanche Brut nga Bernard Remy \u00ebsht\u00eb nj\u00eb shampanj\u00eb klasike dhe shum\u00eb elegante, e p\u00ebrgatitur me nj\u00eb p\u00ebrzierje t\u00eb Pinot Noir, Chardonnay dhe Pinot Meunier. Kjo shampanj\u00eb pasqyron m\u00eb s\u00eb miri tradit\u00ebn dhe cil\u00ebsin\u00eb e kantin\u00ebs Bernard Remy, duke ofruar [&hellip;]<\/p>\n","protected":false},"featured_media":7692,"template":"","meta":[],"product_brand":[],"product_cat":[49],"product_tag":[],"class_list":{"0":"post-6521","1":"product","2":"type-product","3":"status-publish","4":"has-post-thumbnail","6":"product_cat-prosecco-champagne","8":"first","9":"instock","10":"shipping-taxable","11":"purchasable","12":"product-type-simple"},"_links":{"self":[{"href":"https:\/\/alehandrogroup.al\/en\/wp-json\/wp\/v2\/product\/6521","targetHints":{"allow":["GET"]}}],"collection":[{"href":"https:\/\/alehandrogroup.al\/en\/wp-json\/wp\/v2\/product"}],"about":[{"href":"https:\/\/alehandrogroup.al\/en\/wp-json\/wp\/v2\/types\/product"}],"version-history":[{"count":1,"href":"https:\/\/alehandrogroup.al\/en\/wp-json\/wp\/v2\/product\/6521\/revisions"}],"predecessor-version":[{"id":7693,"href":"https:\/\/alehandrogroup.al\/en\/wp-json\/wp\/v2\/product\/6521\/revisions\/7693"}],"wp:featuredmedia":[{"embeddable":true,"href":"https:\/\/alehandrogroup.al\/en\/wp-json\/wp\/v2\/media\/7692"}],"wp:attachment":[{"href":"https:\/\/alehandrogroup.al\/en\/wp-json\/wp\/v2\/media?parent=6521"}],"wp:term":[{"taxonomy":"product_brand","embeddable":true,"href":"https:\/\/alehandrogroup.al\/en\/wp-json\/wp\/v2\/product_brand?post=6521"},{"taxonomy":"product_cat","embeddable":true,"href":"https:\/\/alehandrogroup.al\/en\/wp-json\/wp\/v2\/product_cat?post=6521"},{"taxonomy":"product_tag","embeddable":true,"href":"https:\/\/alehandrogroup.al\/en\/wp-json\/wp\/v2\/product_tag?post=6521"}],"curies":[{"name":"wp","href":"https:\/\/api.w.org\/{rel}","templated":true}]}}