{"id":6519,"date":"2025-03-07T08:25:13","date_gmt":"2025-03-07T08:25:13","guid":{"rendered":"https:\/\/alehandrogroup.al\/?post_type=product&#038;p=6519"},"modified":"2025-11-24T14:50:51","modified_gmt":"2025-11-24T14:50:51","slug":"champagne-blanc-de-blancs-bernard-remy","status":"publish","type":"product","link":"https:\/\/alehandrogroup.al\/en\/product\/champagne-blanc-de-blancs-bernard-remy\/","title":{"rendered":"CHAMPAGNE BLANC DE BLANCS &#8211; BERNARD REMY"},"content":{"rendered":"<h3><strong><em>P\u00ebrshkrimi i Ver\u00ebs: CHAMPAGNE BLANC DE BLANCS &#8211; BERNARD REMY<\/em><\/strong><\/h3>\n<p><em><strong>Detaje t\u00eb Prodhimit:<\/strong><\/em><\/p>\n<p data-start=\"0\" data-end=\"193\"><strong data-start=\"1610\" data-end=\"1639\">Champagne Blanc de Blancs<\/strong> nga <strong data-start=\"1644\" data-end=\"1660\">Bernard Remy<\/strong> \u00ebsht\u00eb nj\u00eb shampanj\u00eb shum\u00eb elegante dhe e sofistikuar, e prodhuar 100% nga <strong data-start=\"1735\" data-end=\"1749\">Chardonnay<\/strong>. Kjo shampanj\u00eb shquhet p\u00ebr freskin\u00eb, delikates\u00ebn dhe mineralitetin e saj, duke reflektuar m\u00eb s\u00eb miri stilin e <strong data-start=\"1860\" data-end=\"1879\">C\u00f4te des Blancs<\/strong>.<\/p>\n<hr \/>\n<h3><strong><em>Karakteristikat<\/em><\/strong><\/h3>\n<ul>\n<li data-start=\"1927\" data-end=\"2006\"><strong data-start=\"1927\" data-end=\"1937\">Ngjyra<\/strong>: E art\u00eb e leht\u00eb me shk\u00eblqim dhe perlazh t\u00eb holl\u00eb e t\u00eb q\u00ebndruesh\u00ebm.<\/li>\n<li data-start=\"2010\" data-end=\"2215\"><strong data-start=\"2010\" data-end=\"2019\">Aroma<\/strong>: E fresk\u00ebt dhe e rafinuar, me <strong data-start=\"2050\" data-end=\"2151\">nuanca agrumesh si limoni dhe mandarina, nota florale t\u00eb luleve t\u00eb bardha dhe nj\u00eb prekje minerale<\/strong>. Gjithashtu, shfaq aroma t\u00eb buta buke t\u00eb thekur dhe bajamesh.<\/li>\n<li data-start=\"2219\" data-end=\"2440\"><strong data-start=\"2219\" data-end=\"2228\">Shija<\/strong>: Shum\u00eb e ekuilibruar dhe e fresk\u00ebt, me nj\u00eb aciditet t\u00eb shk\u00eblqyer q\u00eb i jep gjall\u00ebri. Struktura kremoze dhe fundi i gjat\u00eb e b\u00ebjn\u00eb k\u00ebt\u00eb shampanj\u00eb nj\u00eb zgjedhje t\u00eb p\u00ebrkryer p\u00ebr nj\u00eb p\u00ebrvoj\u00eb t\u00eb sofistikuar degustimi.<\/li>\n<\/ul>\n<hr \/>\n<h3><em><strong>Shoq\u00ebrime t\u00eb Sugjeruara<\/strong><\/em><\/h3>\n<p><em>Kombinohet n\u00eb m\u00ebnyr\u00eb t\u00eb shk\u00eblqyer me:<\/em><\/p>\n<ul>\n<li data-start=\"1389\" data-end=\"1487\"><strong>Sushi<\/strong><\/li>\n<li data-start=\"1389\" data-end=\"1487\"><strong>Peshkun e pjekur<\/strong><\/li>\n<li data-start=\"1389\" data-end=\"1487\"><strong>Fruta deti dhe antipasta t\u00eb lehta<\/strong><\/li>\n<li data-start=\"1389\" data-end=\"1487\"><strong>Mishin e bardh\u00eb<\/strong><\/li>\n<li data-start=\"1389\" data-end=\"1487\"><strong>Djath\u00ebra t\u00eb fresk\u00ebt si burrata dhe ricotta<\/strong><\/li>\n<\/ul>","protected":false},"excerpt":{"rendered":"<p>P\u00ebrshkrimi i Ver\u00ebs: CHAMPAGNE BLANC DE BLANCS &#8211; BERNARD REMY Detaje t\u00eb Prodhimit: Champagne Blanc de Blancs nga Bernard Remy \u00ebsht\u00eb nj\u00eb shampanj\u00eb shum\u00eb elegante dhe e sofistikuar, e prodhuar 100% nga Chardonnay. Kjo shampanj\u00eb shquhet p\u00ebr freskin\u00eb, delikates\u00ebn dhe mineralitetin e saj, duke reflektuar m\u00eb s\u00eb miri stilin e C\u00f4te des Blancs. Karakteristikat Ngjyra: [&hellip;]<\/p>\n","protected":false},"featured_media":7683,"template":"","meta":[],"product_brand":[],"product_cat":[49],"product_tag":[],"class_list":{"0":"post-6519","1":"product","2":"type-product","3":"status-publish","4":"has-post-thumbnail","6":"product_cat-prosecco-champagne","8":"first","9":"instock","10":"shipping-taxable","11":"purchasable","12":"product-type-simple"},"_links":{"self":[{"href":"https:\/\/alehandrogroup.al\/en\/wp-json\/wp\/v2\/product\/6519","targetHints":{"allow":["GET"]}}],"collection":[{"href":"https:\/\/alehandrogroup.al\/en\/wp-json\/wp\/v2\/product"}],"about":[{"href":"https:\/\/alehandrogroup.al\/en\/wp-json\/wp\/v2\/types\/product"}],"version-history":[{"count":2,"href":"https:\/\/alehandrogroup.al\/en\/wp-json\/wp\/v2\/product\/6519\/revisions"}],"predecessor-version":[{"id":7685,"href":"https:\/\/alehandrogroup.al\/en\/wp-json\/wp\/v2\/product\/6519\/revisions\/7685"}],"wp:featuredmedia":[{"embeddable":true,"href":"https:\/\/alehandrogroup.al\/en\/wp-json\/wp\/v2\/media\/7683"}],"wp:attachment":[{"href":"https:\/\/alehandrogroup.al\/en\/wp-json\/wp\/v2\/media?parent=6519"}],"wp:term":[{"taxonomy":"product_brand","embeddable":true,"href":"https:\/\/alehandrogroup.al\/en\/wp-json\/wp\/v2\/product_brand?post=6519"},{"taxonomy":"product_cat","embeddable":true,"href":"https:\/\/alehandrogroup.al\/en\/wp-json\/wp\/v2\/product_cat?post=6519"},{"taxonomy":"product_tag","embeddable":true,"href":"https:\/\/alehandrogroup.al\/en\/wp-json\/wp\/v2\/product_tag?post=6519"}],"curies":[{"name":"wp","href":"https:\/\/api.w.org\/{rel}","templated":true}]}}