{"id":6515,"date":"2025-03-07T08:18:59","date_gmt":"2025-03-07T08:18:59","guid":{"rendered":"https:\/\/alehandrogroup.al\/?post_type=product&#038;p=6515"},"modified":"2025-11-21T21:58:28","modified_gmt":"2025-11-21T21:58:28","slug":"champagne-blanc-de-noirs-bernard-remy","status":"publish","type":"product","link":"https:\/\/alehandrogroup.al\/en\/product\/champagne-blanc-de-noirs-bernard-remy\/","title":{"rendered":"CHAMPAGNE BLANC DE NOIRS &#8211; BERNARD REMY"},"content":{"rendered":"<h3><strong><em>P\u00ebrshkrimi i Ver\u00ebs: CHAMPAGNE BLANC DE NOIRS &#8211; BERNARD REMY<\/em><\/strong><\/h3>\n<p><em><strong>Detaje t\u00eb Prodhimit:<\/strong><\/em><\/p>\n<p data-start=\"0\" data-end=\"193\"><strong data-start=\"84\" data-end=\"112\">Champagne Blanc de Noirs<\/strong> nga <strong data-start=\"117\" data-end=\"133\">Bernard Remy<\/strong> \u00ebsht\u00eb nj\u00eb shampanj\u00eb e fuqishme dhe e strukturuar, e prodhuar ekskluzivisht nga <strong data-start=\"213\" data-end=\"227\">Pinot Noir<\/strong>. Ky lloj shampanje pasqyron n\u00eb m\u00ebnyr\u00eb t\u00eb shk\u00eblqyer karakterin e rrushit t\u00eb zi, duke ofruar nj\u00eb ekuilib\u00ebr perfekt mes intensitetit dhe freskis\u00eb. Bernard Remy, nj\u00eb prodhues artizanal me baz\u00eb n\u00eb <strong data-start=\"420\" data-end=\"439\">C\u00f4te des Blancs<\/strong>, \u00ebsht\u00eb i njohur p\u00ebr stilin e tij t\u00eb past\u00ebr dhe t\u00eb rafinuar t\u00eb shampanjave, t\u00eb cilat pasqyrojn\u00eb m\u00eb s\u00eb miri terroirin unik t\u00eb rajonit.<\/p>\n<hr \/>\n<h3><strong><em>Karakteristikat<\/em><\/strong><\/h3>\n<ul>\n<li data-start=\"619\" data-end=\"712\"><strong data-start=\"619\" data-end=\"629\">Ngjyra<\/strong>: E art\u00eb e ndritshme me shk\u00eblqim t\u00eb bukur dhe perlazh t\u00eb im\u00ebt dhe t\u00eb q\u00ebndruesh\u00ebm.<\/li>\n<li data-start=\"716\" data-end=\"906\"><strong data-start=\"716\" data-end=\"725\">Aroma<\/strong>: E pasur dhe komplekse, me <strong data-start=\"753\" data-end=\"819\">nota t\u00eb frutave t\u00eb pjekura si dardha, pjeshka dhe molla e art\u00eb<\/strong>, t\u00eb nd\u00ebrthurura me nuanca buke t\u00eb thekur, bajamesh dhe nj\u00eb prekje delikate minerale.<\/li>\n<li data-start=\"910\" data-end=\"1128\"><strong data-start=\"910\" data-end=\"919\">Shija<\/strong>: E plot\u00eb, e fresk\u00ebt dhe e strukturuar, me aciditet t\u00eb mir\u00eb dhe nj\u00eb intensitet frutor q\u00eb i jep nj\u00eb fund t\u00eb gjat\u00eb dhe t\u00eb k\u00ebndsh\u00ebm. Kremoziteti dhe kompleksiteti i tij e b\u00ebjn\u00eb k\u00ebt\u00eb shampanj\u00eb shum\u00eb t\u00eb rafinuar.<\/li>\n<\/ul>\n<hr \/>\n<h3><em><strong>Shoq\u00ebrime t\u00eb Sugjeruara<\/strong><\/em><\/h3>\n<p><em>Kombinohet n\u00eb m\u00ebnyr\u00eb t\u00eb shk\u00eblqyer me:<\/em><\/p>\n<ul>\n<li data-start=\"1389\" data-end=\"1487\"><strong>Sushi<\/strong><\/li>\n<li data-start=\"1389\" data-end=\"1487\"><strong>Peshkun e pjekur<\/strong><\/li>\n<li data-start=\"1389\" data-end=\"1487\"><strong>Fruta deti dhe antipasta t\u00eb lehta<\/strong><\/li>\n<li data-start=\"1389\" data-end=\"1487\"><strong>Mishin e bardh\u00eb<\/strong><\/li>\n<li data-start=\"1389\" data-end=\"1487\"><strong>Djath\u00ebra t\u00eb stazhionuar<\/strong><\/li>\n<\/ul>","protected":false},"excerpt":{"rendered":"<p>P\u00ebrshkrimi i Ver\u00ebs: CHAMPAGNE BLANC DE NOIRS &#8211; BERNARD REMY Detaje t\u00eb Prodhimit: Champagne Blanc de Noirs nga Bernard Remy \u00ebsht\u00eb nj\u00eb shampanj\u00eb e fuqishme dhe e strukturuar, e prodhuar ekskluzivisht nga Pinot Noir. Ky lloj shampanje pasqyron n\u00eb m\u00ebnyr\u00eb t\u00eb shk\u00eblqyer karakterin e rrushit t\u00eb zi, duke ofruar nj\u00eb ekuilib\u00ebr perfekt mes intensitetit dhe [&hellip;]<\/p>\n","protected":false},"featured_media":7544,"template":"","meta":[],"product_brand":[],"product_cat":[49],"product_tag":[],"class_list":{"0":"post-6515","1":"product","2":"type-product","3":"status-publish","4":"has-post-thumbnail","6":"product_cat-prosecco-champagne","8":"first","9":"instock","10":"shipping-taxable","11":"purchasable","12":"product-type-simple"},"_links":{"self":[{"href":"https:\/\/alehandrogroup.al\/en\/wp-json\/wp\/v2\/product\/6515","targetHints":{"allow":["GET"]}}],"collection":[{"href":"https:\/\/alehandrogroup.al\/en\/wp-json\/wp\/v2\/product"}],"about":[{"href":"https:\/\/alehandrogroup.al\/en\/wp-json\/wp\/v2\/types\/product"}],"version-history":[{"count":1,"href":"https:\/\/alehandrogroup.al\/en\/wp-json\/wp\/v2\/product\/6515\/revisions"}],"predecessor-version":[{"id":7545,"href":"https:\/\/alehandrogroup.al\/en\/wp-json\/wp\/v2\/product\/6515\/revisions\/7545"}],"wp:featuredmedia":[{"embeddable":true,"href":"https:\/\/alehandrogroup.al\/en\/wp-json\/wp\/v2\/media\/7544"}],"wp:attachment":[{"href":"https:\/\/alehandrogroup.al\/en\/wp-json\/wp\/v2\/media?parent=6515"}],"wp:term":[{"taxonomy":"product_brand","embeddable":true,"href":"https:\/\/alehandrogroup.al\/en\/wp-json\/wp\/v2\/product_brand?post=6515"},{"taxonomy":"product_cat","embeddable":true,"href":"https:\/\/alehandrogroup.al\/en\/wp-json\/wp\/v2\/product_cat?post=6515"},{"taxonomy":"product_tag","embeddable":true,"href":"https:\/\/alehandrogroup.al\/en\/wp-json\/wp\/v2\/product_tag?post=6515"}],"curies":[{"name":"wp","href":"https:\/\/api.w.org\/{rel}","templated":true}]}}