{"id":6513,"date":"2025-03-07T08:15:03","date_gmt":"2025-03-07T08:15:03","guid":{"rendered":"https:\/\/alehandrogroup.al\/?post_type=product&#038;p=6513"},"modified":"2025-11-21T22:02:04","modified_gmt":"2025-11-21T22:02:04","slug":"champagne-rose-brut-bernard-remy","status":"publish","type":"product","link":"https:\/\/alehandrogroup.al\/en\/product\/champagne-rose-brut-bernard-remy\/","title":{"rendered":"CHAMPAGNE ROSE BRUT &#8211; BERNARD REMY"},"content":{"rendered":"<h3><strong><em>P\u00ebrshkrimi i Ver\u00ebs: CHAMPAGNE ROSE BRUT &#8211; BERNARD REMY<\/em><\/strong><\/h3>\n<p><em><strong>Detaje t\u00eb Prodhimit:<\/strong><\/em><\/p>\n<p data-start=\"0\" data-end=\"193\"><strong data-start=\"1557\" data-end=\"1580\">Champagne Ros\u00e9 Brut<\/strong> nga <strong data-start=\"1585\" data-end=\"1601\">Bernard Remy<\/strong> \u00ebsht\u00eb nj\u00eb shampanj\u00eb e holl\u00eb dhe elegante, e prodhuar me nj\u00eb p\u00ebrzierje t\u00eb p\u00ebrkryer t\u00eb <strong data-start=\"1687\" data-end=\"1731\">Pinot Noir, Chardonnay dhe Pinot Meunier<\/strong>. Me origjin\u00eb nga rajoni i njohur i <strong data-start=\"1767\" data-end=\"1786\">C\u00f4te des Blancs<\/strong>, kjo shampanj\u00eb \u00ebsht\u00eb nj\u00eb simbol i cil\u00ebsis\u00eb dhe fines\u00ebs franceze, duke ofruar nj\u00eb p\u00ebrvoj\u00eb t\u00eb rafinuar dhe t\u00eb paharrueshme.<\/p>\n<hr \/>\n<h3><strong><em>Karakteristikat<\/em><\/strong><\/h3>\n<ul>\n<li data-start=\"1953\" data-end=\"2058\">\n<p data-start=\"1955\" data-end=\"2058\"><strong data-start=\"1955\" data-end=\"1965\">Ngjyra<\/strong>: Roz\u00eb e \u00e7elur me reflektime t\u00eb lehta t\u00eb bakrit dhe nj\u00eb shkum\u00eb t\u00eb holl\u00eb dhe t\u00eb q\u00ebndrueshme.<\/p>\n<\/li>\n<li data-start=\"2060\" data-end=\"2207\">\n<p data-start=\"2062\" data-end=\"2207\"><strong data-start=\"2062\" data-end=\"2071\">Aroma<\/strong>: E fresk\u00ebt dhe frutore, me <strong data-start=\"2099\" data-end=\"2146\">nota t\u00eb luleshtrydhes, mjedr\u00ebs dhe qershis\u00eb<\/strong>, t\u00eb balancuara me nuanca agrumesh dhe nj\u00eb prekje minerale.<\/p>\n<\/li>\n<li data-start=\"2209\" data-end=\"2364\">\n<p data-start=\"2211\" data-end=\"2364\"><strong data-start=\"2211\" data-end=\"2220\">Shija<\/strong>: E gjall\u00eb, e ekuilibruar dhe me nj\u00eb struktur\u00eb t\u00eb but\u00eb. Frutat e kuqe dhe aciditeti i fresk\u00ebt krijojn\u00eb nj\u00eb p\u00ebrfundim t\u00eb gjat\u00eb dhe t\u00eb k\u00ebndsh\u00ebm.<\/p>\n<\/li>\n<\/ul>\n<hr \/>\n<h3><em><strong>Shoq\u00ebrime t\u00eb Sugjeruara<\/strong><\/em><\/h3>\n<p><em>Kombinohet n\u00eb m\u00ebnyr\u00eb t\u00eb shk\u00eblqyer me:<\/em><\/p>\n<ul>\n<li data-start=\"1389\" data-end=\"1487\"><strong>Sushi<\/strong><\/li>\n<li data-start=\"1389\" data-end=\"1487\"><strong>Tartar salmoni<\/strong><\/li>\n<li data-start=\"1389\" data-end=\"1487\"><strong>Fruta deti dhe antipasta t\u00eb lehta <\/strong><\/li>\n<li data-start=\"1389\" data-end=\"1487\"><strong>Djath\u00ebra t\u00eb fresk\u00ebt<\/strong><\/li>\n<\/ul>","protected":false},"excerpt":{"rendered":"<p>P\u00ebrshkrimi i Ver\u00ebs: CHAMPAGNE ROSE BRUT &#8211; BERNARD REMY Detaje t\u00eb Prodhimit: Champagne Ros\u00e9 Brut nga Bernard Remy \u00ebsht\u00eb nj\u00eb shampanj\u00eb e holl\u00eb dhe elegante, e prodhuar me nj\u00eb p\u00ebrzierje t\u00eb p\u00ebrkryer t\u00eb Pinot Noir, Chardonnay dhe Pinot Meunier. Me origjin\u00eb nga rajoni i njohur i C\u00f4te des Blancs, kjo shampanj\u00eb \u00ebsht\u00eb nj\u00eb simbol i [&hellip;]<\/p>\n","protected":false},"featured_media":7546,"template":"","meta":[],"product_brand":[],"product_cat":[49,69],"product_tag":[],"class_list":{"0":"post-6513","1":"product","2":"type-product","3":"status-publish","4":"has-post-thumbnail","6":"product_cat-prosecco-champagne","7":"product_cat-vere-roze","9":"first","10":"instock","11":"shipping-taxable","12":"purchasable","13":"product-type-simple"},"_links":{"self":[{"href":"https:\/\/alehandrogroup.al\/en\/wp-json\/wp\/v2\/product\/6513","targetHints":{"allow":["GET"]}}],"collection":[{"href":"https:\/\/alehandrogroup.al\/en\/wp-json\/wp\/v2\/product"}],"about":[{"href":"https:\/\/alehandrogroup.al\/en\/wp-json\/wp\/v2\/types\/product"}],"version-history":[{"count":1,"href":"https:\/\/alehandrogroup.al\/en\/wp-json\/wp\/v2\/product\/6513\/revisions"}],"predecessor-version":[{"id":7547,"href":"https:\/\/alehandrogroup.al\/en\/wp-json\/wp\/v2\/product\/6513\/revisions\/7547"}],"wp:featuredmedia":[{"embeddable":true,"href":"https:\/\/alehandrogroup.al\/en\/wp-json\/wp\/v2\/media\/7546"}],"wp:attachment":[{"href":"https:\/\/alehandrogroup.al\/en\/wp-json\/wp\/v2\/media?parent=6513"}],"wp:term":[{"taxonomy":"product_brand","embeddable":true,"href":"https:\/\/alehandrogroup.al\/en\/wp-json\/wp\/v2\/product_brand?post=6513"},{"taxonomy":"product_cat","embeddable":true,"href":"https:\/\/alehandrogroup.al\/en\/wp-json\/wp\/v2\/product_cat?post=6513"},{"taxonomy":"product_tag","embeddable":true,"href":"https:\/\/alehandrogroup.al\/en\/wp-json\/wp\/v2\/product_tag?post=6513"}],"curies":[{"name":"wp","href":"https:\/\/api.w.org\/{rel}","templated":true}]}}