{"id":6511,"date":"2025-03-07T08:10:35","date_gmt":"2025-03-07T08:10:35","guid":{"rendered":"https:\/\/alehandrogroup.al\/?post_type=product&#038;p=6511"},"modified":"2025-12-26T13:09:07","modified_gmt":"2025-12-26T13:09:07","slug":"ribeca-sicilia-firriato","status":"publish","type":"product","link":"https:\/\/alehandrogroup.al\/en\/product\/ribeca-sicilia-firriato\/","title":{"rendered":"RIBECA SICILIA &#8211; FIRRIATO"},"content":{"rendered":"<h3><strong><em>P\u00ebrshkrimi i Ver\u00ebs: RIBECA SICILIA &#8211; FIRRIATO<\/em><\/strong><\/h3>\n<p><em><strong>Detaje t\u00eb Prodhimit:<\/strong><\/em><\/p>\n<p data-start=\"0\" data-end=\"193\">Ribeca \u00ebsht\u00eb nj\u00eb ver\u00eb e kuqe ekskluzive e kantin\u00ebs <strong data-start=\"121\" data-end=\"133\">Firriato<\/strong>, e prodhuar 100% nga rrushi <strong data-start=\"162\" data-end=\"175\">Perricone<\/strong>, nj\u00eb varietet autokton i rrall\u00eb i Si\u00e7ilis\u00eb. Firriato ka qen\u00eb nj\u00eb nga kantinat pionere n\u00eb ruajtjen dhe rivler\u00ebsimin e k\u00ebtij rrushi, duke krijuar nj\u00eb ver\u00eb unike q\u00eb p\u00ebrfaq\u00ebson n\u00eb m\u00ebnyr\u00eb t\u00eb p\u00ebrkryer <strong data-start=\"371\" data-end=\"420\">shpirtin dhe tradit\u00ebn e vreshtaris\u00eb siciliane<\/strong>. Ribeca vjen nga vreshtat e zon\u00ebs <strong data-start=\"455\" data-end=\"471\">Baglio Sor\u00eca<\/strong>, ku klima mesdhetare dhe toka e pasur i japin ver\u00ebs kompleksitet dhe eleganc\u00eb t\u00eb jasht\u00ebzakonshme.<\/p>\n<hr \/>\n<h3><strong><em>Karakteristikat<\/em><\/strong><\/h3>\n<ul>\n<li data-start=\"611\" data-end=\"674\"><strong data-start=\"611\" data-end=\"621\">Ngjyra<\/strong>: E kuqe rubin e thell\u00eb, me reflektime t\u00eb purpurta.<\/li>\n<li data-start=\"678\" data-end=\"907\"><strong data-start=\"678\" data-end=\"687\">Aroma<\/strong>: Jasht\u00ebzakonisht komplekse dhe e sofistikuar, me <strong data-start=\"737\" data-end=\"807\">nota intensive t\u00eb manave t\u00eb egra, qershis\u00eb s\u00eb pjekur dhe kumbull\u00ebs<\/strong>, t\u00eb pasuruara me nuanca pikante t\u00eb kanell\u00ebs, duhanit, \u00e7okollat\u00ebs s\u00eb zez\u00eb dhe nj\u00eb prekje minerale.<\/li>\n<li data-start=\"911\" data-end=\"1075\"><strong data-start=\"911\" data-end=\"920\">Shija<\/strong>: E fuqishme, e ngroht\u00eb dhe e balancuar, me tanine t\u00eb buta dhe t\u00eb integruara. Struktura elegante dhe pas-shija e gjat\u00eb e b\u00ebjn\u00eb k\u00ebt\u00eb ver\u00eb t\u00eb paharrueshme.<\/li>\n<\/ul>\n<hr \/>\n<h3><em><strong>Shoq\u00ebrime t\u00eb Sugjeruara<\/strong><\/em><\/h3>\n<p><em>Kombinohet n\u00eb m\u00ebnyr\u00eb t\u00eb shk\u00eblqyer me:<\/em><\/p>\n<ul>\n<li data-start=\"1389\" data-end=\"1487\"><strong>Mishrat e kuq t\u00eb pjekur<\/strong><\/li>\n<li data-start=\"1389\" data-end=\"1487\"><strong>Pjatat me tartuf dhe k\u00ebrpudha<\/strong><\/li>\n<li data-start=\"1575\" data-end=\"1678\"><strong>Pasta ose Risotto<\/strong><\/li>\n<li data-start=\"1575\" data-end=\"1678\"><strong>Djath\u00eb i Stazhonuar<\/strong><\/li>\n<\/ul>","protected":false},"excerpt":{"rendered":"<p>P\u00ebrshkrimi i Ver\u00ebs: RIBECA SICILIA &#8211; FIRRIATO Detaje t\u00eb Prodhimit: Ribeca \u00ebsht\u00eb nj\u00eb ver\u00eb e kuqe ekskluzive e kantin\u00ebs Firriato, e prodhuar 100% nga rrushi Perricone, nj\u00eb varietet autokton i rrall\u00eb i Si\u00e7ilis\u00eb. Firriato ka qen\u00eb nj\u00eb nga kantinat pionere n\u00eb ruajtjen dhe rivler\u00ebsimin e k\u00ebtij rrushi, duke krijuar nj\u00eb ver\u00eb unike q\u00eb p\u00ebrfaq\u00ebson n\u00eb [&hellip;]<\/p>\n","protected":false},"featured_media":8062,"template":"","meta":[],"product_brand":[],"product_cat":[58,46],"product_tag":[],"class_list":{"0":"post-6511","1":"product","2":"type-product","3":"status-publish","4":"has-post-thumbnail","6":"product_cat-vere","7":"product_cat-vere-e-kuqe","9":"first","10":"instock","11":"shipping-taxable","12":"purchasable","13":"product-type-simple"},"_links":{"self":[{"href":"https:\/\/alehandrogroup.al\/en\/wp-json\/wp\/v2\/product\/6511","targetHints":{"allow":["GET"]}}],"collection":[{"href":"https:\/\/alehandrogroup.al\/en\/wp-json\/wp\/v2\/product"}],"about":[{"href":"https:\/\/alehandrogroup.al\/en\/wp-json\/wp\/v2\/types\/product"}],"version-history":[{"count":1,"href":"https:\/\/alehandrogroup.al\/en\/wp-json\/wp\/v2\/product\/6511\/revisions"}],"predecessor-version":[{"id":8063,"href":"https:\/\/alehandrogroup.al\/en\/wp-json\/wp\/v2\/product\/6511\/revisions\/8063"}],"wp:featuredmedia":[{"embeddable":true,"href":"https:\/\/alehandrogroup.al\/en\/wp-json\/wp\/v2\/media\/8062"}],"wp:attachment":[{"href":"https:\/\/alehandrogroup.al\/en\/wp-json\/wp\/v2\/media?parent=6511"}],"wp:term":[{"taxonomy":"product_brand","embeddable":true,"href":"https:\/\/alehandrogroup.al\/en\/wp-json\/wp\/v2\/product_brand?post=6511"},{"taxonomy":"product_cat","embeddable":true,"href":"https:\/\/alehandrogroup.al\/en\/wp-json\/wp\/v2\/product_cat?post=6511"},{"taxonomy":"product_tag","embeddable":true,"href":"https:\/\/alehandrogroup.al\/en\/wp-json\/wp\/v2\/product_tag?post=6511"}],"curies":[{"name":"wp","href":"https:\/\/api.w.org\/{rel}","templated":true}]}}