{"id":6509,"date":"2025-03-07T08:07:12","date_gmt":"2025-03-07T08:07:12","guid":{"rendered":"https:\/\/alehandrogroup.al\/?post_type=product&#038;p=6509"},"modified":"2025-12-08T14:25:41","modified_gmt":"2025-12-08T14:25:41","slug":"harmonium-firriato","status":"publish","type":"product","link":"https:\/\/alehandrogroup.al\/en\/product\/harmonium-firriato\/","title":{"rendered":"HARMONIUM &#8211; FIRRIATO"},"content":{"rendered":"<h3><strong><em>P\u00ebrshkrimi i Ver\u00ebs: HARMONIUM &#8211; FIRRIATO<\/em><\/strong><\/h3>\n<p><em><strong>Detaje t\u00eb Prodhimit:<\/strong><\/em><\/p>\n<p data-start=\"0\" data-end=\"193\">Harmonium \u00ebsht\u00eb nj\u00eb nga ver\u00ebrat ikonike t\u00eb kantin\u00ebs <strong data-start=\"117\" data-end=\"129\">Firriato<\/strong>, nj\u00eb interpretim i jasht\u00ebzakonsh\u00ebm i <strong data-start=\"167\" data-end=\"183\">Nero d\u2019Avola<\/strong>, rrushit m\u00eb t\u00eb famsh\u00ebm t\u00eb Si\u00e7ilis\u00eb. Kjo ver\u00eb e kuqe premium lind nga nj\u00eb p\u00ebrzgjedhje e kujdesshme e tre parcelave m\u00eb t\u00eb mira brenda vreshtit t\u00eb <strong data-start=\"328\" data-end=\"344\">Baglio Sor\u00eca<\/strong>, duke krijuar nj\u00eb shprehje t\u00eb pasur dhe komplekse t\u00eb k\u00ebtij varieteti unik. Harmonium simbolizon <strong data-start=\"441\" data-end=\"484\">ekuilibrin mes tradit\u00ebs dhe inovacionit<\/strong>, duke ofruar nj\u00eb ver\u00eb t\u00eb fuqishme, elegante dhe me nj\u00eb identitet t\u00eb fort\u00eb mesdhetar.<\/p>\n<hr \/>\n<h3><strong><em>Karakteristikat<\/em><\/strong><\/h3>\n<ul>\n<li data-start=\"609\" data-end=\"669\">\n<p data-start=\"611\" data-end=\"669\"><strong data-start=\"611\" data-end=\"621\">Ngjyra<\/strong>: E kuqe rubin e thell\u00eb me reflektime vjollce.<\/p>\n<\/li>\n<li data-start=\"671\" data-end=\"898\">\n<p data-start=\"673\" data-end=\"898\"><strong data-start=\"673\" data-end=\"682\">Aroma<\/strong>: Kompleksitet aromatik i jasht\u00ebzakonsh\u00ebm me <strong data-start=\"727\" data-end=\"767\">nota intensive t\u00eb frutave t\u00eb pjekura<\/strong>, si manaferra, qershia e zez\u00eb dhe kumbulla, t\u00eb shoq\u00ebruara me nuanca pikante t\u00eb vaniljes, kakaos, kafes\u00eb dhe nj\u00eb prekje minerale.<\/p>\n<\/li>\n<li data-start=\"900\" data-end=\"1121\">\n<p data-start=\"902\" data-end=\"1121\"><strong data-start=\"902\" data-end=\"911\">Shija<\/strong>: E pasur, e ngroht\u00eb dhe me nj\u00eb struktur\u00eb t\u00eb fuqishme. Taninat jan\u00eb t\u00eb buta dhe t\u00eb integruara n\u00eb m\u00ebnyr\u00eb t\u00eb shk\u00eblqyer, duke dh\u00ebn\u00eb nj\u00eb fund t\u00eb gjat\u00eb, t\u00eb k\u00ebndsh\u00ebm dhe t\u00eb p\u00ebrqendruar me nota t\u00eb \u00ebmbla dhe pikante.<\/p>\n<\/li>\n<\/ul>\n<hr \/>\n<h3><em><strong>Shoq\u00ebrime t\u00eb Sugjeruara<\/strong><\/em><\/h3>\n<p><em>Kombinohet n\u00eb m\u00ebnyr\u00eb t\u00eb shk\u00eblqyer me:<\/em><\/p>\n<ul>\n<li data-start=\"1389\" data-end=\"1487\"><strong>Mishrat e kuq t\u00eb pjekur<\/strong><\/li>\n<li data-start=\"1575\" data-end=\"1678\"><strong>Pasta ose Risotto<\/strong><\/li>\n<li data-start=\"1575\" data-end=\"1678\"><strong>Djath\u00eb i Stazhonuar<\/strong><\/li>\n<\/ul>","protected":false},"excerpt":{"rendered":"<p>P\u00ebrshkrimi i Ver\u00ebs: HARMONIUM &#8211; FIRRIATO Detaje t\u00eb Prodhimit: Harmonium \u00ebsht\u00eb nj\u00eb nga ver\u00ebrat ikonike t\u00eb kantin\u00ebs Firriato, nj\u00eb interpretim i jasht\u00ebzakonsh\u00ebm i Nero d\u2019Avola, rrushit m\u00eb t\u00eb famsh\u00ebm t\u00eb Si\u00e7ilis\u00eb. Kjo ver\u00eb e kuqe premium lind nga nj\u00eb p\u00ebrzgjedhje e kujdesshme e tre parcelave m\u00eb t\u00eb mira brenda vreshtit t\u00eb Baglio Sor\u00eca, duke krijuar [&hellip;]<\/p>\n","protected":false},"featured_media":7817,"template":"","meta":[],"product_brand":[],"product_cat":[58,46],"product_tag":[],"class_list":{"0":"post-6509","1":"product","2":"type-product","3":"status-publish","4":"has-post-thumbnail","6":"product_cat-vere","7":"product_cat-vere-e-kuqe","9":"first","10":"instock","11":"shipping-taxable","12":"purchasable","13":"product-type-simple"},"_links":{"self":[{"href":"https:\/\/alehandrogroup.al\/en\/wp-json\/wp\/v2\/product\/6509","targetHints":{"allow":["GET"]}}],"collection":[{"href":"https:\/\/alehandrogroup.al\/en\/wp-json\/wp\/v2\/product"}],"about":[{"href":"https:\/\/alehandrogroup.al\/en\/wp-json\/wp\/v2\/types\/product"}],"version-history":[{"count":1,"href":"https:\/\/alehandrogroup.al\/en\/wp-json\/wp\/v2\/product\/6509\/revisions"}],"predecessor-version":[{"id":7818,"href":"https:\/\/alehandrogroup.al\/en\/wp-json\/wp\/v2\/product\/6509\/revisions\/7818"}],"wp:featuredmedia":[{"embeddable":true,"href":"https:\/\/alehandrogroup.al\/en\/wp-json\/wp\/v2\/media\/7817"}],"wp:attachment":[{"href":"https:\/\/alehandrogroup.al\/en\/wp-json\/wp\/v2\/media?parent=6509"}],"wp:term":[{"taxonomy":"product_brand","embeddable":true,"href":"https:\/\/alehandrogroup.al\/en\/wp-json\/wp\/v2\/product_brand?post=6509"},{"taxonomy":"product_cat","embeddable":true,"href":"https:\/\/alehandrogroup.al\/en\/wp-json\/wp\/v2\/product_cat?post=6509"},{"taxonomy":"product_tag","embeddable":true,"href":"https:\/\/alehandrogroup.al\/en\/wp-json\/wp\/v2\/product_tag?post=6509"}],"curies":[{"name":"wp","href":"https:\/\/api.w.org\/{rel}","templated":true}]}}