{"id":6507,"date":"2025-03-07T08:05:11","date_gmt":"2025-03-07T08:05:11","guid":{"rendered":"https:\/\/alehandrogroup.al\/?post_type=product&#038;p=6507"},"modified":"2025-11-21T21:49:47","modified_gmt":"2025-11-21T21:49:47","slug":"camelot-firriato","status":"publish","type":"product","link":"https:\/\/alehandrogroup.al\/en\/product\/camelot-firriato\/","title":{"rendered":"CAMELOT &#8211; FIRRIATO"},"content":{"rendered":"<h3><strong><em>P\u00ebrshkrimi i Ver\u00ebs: CAMELOT &#8211; FIRRIATO<\/em><\/strong><\/h3>\n<p><em><strong>Detaje t\u00eb Prodhimit:<\/strong><\/em><\/p>\n<p data-start=\"0\" data-end=\"193\">Camelot \u00ebsht\u00eb nj\u00eb ver\u00eb prestigjioze e kantin\u00ebs <strong data-start=\"1478\" data-end=\"1490\">Firriato<\/strong>, e frym\u00ebzuar nga miti i mbretit Arthur dhe kalor\u00ebsve t\u00eb tij. \u00cbsht\u00eb nj\u00eb kombinim i shk\u00eblqyer i <strong data-start=\"1585\" data-end=\"1618\">Cabernet Sauvignon dhe Merlot<\/strong>, dy varietete nd\u00ebrkomb\u00ebtare q\u00eb p\u00ebrshtaten n\u00eb m\u00ebnyr\u00eb perfekte me klim\u00ebn dhe tok\u00ebn e pasur t\u00eb Si\u00e7ilis\u00eb.<\/p>\n<hr \/>\n<h3><strong><em>Karakteristikat<\/em><\/strong><\/h3>\n<ul>\n<li data-start=\"1762\" data-end=\"1816\"><strong data-start=\"1762\" data-end=\"1772\">Ngjyra<\/strong>: E kuqe rubin e err\u00ebt, me nuanca purpurt.<\/li>\n<li data-start=\"1820\" data-end=\"2045\"><strong data-start=\"1820\" data-end=\"1829\">Aroma<\/strong>: Kompleks dhe e pasur, me nota t\u00eb <strong data-start=\"1864\" data-end=\"1885\">frutave t\u00eb pyllit<\/strong>, qershis\u00eb s\u00eb zez\u00eb, kumbull\u00ebs s\u00eb pjekur, t\u00eb nd\u00ebrthurura me nuanca t\u00eb vaniljes, kanell\u00ebs dhe duhanit. Me kalimin e koh\u00ebs, shfaqen aroma balsamike dhe minerale.<\/li>\n<li data-start=\"2049\" data-end=\"2244\"><strong data-start=\"2049\" data-end=\"2058\">Shija<\/strong>: E fuqishme dhe e ekuilibruar, me tanine t\u00eb rafinuara dhe nj\u00eb struktur\u00eb t\u00eb fort\u00eb. Mbyllja \u00ebsht\u00eb e gjat\u00eb dhe e k\u00ebndshme, me nj\u00eb ndjesi t\u00eb p\u00ebrqendruar t\u00eb frutave t\u00eb pjekura dhe er\u00ebzave<\/li>\n<\/ul>\n<hr \/>\n<h3><em><strong>Shoq\u00ebrime t\u00eb Sugjeruara<\/strong><\/em><\/h3>\n<p><em>Kombinohet n\u00eb m\u00ebnyr\u00eb t\u00eb shk\u00eblqyer me:<\/em><\/p>\n<ul>\n<li data-start=\"1389\" data-end=\"1487\"><strong>Mishrat e kuq t\u00eb pjekur<\/strong><\/li>\n<li data-start=\"1575\" data-end=\"1678\"><strong>Pasta ose Risotto<\/strong><\/li>\n<li data-start=\"1575\" data-end=\"1678\"><strong>Antipasta<\/strong><\/li>\n<li data-start=\"1575\" data-end=\"1678\"><strong>Djath\u00eb i Stazhonuar<\/strong><\/li>\n<\/ul>","protected":false},"excerpt":{"rendered":"<p>P\u00ebrshkrimi i Ver\u00ebs: CAMELOT &#8211; FIRRIATO Detaje t\u00eb Prodhimit: Camelot \u00ebsht\u00eb nj\u00eb ver\u00eb prestigjioze e kantin\u00ebs Firriato, e frym\u00ebzuar nga miti i mbretit Arthur dhe kalor\u00ebsve t\u00eb tij. \u00cbsht\u00eb nj\u00eb kombinim i shk\u00eblqyer i Cabernet Sauvignon dhe Merlot, dy varietete nd\u00ebrkomb\u00ebtare q\u00eb p\u00ebrshtaten n\u00eb m\u00ebnyr\u00eb perfekte me klim\u00ebn dhe tok\u00ebn e pasur t\u00eb Si\u00e7ilis\u00eb. Karakteristikat [&hellip;]<\/p>\n","protected":false},"featured_media":7540,"template":"","meta":[],"product_brand":[],"product_cat":[58,46],"product_tag":[],"class_list":{"0":"post-6507","1":"product","2":"type-product","3":"status-publish","4":"has-post-thumbnail","6":"product_cat-vere","7":"product_cat-vere-e-kuqe","9":"first","10":"instock","11":"shipping-taxable","12":"purchasable","13":"product-type-simple"},"_links":{"self":[{"href":"https:\/\/alehandrogroup.al\/en\/wp-json\/wp\/v2\/product\/6507","targetHints":{"allow":["GET"]}}],"collection":[{"href":"https:\/\/alehandrogroup.al\/en\/wp-json\/wp\/v2\/product"}],"about":[{"href":"https:\/\/alehandrogroup.al\/en\/wp-json\/wp\/v2\/types\/product"}],"version-history":[{"count":1,"href":"https:\/\/alehandrogroup.al\/en\/wp-json\/wp\/v2\/product\/6507\/revisions"}],"predecessor-version":[{"id":7541,"href":"https:\/\/alehandrogroup.al\/en\/wp-json\/wp\/v2\/product\/6507\/revisions\/7541"}],"wp:featuredmedia":[{"embeddable":true,"href":"https:\/\/alehandrogroup.al\/en\/wp-json\/wp\/v2\/media\/7540"}],"wp:attachment":[{"href":"https:\/\/alehandrogroup.al\/en\/wp-json\/wp\/v2\/media?parent=6507"}],"wp:term":[{"taxonomy":"product_brand","embeddable":true,"href":"https:\/\/alehandrogroup.al\/en\/wp-json\/wp\/v2\/product_brand?post=6507"},{"taxonomy":"product_cat","embeddable":true,"href":"https:\/\/alehandrogroup.al\/en\/wp-json\/wp\/v2\/product_cat?post=6507"},{"taxonomy":"product_tag","embeddable":true,"href":"https:\/\/alehandrogroup.al\/en\/wp-json\/wp\/v2\/product_tag?post=6507"}],"curies":[{"name":"wp","href":"https:\/\/api.w.org\/{rel}","templated":true}]}}