{"id":6495,"date":"2025-03-03T11:10:15","date_gmt":"2025-03-03T11:10:15","guid":{"rendered":"https:\/\/alehandrogroup.al\/?post_type=product&#038;p=6495"},"modified":"2025-12-09T13:42:00","modified_gmt":"2025-12-09T13:42:00","slug":"los-vascos-cabernet-sauvignon-gran-riserva","status":"publish","type":"product","link":"https:\/\/alehandrogroup.al\/en\/product\/los-vascos-cabernet-sauvignon-gran-riserva\/","title":{"rendered":"LOS VASCOS CABERNET SAUVIGNON GRAN RISERVA &#8211; LAFITE DE ROTHSCHILD"},"content":{"rendered":"<div class=\"flex-1 overflow-hidden @container\/thread translate-y-[2rem] -mt-[2rem] pb-[1.5rem]\">\n<div class=\"relative h-full\">\n<div class=\"flex h-full flex-col overflow-y-auto [scrollbar-gutter:stable]\">\n<div class=\"flex flex-col text-sm\">\n<article class=\"w-full text-token-text-primary focus-visible:outline-2 focus-visible:outline-offset-[-4px]\" dir=\"auto\" data-testid=\"conversation-turn-27\" data-scroll-anchor=\"true\">\n<div class=\"m-auto text-base py-[18px] px-6\">\n<div class=\"mx-auto flex flex-1 text-base gap-4 md:gap-5 lg:gap-6 md:max-w-3xl\">\n<div class=\"group\/conversation-turn relative flex w-full min-w-0 flex-col agent-turn @xs\/thread:px-0 @sm\/thread:px-1.5 @md\/thread:px-4\">\n<div class=\"flex-col gap-1 md:gap-3\">\n<div class=\"flex max-w-full flex-col flex-grow\">\n<div class=\"min-h-8 text-message relative flex w-full flex-col items-end gap-2 whitespace-normal break-words text-start [.text-message+&amp;]:mt-5\" dir=\"auto\" data-message-author-role=\"assistant\" data-message-id=\"605210be-38c5-4cd2-af68-c0d2debf51bb\" data-message-model-slug=\"gpt-4o\">\n<div class=\"flex w-full flex-col gap-1 empty:hidden first:pt-[3px]\">\n<div class=\"markdown prose w-full break-words dark:prose-invert light\">\n<h3><strong><em>P\u00ebrshkrimi i Ver\u00ebs: LOS VASCOS CABERNET SAUVIGNON GRAN RISERVA &#8211; LAFITE DE ROTHSCHILD<\/em><\/strong><\/h3>\n<p><em><strong>Detaje t\u00eb Prodhimit:<\/strong><\/em><\/p>\n<p data-start=\"0\" data-end=\"193\">Los Vascos Cabernet Sauvignon Gran Riserva \u00ebsht\u00eb nj\u00eb ver\u00eb me karakter t\u00eb fuqish\u00ebm dhe arom\u00eb t\u00eb thell\u00eb, q\u00eb vjen nga vreshtat m\u00eb t\u00eb mira t\u00eb Colchagua Valley. Prodhimi nga Domaines Barons de Rothschild (Lafite) garanton cil\u00ebsi t\u00eb lart\u00eb dhe nj\u00eb p\u00ebrvoj\u00eb unike.<\/p>\n<hr \/>\n<h3><strong><em>Karakteristikat<\/em><\/strong><\/h3>\n<ul>\n<li data-start=\"1714\" data-end=\"1754\"><strong data-start=\"1716\" data-end=\"1727\">Ngjyra:<\/strong> E kuqe rubini intensive.<\/li>\n<li data-start=\"1755\" data-end=\"1842\"><strong data-start=\"1757\" data-end=\"1767\">Aroma:<\/strong> Fruta t\u00eb zeza t\u00eb pjekura, vanilje, duhan dhe nuanca t\u00eb lehta t\u00eb l\u00ebkur\u00ebs.<\/li>\n<li data-start=\"1843\" data-end=\"1935\"><strong data-start=\"1845\" data-end=\"1855\">Shija:<\/strong> E strukturuar, me tanin\u00eb t\u00eb m\u00ebndafshta dhe nj\u00eb fund t\u00eb gjat\u00eb dhe t\u00eb rafinuar.<\/li>\n<\/ul>\n<hr \/>\n<h3><em><strong>Shoq\u00ebrime t\u00eb Sugjeruara<\/strong><\/em><\/h3>\n<p><em>Kombinohet n\u00eb m\u00ebnyr\u00eb t\u00eb shk\u00eblqyer me:<\/em><\/p>\n<ul>\n<li data-start=\"1389\" data-end=\"1487\"><strong>Mishrat e kuq t\u00eb pjekur<\/strong><\/li>\n<li data-start=\"1575\" data-end=\"1678\"><strong>Pasta ose Risotto<\/strong><\/li>\n<li data-start=\"1575\" data-end=\"1678\"><strong>Barbecue<\/strong><\/li>\n<li data-start=\"1575\" data-end=\"1678\"><strong>Djath\u00eb gjysm\u00eb t\u00eb Stazhonuar<\/strong><\/li>\n<\/ul>\n<\/div>\n<\/div>\n<\/div>\n<\/div>\n<\/div>\n<\/div>\n<\/div>\n<\/div>\n<\/article>\n<\/div>\n<\/div>\n<\/div>\n<\/div>\n","protected":false},"excerpt":{"rendered":"<p>P\u00ebrshkrimi i Ver\u00ebs: LOS VASCOS CABERNET SAUVIGNON GRAN RISERVA &#8211; LAFITE DE ROTHSCHILD Detaje t\u00eb Prodhimit: Los Vascos Cabernet Sauvignon Gran Riserva \u00ebsht\u00eb nj\u00eb ver\u00eb me karakter t\u00eb fuqish\u00ebm dhe arom\u00eb t\u00eb thell\u00eb, q\u00eb vjen nga vreshtat m\u00eb t\u00eb mira t\u00eb Colchagua Valley. Prodhimi nga Domaines Barons de Rothschild (Lafite) garanton cil\u00ebsi t\u00eb lart\u00eb dhe [&hellip;]<\/p>\n","protected":false},"featured_media":7853,"template":"","meta":[],"product_brand":[],"product_cat":[58,46],"product_tag":[],"class_list":{"0":"post-6495","1":"product","2":"type-product","3":"status-publish","4":"has-post-thumbnail","6":"product_cat-vere","7":"product_cat-vere-e-kuqe","9":"first","10":"instock","11":"shipping-taxable","12":"purchasable","13":"product-type-simple"},"_links":{"self":[{"href":"https:\/\/alehandrogroup.al\/en\/wp-json\/wp\/v2\/product\/6495","targetHints":{"allow":["GET"]}}],"collection":[{"href":"https:\/\/alehandrogroup.al\/en\/wp-json\/wp\/v2\/product"}],"about":[{"href":"https:\/\/alehandrogroup.al\/en\/wp-json\/wp\/v2\/types\/product"}],"version-history":[{"count":2,"href":"https:\/\/alehandrogroup.al\/en\/wp-json\/wp\/v2\/product\/6495\/revisions"}],"predecessor-version":[{"id":7854,"href":"https:\/\/alehandrogroup.al\/en\/wp-json\/wp\/v2\/product\/6495\/revisions\/7854"}],"wp:featuredmedia":[{"embeddable":true,"href":"https:\/\/alehandrogroup.al\/en\/wp-json\/wp\/v2\/media\/7853"}],"wp:attachment":[{"href":"https:\/\/alehandrogroup.al\/en\/wp-json\/wp\/v2\/media?parent=6495"}],"wp:term":[{"taxonomy":"product_brand","embeddable":true,"href":"https:\/\/alehandrogroup.al\/en\/wp-json\/wp\/v2\/product_brand?post=6495"},{"taxonomy":"product_cat","embeddable":true,"href":"https:\/\/alehandrogroup.al\/en\/wp-json\/wp\/v2\/product_cat?post=6495"},{"taxonomy":"product_tag","embeddable":true,"href":"https:\/\/alehandrogroup.al\/en\/wp-json\/wp\/v2\/product_tag?post=6495"}],"curies":[{"name":"wp","href":"https:\/\/api.w.org\/{rel}","templated":true}]}}