{"id":6491,"date":"2025-03-03T11:05:40","date_gmt":"2025-03-03T11:05:40","guid":{"rendered":"https:\/\/alehandrogroup.al\/?post_type=product&#038;p=6491"},"modified":"2025-12-09T13:39:53","modified_gmt":"2025-12-09T13:39:53","slug":"los-vascos-cabernet-sauvignon-2018","status":"publish","type":"product","link":"https:\/\/alehandrogroup.al\/en\/product\/los-vascos-cabernet-sauvignon-2018\/","title":{"rendered":"LOS VASCOS CABERNET SAUVIGNON &#8211; LAFITE DE ROTHSCHILD"},"content":{"rendered":"<div class=\"flex-1 overflow-hidden @container\/thread translate-y-[2rem] -mt-[2rem] pb-[1.5rem]\">\n<div class=\"relative h-full\">\n<div class=\"flex h-full flex-col overflow-y-auto [scrollbar-gutter:stable]\">\n<div class=\"flex flex-col text-sm\">\n<article class=\"w-full text-token-text-primary focus-visible:outline-2 focus-visible:outline-offset-[-4px]\" dir=\"auto\" data-testid=\"conversation-turn-27\" data-scroll-anchor=\"true\">\n<div class=\"m-auto text-base py-[18px] px-6\">\n<div class=\"mx-auto flex flex-1 text-base gap-4 md:gap-5 lg:gap-6 md:max-w-3xl\">\n<div class=\"group\/conversation-turn relative flex w-full min-w-0 flex-col agent-turn @xs\/thread:px-0 @sm\/thread:px-1.5 @md\/thread:px-4\">\n<div class=\"flex-col gap-1 md:gap-3\">\n<div class=\"flex max-w-full flex-col flex-grow\">\n<div class=\"min-h-8 text-message relative flex w-full flex-col items-end gap-2 whitespace-normal break-words text-start [.text-message+&amp;]:mt-5\" dir=\"auto\" data-message-author-role=\"assistant\" data-message-id=\"605210be-38c5-4cd2-af68-c0d2debf51bb\" data-message-model-slug=\"gpt-4o\">\n<div class=\"flex w-full flex-col gap-1 empty:hidden first:pt-[3px]\">\n<div class=\"markdown prose w-full break-words dark:prose-invert light\">\n<h3><strong><em>P\u00ebrshkrimi i Ver\u00ebs: LOS VASCOS CABERNET SAUVIGNON &#8211; LAFITE DE ROTHSCHILD<\/em><\/strong><\/h3>\n<p><em><strong>Detaje t\u00eb Prodhimit:<\/strong><\/em><\/p>\n<p data-start=\"0\" data-end=\"193\">Los Vascos Cabernet Sauvignon \u00ebsht\u00eb nj\u00eb ver\u00eb kiliane e prodhuar nga familja prestigjioze Rothschild (Lafite), e njohur p\u00ebr ver\u00ebrat e saj cil\u00ebsore.<\/p>\n<hr \/>\n<h3><strong><em>Karakteristikat<\/em><\/strong><\/h3>\n<ul>\n<li data-start=\"467\" data-end=\"504\"><strong data-start=\"469\" data-end=\"479\">Ngjyra<\/strong>: E kuqe rubin e thell\u00eb<\/li>\n<li data-start=\"505\" data-end=\"628\"><strong data-start=\"507\" data-end=\"516\">Aroma<\/strong>: Sh\u00ebnime t\u00eb frutave t\u00eb kuqe t\u00eb pjekura (qershi, rrush i zi), er\u00ebza t\u00eb lehta, prekje t\u00eb duhanit dhe \u00e7okollat\u00ebs<\/li>\n<li data-start=\"629\" data-end=\"740\"><strong data-start=\"631\" data-end=\"640\">Shija<\/strong>: Struktur\u00eb e ekuilibruar, tanin\u00eb t\u00eb buta dhe nj\u00eb fund i q\u00ebndruesh\u00ebm me nuanca vaniljeje dhe kakao<\/li>\n<\/ul>\n<hr \/>\n<h3><em><strong>Shoq\u00ebrime t\u00eb Sugjeruara<\/strong><\/em><\/h3>\n<p><em>Kombinohet n\u00eb m\u00ebnyr\u00eb t\u00eb shk\u00eblqyer me:<\/em><\/p>\n<ul>\n<li data-start=\"1389\" data-end=\"1487\"><strong>Mishra t\u00eb kuq <\/strong><\/li>\n<li data-start=\"1389\" data-end=\"1487\"><strong>Pjata t\u00eb pjekura n\u00eb skar\u00eb<\/strong><\/li>\n<li data-start=\"1389\" data-end=\"1487\"><strong>Djath\u00ebra t\u00eb stazhionuar<\/strong><\/li>\n<\/ul>\n<\/div>\n<\/div>\n<\/div>\n<\/div>\n<\/div>\n<\/div>\n<\/div>\n<\/div>\n<\/article>\n<\/div>\n<\/div>\n<\/div>\n<\/div>\n<p data-start=\"930\" data-end=\"1023\">\n","protected":false},"excerpt":{"rendered":"<p>P\u00ebrshkrimi i Ver\u00ebs: LOS VASCOS CABERNET SAUVIGNON &#8211; LAFITE DE ROTHSCHILD Detaje t\u00eb Prodhimit: Los Vascos Cabernet Sauvignon \u00ebsht\u00eb nj\u00eb ver\u00eb kiliane e prodhuar nga familja prestigjioze Rothschild (Lafite), e njohur p\u00ebr ver\u00ebrat e saj cil\u00ebsore. Karakteristikat Ngjyra: E kuqe rubin e thell\u00eb Aroma: Sh\u00ebnime t\u00eb frutave t\u00eb kuqe t\u00eb pjekura (qershi, rrush i zi), [&hellip;]<\/p>\n","protected":false},"featured_media":7851,"template":"","meta":[],"product_brand":[],"product_cat":[58,46],"product_tag":[],"class_list":{"0":"post-6491","1":"product","2":"type-product","3":"status-publish","4":"has-post-thumbnail","6":"product_cat-vere","7":"product_cat-vere-e-kuqe","9":"first","10":"instock","11":"shipping-taxable","12":"purchasable","13":"product-type-simple"},"_links":{"self":[{"href":"https:\/\/alehandrogroup.al\/en\/wp-json\/wp\/v2\/product\/6491","targetHints":{"allow":["GET"]}}],"collection":[{"href":"https:\/\/alehandrogroup.al\/en\/wp-json\/wp\/v2\/product"}],"about":[{"href":"https:\/\/alehandrogroup.al\/en\/wp-json\/wp\/v2\/types\/product"}],"version-history":[{"count":2,"href":"https:\/\/alehandrogroup.al\/en\/wp-json\/wp\/v2\/product\/6491\/revisions"}],"predecessor-version":[{"id":7852,"href":"https:\/\/alehandrogroup.al\/en\/wp-json\/wp\/v2\/product\/6491\/revisions\/7852"}],"wp:featuredmedia":[{"embeddable":true,"href":"https:\/\/alehandrogroup.al\/en\/wp-json\/wp\/v2\/media\/7851"}],"wp:attachment":[{"href":"https:\/\/alehandrogroup.al\/en\/wp-json\/wp\/v2\/media?parent=6491"}],"wp:term":[{"taxonomy":"product_brand","embeddable":true,"href":"https:\/\/alehandrogroup.al\/en\/wp-json\/wp\/v2\/product_brand?post=6491"},{"taxonomy":"product_cat","embeddable":true,"href":"https:\/\/alehandrogroup.al\/en\/wp-json\/wp\/v2\/product_cat?post=6491"},{"taxonomy":"product_tag","embeddable":true,"href":"https:\/\/alehandrogroup.al\/en\/wp-json\/wp\/v2\/product_tag?post=6491"}],"curies":[{"name":"wp","href":"https:\/\/api.w.org\/{rel}","templated":true}]}}