{"id":6483,"date":"2025-03-03T10:43:27","date_gmt":"2025-03-03T10:43:27","guid":{"rendered":"https:\/\/alehandrogroup.al\/?post_type=product&#038;p=6483"},"modified":"2025-12-26T11:10:35","modified_gmt":"2025-12-26T11:10:35","slug":"rimapere-sauvignon-blanc-2021","status":"publish","type":"product","link":"https:\/\/alehandrogroup.al\/en\/product\/rimapere-sauvignon-blanc-2021\/","title":{"rendered":"RIMAPERE SAUVIGNON BLANC &#8211; LAFITE DE ROTHSCHILD"},"content":{"rendered":"<div class=\"flex-1 overflow-hidden @container\/thread translate-y-[2rem] -mt-[2rem] pb-[1.5rem]\">\n<div class=\"relative h-full\">\n<div class=\"flex h-full flex-col overflow-y-auto [scrollbar-gutter:stable]\">\n<div class=\"flex flex-col text-sm\">\n<article class=\"w-full text-token-text-primary focus-visible:outline-2 focus-visible:outline-offset-[-4px]\" dir=\"auto\" data-testid=\"conversation-turn-27\" data-scroll-anchor=\"true\">\n<div class=\"m-auto text-base py-[18px] px-6\">\n<div class=\"mx-auto flex flex-1 text-base gap-4 md:gap-5 lg:gap-6 md:max-w-3xl\">\n<div class=\"group\/conversation-turn relative flex w-full min-w-0 flex-col agent-turn @xs\/thread:px-0 @sm\/thread:px-1.5 @md\/thread:px-4\">\n<div class=\"flex-col gap-1 md:gap-3\">\n<div class=\"flex max-w-full flex-col flex-grow\">\n<div class=\"min-h-8 text-message relative flex w-full flex-col items-end gap-2 whitespace-normal break-words text-start [.text-message+&amp;]:mt-5\" dir=\"auto\" data-message-author-role=\"assistant\" data-message-id=\"605210be-38c5-4cd2-af68-c0d2debf51bb\" data-message-model-slug=\"gpt-4o\">\n<div class=\"flex w-full flex-col gap-1 empty:hidden first:pt-[3px]\">\n<div class=\"markdown prose w-full break-words dark:prose-invert light\">\n<h3><strong><em>P\u00ebrshkrimi i Ver\u00ebs: LOS VASCOS CABERNET SAUVIGNON &#8211; LAFITE DE ROTHSCHILD<\/em><\/strong><\/h3>\n<p><em><strong>Detaje t\u00eb Prodhimit:<\/strong><\/em><\/p>\n<p data-start=\"0\" data-end=\"193\">Rimapere Sauvignon Blanc \u00ebsht\u00eb nj\u00eb ver\u00eb e sofistikuar nga rajoni i Marlborough, Zeland\u00eb e Re, e krijuar me kujdes p\u00ebr t\u00eb pasqyruar freskin\u00eb dhe karakterin unik t\u00eb tok\u00ebs. Me nj\u00eb arom\u00eb t\u00eb fresk\u00ebt dhe minerale, kjo ver\u00eb \u00ebsht\u00eb ideale p\u00ebr dashamir\u00ebsit e shijeve t\u00eb gjalla dhe elegante.<\/p>\n<hr \/>\n<h3><strong><em>Karakteristikat<\/em><\/strong><\/h3>\n<ul>\n<li data-start=\"680\" data-end=\"733\"><strong data-start=\"682\" data-end=\"693\">Ngjyra:<\/strong> E verdh\u00eb e \u00e7el\u00ebt me reflekse jeshile.<\/li>\n<li data-start=\"734\" data-end=\"805\"><strong data-start=\"736\" data-end=\"746\">Aroma:<\/strong> Nota agrumesh, fruta tropikale dhe barishte t\u00eb fresk\u00ebta.<\/li>\n<li data-start=\"806\" data-end=\"872\"><strong data-start=\"808\" data-end=\"818\">Shija:<\/strong> E fresk\u00ebt, me aciditet t\u00eb lart\u00eb dhe fund t\u00eb past\u00ebr.<\/li>\n<\/ul>\n<hr \/>\n<h3><em><strong>Shoq\u00ebrime t\u00eb Sugjeruara<\/strong><\/em><\/h3>\n<p><em>Kombinohet n\u00eb m\u00ebnyr\u00eb t\u00eb shk\u00eblqyer me:<\/em><\/p>\n<ul>\n<li data-start=\"1389\" data-end=\"1487\"><strong>Fruta deti<\/strong><\/li>\n<li data-start=\"1389\" data-end=\"1487\"><strong>Peshk i pjekur<\/strong><\/li>\n<li data-start=\"1389\" data-end=\"1487\"><strong>Sallata t\u00eb fresk\u00ebta.<\/strong><\/li>\n<\/ul>\n<\/div>\n<\/div>\n<\/div>\n<\/div>\n<\/div>\n<\/div>\n<\/div>\n<\/div>\n<\/article>\n<\/div>\n<\/div>\n<\/div>\n<\/div>\n<p>&nbsp;<\/p>\n","protected":false},"excerpt":{"rendered":"<p>P\u00ebrshkrimi i Ver\u00ebs: LOS VASCOS CABERNET SAUVIGNON &#8211; LAFITE DE ROTHSCHILD Detaje t\u00eb Prodhimit: Rimapere Sauvignon Blanc \u00ebsht\u00eb nj\u00eb ver\u00eb e sofistikuar nga rajoni i Marlborough, Zeland\u00eb e Re, e krijuar me kujdes p\u00ebr t\u00eb pasqyruar freskin\u00eb dhe karakterin unik t\u00eb tok\u00ebs. Me nj\u00eb arom\u00eb t\u00eb fresk\u00ebt dhe minerale, kjo ver\u00eb \u00ebsht\u00eb ideale p\u00ebr dashamir\u00ebsit [&hellip;]<\/p>\n","protected":false},"featured_media":7981,"template":"","meta":[],"product_brand":[],"product_cat":[58,41],"product_tag":[],"class_list":{"0":"post-6483","1":"product","2":"type-product","3":"status-publish","4":"has-post-thumbnail","6":"product_cat-vere","7":"product_cat-vere-e-bardhe","9":"first","10":"instock","11":"shipping-taxable","12":"purchasable","13":"product-type-simple"},"_links":{"self":[{"href":"https:\/\/alehandrogroup.al\/en\/wp-json\/wp\/v2\/product\/6483","targetHints":{"allow":["GET"]}}],"collection":[{"href":"https:\/\/alehandrogroup.al\/en\/wp-json\/wp\/v2\/product"}],"about":[{"href":"https:\/\/alehandrogroup.al\/en\/wp-json\/wp\/v2\/types\/product"}],"version-history":[{"count":2,"href":"https:\/\/alehandrogroup.al\/en\/wp-json\/wp\/v2\/product\/6483\/revisions"}],"predecessor-version":[{"id":7982,"href":"https:\/\/alehandrogroup.al\/en\/wp-json\/wp\/v2\/product\/6483\/revisions\/7982"}],"wp:featuredmedia":[{"embeddable":true,"href":"https:\/\/alehandrogroup.al\/en\/wp-json\/wp\/v2\/media\/7981"}],"wp:attachment":[{"href":"https:\/\/alehandrogroup.al\/en\/wp-json\/wp\/v2\/media?parent=6483"}],"wp:term":[{"taxonomy":"product_brand","embeddable":true,"href":"https:\/\/alehandrogroup.al\/en\/wp-json\/wp\/v2\/product_brand?post=6483"},{"taxonomy":"product_cat","embeddable":true,"href":"https:\/\/alehandrogroup.al\/en\/wp-json\/wp\/v2\/product_cat?post=6483"},{"taxonomy":"product_tag","embeddable":true,"href":"https:\/\/alehandrogroup.al\/en\/wp-json\/wp\/v2\/product_tag?post=6483"}],"curies":[{"name":"wp","href":"https:\/\/api.w.org\/{rel}","templated":true}]}}