{"id":6479,"date":"2025-02-28T13:05:08","date_gmt":"2025-02-28T13:05:08","guid":{"rendered":"https:\/\/alehandrogroup.al\/?post_type=product&#038;p=6479"},"modified":"2025-12-26T11:37:35","modified_gmt":"2025-12-26T11:37:35","slug":"santagostino-nero-davola-firriato","status":"publish","type":"product","link":"https:\/\/alehandrogroup.al\/en\/product\/santagostino-nero-davola-firriato\/","title":{"rendered":"SANTAGOSTINO NERO D&#8217;AVOLA &#8211; FIRRIATO"},"content":{"rendered":"<h3><strong><em>P\u00ebrshkrimi i Ver\u00ebs: SANTAGOSTINO NERO D&#8217;AVOLA &#8211; FIRRIATO<\/em><\/strong><\/h3>\n<p><em><strong>Detaje t\u00eb Prodhimit:<\/strong><\/em><\/p>\n<p data-start=\"0\" data-end=\"193\">Santagostino Nero d&#8217;Avola \u00ebsht\u00eb nj\u00eb nga ver\u00ebrat m\u00eb prestigjioze t\u00eb kantin\u00ebs <strong data-start=\"1770\" data-end=\"1782\">Firriato<\/strong>, e cila ndodhet n\u00eb Si\u00e7ili. Ky ver\u00eb \u00ebsht\u00eb nj\u00eb kombinim mes <strong data-start=\"1841\" data-end=\"1857\">Nero d&#8217;Avola<\/strong> dhe <strong data-start=\"1862\" data-end=\"1871\">Syrah<\/strong>, nj\u00eb bashkim q\u00eb nxjerr n\u00eb pah karakterin frutor dhe pikant t\u00eb Nero d&#8217;Avola-s, duke e kombinuar me struktur\u00ebn dhe intensitetin e Syrah-ut. Klima mesdhetare dhe tokat e pasura me minerale i japin k\u00ebtij vere nj\u00eb thell\u00ebsi dhe ekuilib\u00ebr t\u00eb jasht\u00ebzakonsh\u00ebm, si dhe nj\u00eb potencial t\u00eb shk\u00eblqyer p\u00ebr vjet\u00ebrsim.<\/p>\n<hr \/>\n<h3><strong><em>Karakteristikat<\/em><\/strong><\/h3>\n<ul>\n<li data-start=\"2212\" data-end=\"2311\">\n<p data-start=\"2214\" data-end=\"2311\"><strong data-start=\"2214\" data-end=\"2224\">Ngjyra<\/strong>: E kuqe rubin e thell\u00eb me reflektime vjollc\u00eb, q\u00eb tregon freskin\u00eb dhe fuqin\u00eb e ver\u00ebs.<\/p>\n<\/li>\n<li data-start=\"2313\" data-end=\"2587\">\n<p data-start=\"2315\" data-end=\"2587\"><strong data-start=\"2315\" data-end=\"2324\">Aroma<\/strong>: Arom\u00eb e plot\u00eb dhe e pasur, me nota t\u00eb <strong data-start=\"2364\" data-end=\"2395\">frutave t\u00eb pyllit t\u00eb pjekur<\/strong>, qershis\u00eb, kumbull\u00ebs dhe manaferr\u00ebs, t\u00eb shoq\u00ebruara nga nuanca pikante t\u00eb piperit t\u00eb zi, vaniljes dhe kakaos. Me vjet\u00ebrsimin, shfaqen aroma elegante balsamike dhe nuanca t\u00eb duhanit t\u00eb \u00ebmb\u00ebl.<\/p>\n<\/li>\n<li data-start=\"2589\" data-end=\"2831\">\n<p data-start=\"2591\" data-end=\"2831\"><strong data-start=\"2591\" data-end=\"2600\">Shija<\/strong>: E strukturuar dhe harmonike, me tanine t\u00eb buta dhe t\u00eb m\u00ebndafshta. Ekuilibri mes freskis\u00eb dhe but\u00ebsis\u00eb e b\u00ebn k\u00ebt\u00eb ver\u00eb shum\u00eb t\u00eb q\u00ebndrueshme, me nj\u00eb fund t\u00eb gjat\u00eb dhe pikant, ku rip\u00ebrs\u00ebriten notat frutore dhe t\u00eb drurit t\u00eb vjet\u00ebr.<\/p>\n<\/li>\n<\/ul>\n<hr \/>\n<h3><em><strong>Shoq\u00ebrime t\u00eb Sugjeruara<\/strong><\/em><\/h3>\n<p><em>Kombinohet n\u00eb m\u00ebnyr\u00eb t\u00eb shk\u00eblqyer me:<\/em><\/p>\n<ul>\n<li data-start=\"1389\" data-end=\"1487\"><strong>Mishrat e kuq t\u00eb pjekur<\/strong><\/li>\n<li data-start=\"1575\" data-end=\"1678\"><strong>Pasta ose Risotto<\/strong><\/li>\n<li data-start=\"1575\" data-end=\"1678\"><strong>Antipasta<\/strong><\/li>\n<li data-start=\"1575\" data-end=\"1678\"><strong>Djath\u00eb i Stazhonuar<\/strong><\/li>\n<\/ul>","protected":false},"excerpt":{"rendered":"<p>P\u00ebrshkrimi i Ver\u00ebs: SANTAGOSTINO NERO D&#8217;AVOLA &#8211; FIRRIATO Detaje t\u00eb Prodhimit: Santagostino Nero d&#8217;Avola \u00ebsht\u00eb nj\u00eb nga ver\u00ebrat m\u00eb prestigjioze t\u00eb kantin\u00ebs Firriato, e cila ndodhet n\u00eb Si\u00e7ili. Ky ver\u00eb \u00ebsht\u00eb nj\u00eb kombinim mes Nero d&#8217;Avola dhe Syrah, nj\u00eb bashkim q\u00eb nxjerr n\u00eb pah karakterin frutor dhe pikant t\u00eb Nero d&#8217;Avola-s, duke e kombinuar me [&hellip;]<\/p>\n","protected":false},"featured_media":7997,"template":"","meta":[],"product_brand":[],"product_cat":[58,46],"product_tag":[],"class_list":{"0":"post-6479","1":"product","2":"type-product","3":"status-publish","4":"has-post-thumbnail","6":"product_cat-vere","7":"product_cat-vere-e-kuqe","9":"first","10":"instock","11":"shipping-taxable","12":"purchasable","13":"product-type-simple"},"_links":{"self":[{"href":"https:\/\/alehandrogroup.al\/en\/wp-json\/wp\/v2\/product\/6479","targetHints":{"allow":["GET"]}}],"collection":[{"href":"https:\/\/alehandrogroup.al\/en\/wp-json\/wp\/v2\/product"}],"about":[{"href":"https:\/\/alehandrogroup.al\/en\/wp-json\/wp\/v2\/types\/product"}],"version-history":[{"count":2,"href":"https:\/\/alehandrogroup.al\/en\/wp-json\/wp\/v2\/product\/6479\/revisions"}],"predecessor-version":[{"id":7998,"href":"https:\/\/alehandrogroup.al\/en\/wp-json\/wp\/v2\/product\/6479\/revisions\/7998"}],"wp:featuredmedia":[{"embeddable":true,"href":"https:\/\/alehandrogroup.al\/en\/wp-json\/wp\/v2\/media\/7997"}],"wp:attachment":[{"href":"https:\/\/alehandrogroup.al\/en\/wp-json\/wp\/v2\/media?parent=6479"}],"wp:term":[{"taxonomy":"product_brand","embeddable":true,"href":"https:\/\/alehandrogroup.al\/en\/wp-json\/wp\/v2\/product_brand?post=6479"},{"taxonomy":"product_cat","embeddable":true,"href":"https:\/\/alehandrogroup.al\/en\/wp-json\/wp\/v2\/product_cat?post=6479"},{"taxonomy":"product_tag","embeddable":true,"href":"https:\/\/alehandrogroup.al\/en\/wp-json\/wp\/v2\/product_tag?post=6479"}],"curies":[{"name":"wp","href":"https:\/\/api.w.org\/{rel}","templated":true}]}}