{"id":6476,"date":"2025-02-28T13:00:57","date_gmt":"2025-02-28T13:00:57","guid":{"rendered":"https:\/\/alehandrogroup.al\/?post_type=product&#038;p=6476"},"modified":"2025-12-02T12:40:32","modified_gmt":"2025-12-02T12:40:32","slug":"chiaramonte-nero-davola-firriato","status":"publish","type":"product","link":"https:\/\/alehandrogroup.al\/en\/product\/chiaramonte-nero-davola-firriato\/","title":{"rendered":"CHIARAMONTE NERO D&#8217;AVOLA &#8211; FIRRIATO"},"content":{"rendered":"<h3><strong><em>P\u00ebrshkrimi i Ver\u00ebs: CHIARAMONTE NERO D&#8217;AVOLA &#8211; FIRRIATO<\/em><\/strong><\/h3>\n<p><em><strong>Detaje t\u00eb Prodhimit:<\/strong><\/em><\/p>\n<p data-start=\"0\" data-end=\"193\">Chiaramonte Nero d&#8217;Avola \u00ebsht\u00eb nj\u00eb nga etiketat m\u00eb p\u00ebrfaq\u00ebsuese t\u00eb kantin\u00ebs Firriato, nj\u00eb prej prodhuesve m\u00eb t\u00eb njohur t\u00eb ver\u00ebs n\u00eb Si\u00e7ili. Ky ver\u00eb prodhohet 100% nga rrushi <strong data-start=\"1754\" data-end=\"1770\">Nero d&#8217;Avola<\/strong>, varieteti m\u00eb i famsh\u00ebm i kuq n\u00eb ishull, i njohur p\u00ebr intensitetin aromatik dhe struktur\u00ebn e tij t\u00eb pasur. Klima e ngroht\u00eb dhe ndikimi i er\u00ebrave detare krijojn\u00eb nj\u00eb ver\u00eb t\u00eb fuqishme, me nj\u00eb ekuilib\u00ebr t\u00eb shk\u00eblqyer midis frutave dhe aciditetit.<\/p>\n<hr \/>\n<h3><strong><em>Karakteristikat<\/em><\/strong><\/h3>\n<ul>\n<li data-start=\"2055\" data-end=\"2156\"><strong data-start=\"2055\" data-end=\"2065\">Ngjyra<\/strong>: E kuqe rubin e thell\u00eb me reflektime vjollc\u00eb, q\u00eb tregon freskin\u00eb dhe gjall\u00ebrin\u00eb e ver\u00ebs.<\/li>\n<li data-start=\"2160\" data-end=\"2392\"><strong data-start=\"2160\" data-end=\"2169\">Aroma<\/strong>: Arom\u00eb e pasur dhe komplekse, me nota t\u00eb frutave t\u00eb kuqe t\u00eb pjekura si qershia, kumbulla dhe manaferrat, t\u00eb kombinuara me nuanca pikante t\u00eb piperit t\u00eb zi, kakaos dhe vaniljes, t\u00eb cilat vijn\u00eb nga vjet\u00ebrsimi n\u00eb fu\u00e7i druri.<\/li>\n<li data-start=\"2396\" data-end=\"2602\"><strong data-start=\"2396\" data-end=\"2405\">Shija<\/strong>: Esht\u00eb e ngroht\u00eb, e but\u00eb dhe e strukturuar mir\u00eb, me tanine t\u00eb buta dhe nj\u00eb aciditet t\u00eb ekuilibruar q\u00eb i jep freski. Fundi \u00ebsht\u00eb i gjat\u00eb, me nota t\u00eb \u00ebmbla pikante dhe nj\u00eb prekje minerale<\/li>\n<\/ul>\n<hr \/>\n<h3><em><strong>Shoq\u00ebrime t\u00eb Sugjeruara<\/strong><\/em><\/h3>\n<p><em>Kombinohet n\u00eb m\u00ebnyr\u00eb t\u00eb shk\u00eblqyer me:<\/em><\/p>\n<ul>\n<li data-start=\"1389\" data-end=\"1487\"><strong>Mishrat e kuq t\u00eb pjekur<\/strong><\/li>\n<li data-start=\"1575\" data-end=\"1678\"><strong>Pasta ose Risotto<\/strong><\/li>\n<li data-start=\"1575\" data-end=\"1678\"><strong>Antipasta<\/strong><\/li>\n<li data-start=\"1575\" data-end=\"1678\"><strong>Djath\u00eb i Stazhonuar<\/strong><\/li>\n<\/ul>","protected":false},"excerpt":{"rendered":"<p>P\u00ebrshkrimi i Ver\u00ebs: CHIARAMONTE NERO D&#8217;AVOLA &#8211; FIRRIATO Detaje t\u00eb Prodhimit: Chiaramonte Nero d&#8217;Avola \u00ebsht\u00eb nj\u00eb nga etiketat m\u00eb p\u00ebrfaq\u00ebsuese t\u00eb kantin\u00ebs Firriato, nj\u00eb prej prodhuesve m\u00eb t\u00eb njohur t\u00eb ver\u00ebs n\u00eb Si\u00e7ili. Ky ver\u00eb prodhohet 100% nga rrushi Nero d&#8217;Avola, varieteti m\u00eb i famsh\u00ebm i kuq n\u00eb ishull, i njohur p\u00ebr intensitetin aromatik dhe [&hellip;]<\/p>\n","protected":false},"featured_media":7739,"template":"","meta":[],"product_brand":[],"product_cat":[58,46],"product_tag":[],"class_list":{"0":"post-6476","1":"product","2":"type-product","3":"status-publish","4":"has-post-thumbnail","6":"product_cat-vere","7":"product_cat-vere-e-kuqe","9":"first","10":"instock","11":"shipping-taxable","12":"purchasable","13":"product-type-simple"},"_links":{"self":[{"href":"https:\/\/alehandrogroup.al\/en\/wp-json\/wp\/v2\/product\/6476","targetHints":{"allow":["GET"]}}],"collection":[{"href":"https:\/\/alehandrogroup.al\/en\/wp-json\/wp\/v2\/product"}],"about":[{"href":"https:\/\/alehandrogroup.al\/en\/wp-json\/wp\/v2\/types\/product"}],"version-history":[{"count":2,"href":"https:\/\/alehandrogroup.al\/en\/wp-json\/wp\/v2\/product\/6476\/revisions"}],"predecessor-version":[{"id":7740,"href":"https:\/\/alehandrogroup.al\/en\/wp-json\/wp\/v2\/product\/6476\/revisions\/7740"}],"wp:featuredmedia":[{"embeddable":true,"href":"https:\/\/alehandrogroup.al\/en\/wp-json\/wp\/v2\/media\/7739"}],"wp:attachment":[{"href":"https:\/\/alehandrogroup.al\/en\/wp-json\/wp\/v2\/media?parent=6476"}],"wp:term":[{"taxonomy":"product_brand","embeddable":true,"href":"https:\/\/alehandrogroup.al\/en\/wp-json\/wp\/v2\/product_brand?post=6476"},{"taxonomy":"product_cat","embeddable":true,"href":"https:\/\/alehandrogroup.al\/en\/wp-json\/wp\/v2\/product_cat?post=6476"},{"taxonomy":"product_tag","embeddable":true,"href":"https:\/\/alehandrogroup.al\/en\/wp-json\/wp\/v2\/product_tag?post=6476"}],"curies":[{"name":"wp","href":"https:\/\/api.w.org\/{rel}","templated":true}]}}