{"id":6474,"date":"2025-02-28T12:56:08","date_gmt":"2025-02-28T12:56:08","guid":{"rendered":"https:\/\/alehandrogroup.al\/?post_type=product&#038;p=6474"},"modified":"2025-11-22T12:16:34","modified_gmt":"2025-11-22T12:16:34","slug":"pinot-nero-lavis","status":"publish","type":"product","link":"https:\/\/alehandrogroup.al\/en\/product\/pinot-nero-lavis\/","title":{"rendered":"PINOT NERO &#8211; LAVIS"},"content":{"rendered":"<h3><strong><em>P\u00ebrshkrimi i Ver\u00ebs: PINOT NERO &#8211; LAVIS<\/em><\/strong><\/h3>\n<p><em><strong>Detaje t\u00eb Prodhimit:<\/strong><\/em><\/p>\n<p data-start=\"0\" data-end=\"193\">Pinot Nero \u00ebsht\u00eb nj\u00eb nga varietetet m\u00eb fisnike dhe m\u00eb t\u00eb v\u00ebshtira p\u00ebr t&#8217;u kultivuar, por q\u00eb jep ver\u00ebra t\u00eb jasht\u00ebzakonshme me eleganc\u00eb dhe kompleksitet. Cantina Lavis, e vendosur n\u00eb rajonin Trentino t\u00eb Italis\u00eb, \u00ebsht\u00eb e njohur p\u00ebr prodhimin e nj\u00eb Pinot Nero cil\u00ebsor, q\u00eb reflekton n\u00eb m\u00ebnyr\u00eb t\u00eb p\u00ebrkryer karakteristikat e k\u00ebtij territori malor. Klima e fresk\u00ebt dhe toka g\u00eblqerore japin nj\u00eb ver\u00eb t\u00eb rafinuar, me nj\u00eb struktur\u00eb delikate dhe nj\u00eb shije t\u00eb ekuilibruar.<\/p>\n<hr \/>\n<h3><strong><em>Karakteristikat<\/em><\/strong><\/h3>\n<ul>\n<li data-start=\"569\" data-end=\"665\">\n<p data-start=\"571\" data-end=\"665\"><strong data-start=\"571\" data-end=\"581\">Ngjyra<\/strong>: E kuqe rubin e \u00e7el\u00ebt me reflektime granati, tipike p\u00ebr nj\u00eb Pinot Nero t\u00eb past\u00ebr.<\/p>\n<\/li>\n<li data-start=\"667\" data-end=\"947\">\n<p data-start=\"669\" data-end=\"947\"><strong data-start=\"669\" data-end=\"678\">Aroma<\/strong>: Buqet\u00eb elegante dhe komplekse, me nota t\u00eb frutave t\u00eb kuqe si qershia, manaferra dhe rrushi i kuq, t\u00eb shoq\u00ebruara nga nuanca t\u00eb lehta pikante t\u00eb piperit t\u00eb zi dhe vaniljes. Gjithashtu, ndihen aroma delikate lulesh si vjollca dhe nj\u00eb prekje tok\u00ebsore q\u00eb i jep karakter.<\/p>\n<\/li>\n<li data-start=\"949\" data-end=\"1174\">\n<p data-start=\"951\" data-end=\"1174\"><strong data-start=\"951\" data-end=\"960\">Shija<\/strong>: Esht\u00eb e but\u00eb dhe e ekuilibruar, me tanine t\u00eb lehta dhe nj\u00eb freski t\u00eb k\u00ebndshme. Trupi \u00ebsht\u00eb mesatar, nd\u00ebrsa fundi \u00ebsht\u00eb i gjat\u00eb dhe harmonik, ku rip\u00ebrs\u00ebriten notat frutore dhe pikante t\u00eb ndjera n\u00eb arom\u00eb.<\/p>\n<\/li>\n<\/ul>\n<hr \/>\n<h3><em><strong>Shoq\u00ebrime t\u00eb Sugjeruara<\/strong><\/em><\/h3>\n<p><em>Kombinohet n\u00eb m\u00ebnyr\u00eb t\u00eb shk\u00eblqyer me:<\/em><\/p>\n<ul>\n<li data-start=\"1389\" data-end=\"1487\"><strong data-start=\"1391\" data-end=\"1435\">Mish i bardh\u00eb i pjekur ose i gatuar ngadal\u00eb<\/strong><\/li>\n<li data-start=\"1575\" data-end=\"1678\"><strong>Djath\u00eb i but\u00eb<\/strong><\/li>\n<\/ul>","protected":false},"excerpt":{"rendered":"<p>P\u00ebrshkrimi i Ver\u00ebs: PINOT NERO &#8211; LAVIS Detaje t\u00eb Prodhimit: Pinot Nero \u00ebsht\u00eb nj\u00eb nga varietetet m\u00eb fisnike dhe m\u00eb t\u00eb v\u00ebshtira p\u00ebr t&#8217;u kultivuar, por q\u00eb jep ver\u00ebra t\u00eb jasht\u00ebzakonshme me eleganc\u00eb dhe kompleksitet. Cantina Lavis, e vendosur n\u00eb rajonin Trentino t\u00eb Italis\u00eb, \u00ebsht\u00eb e njohur p\u00ebr prodhimin e nj\u00eb Pinot Nero cil\u00ebsor, q\u00eb [&hellip;]<\/p>\n","protected":false},"featured_media":7633,"template":"","meta":[],"product_brand":[],"product_cat":[58,46],"product_tag":[],"class_list":{"0":"post-6474","1":"product","2":"type-product","3":"status-publish","4":"has-post-thumbnail","6":"product_cat-vere","7":"product_cat-vere-e-kuqe","9":"first","10":"instock","11":"shipping-taxable","12":"purchasable","13":"product-type-simple"},"_links":{"self":[{"href":"https:\/\/alehandrogroup.al\/en\/wp-json\/wp\/v2\/product\/6474","targetHints":{"allow":["GET"]}}],"collection":[{"href":"https:\/\/alehandrogroup.al\/en\/wp-json\/wp\/v2\/product"}],"about":[{"href":"https:\/\/alehandrogroup.al\/en\/wp-json\/wp\/v2\/types\/product"}],"version-history":[{"count":1,"href":"https:\/\/alehandrogroup.al\/en\/wp-json\/wp\/v2\/product\/6474\/revisions"}],"predecessor-version":[{"id":7634,"href":"https:\/\/alehandrogroup.al\/en\/wp-json\/wp\/v2\/product\/6474\/revisions\/7634"}],"wp:featuredmedia":[{"embeddable":true,"href":"https:\/\/alehandrogroup.al\/en\/wp-json\/wp\/v2\/media\/7633"}],"wp:attachment":[{"href":"https:\/\/alehandrogroup.al\/en\/wp-json\/wp\/v2\/media?parent=6474"}],"wp:term":[{"taxonomy":"product_brand","embeddable":true,"href":"https:\/\/alehandrogroup.al\/en\/wp-json\/wp\/v2\/product_brand?post=6474"},{"taxonomy":"product_cat","embeddable":true,"href":"https:\/\/alehandrogroup.al\/en\/wp-json\/wp\/v2\/product_cat?post=6474"},{"taxonomy":"product_tag","embeddable":true,"href":"https:\/\/alehandrogroup.al\/en\/wp-json\/wp\/v2\/product_tag?post=6474"}],"curies":[{"name":"wp","href":"https:\/\/api.w.org\/{rel}","templated":true}]}}