{"id":6472,"date":"2025-02-28T12:50:56","date_gmt":"2025-02-28T12:50:56","guid":{"rendered":"https:\/\/alehandrogroup.al\/?post_type=product&#038;p=6472"},"modified":"2025-12-24T09:48:33","modified_gmt":"2025-12-24T09:48:33","slug":"muller-thurgau-simboli-lavis","status":"publish","type":"product","link":"https:\/\/alehandrogroup.al\/en\/product\/muller-thurgau-simboli-lavis\/","title":{"rendered":"MULLER THURGAU SIMBOLI &#8211; LAVIS"},"content":{"rendered":"<h3><strong><em>P\u00ebrshkrimi i Ver\u00ebs: MULLER THURGAU SIMBOLI &#8211; LAVIS<\/em><\/strong><\/h3>\n<p><em><strong>Detaje t\u00eb Prodhimit:<\/strong><\/em><\/p>\n<p data-start=\"0\" data-end=\"193\">M\u00fcller Thurgau Simboli \u00ebsht\u00eb nj\u00eb ver\u00eb e bardh\u00eb e prodhuar nga Cantina Lavis, nj\u00eb vresht i njohur i vendosur n\u00eb rajonin Trentino t\u00eb Italis\u00eb veriore. M\u00fcller Thurgau \u00ebsht\u00eb nj\u00eb lloj i hibridizuar, nj\u00eb kalim midis Riesling dhe Madeleine Royale, dhe \u00ebsht\u00eb i njohur p\u00ebr prodhimin e ver\u00ebrave me profil t\u00eb fresk\u00ebt, t\u00eb mpreht\u00eb dhe me arom\u00eb frutash<\/p>\n<hr \/>\n<h3><strong><em>Karakteristikat<\/em><\/strong><\/h3>\n<ul>\n<li data-start=\"44\" data-end=\"136\">\n<p data-start=\"46\" data-end=\"136\"><strong data-start=\"46\" data-end=\"56\">Ngjyra<\/strong>: E verdh\u00eb e art\u00eb me pasqyra jeshile, tipike p\u00ebr ver\u00ebrat e fresk\u00ebta dhe t\u00eb reja.<\/p>\n<\/li>\n<li data-start=\"138\" data-end=\"366\">\n<p data-start=\"140\" data-end=\"366\"><strong data-start=\"140\" data-end=\"149\">Aroma<\/strong>: Buqet\u00eb delikate dhe aromatike, me nota lulesh t\u00eb bardha, agrume (si l\u00ebkura e limonit dhe grejpfrut), dhe nj\u00eb ndjesi t\u00eb leht\u00eb frutash ekzotik\u00eb. Po ashtu, ndihen nuanca barishte q\u00eb shtojn\u00eb freski n\u00eb profilin aromatik.<\/p>\n<\/li>\n<li data-start=\"368\" data-end=\"626\">\n<p data-start=\"370\" data-end=\"626\"><strong data-start=\"370\" data-end=\"379\">Shija<\/strong>: N\u00eb goj\u00eb \u00ebsht\u00eb e fresk\u00ebt, e gjall\u00eb dhe me nj\u00eb aciditet t\u00eb mir\u00eb. Shija \u00ebsht\u00eb e past\u00ebr dhe harmonike, me nj\u00eb nuanc\u00eb t\u00eb leht\u00eb frutash q\u00eb i ngjan moll\u00ebs s\u00eb gjelb\u00ebr dhe limonit. Fundi \u00ebsht\u00eb i that\u00eb dhe i q\u00ebndruesh\u00ebm, me nj\u00eb ndjesi t\u00eb k\u00ebndshme freskie.<\/p>\n<\/li>\n<\/ul>\n<hr \/>\n<h3><em><strong>Shoq\u00ebrime t\u00eb Sugjeruara<\/strong><\/em><\/h3>\n<p><em>Kombinohet n\u00eb m\u00ebnyr\u00eb t\u00eb shk\u00eblqyer me:<\/em><\/p>\n<ul>\n<li data-start=\"1287\" data-end=\"1360\"><strong data-start=\"1291\" data-end=\"1321\">Pjata aziatike<\/strong><\/li>\n<li data-start=\"1287\" data-end=\"1360\"><strong>Sushi<\/strong><\/li>\n<li data-start=\"1361\" data-end=\"1393\"><strong data-start=\"1365\" data-end=\"1391\">Fruta deti<\/strong><\/li>\n<li data-start=\"1394\" data-end=\"1456\"><strong data-start=\"1398\" data-end=\"1432\">Djath\u00ebra t\u00eb but\u00eb dhe aromatik\u00eb<\/strong><\/li>\n<li data-start=\"1457\" data-end=\"1508\"><strong data-start=\"1461\" data-end=\"1506\">Pasta ose risotto<\/strong><\/li>\n<\/ul>","protected":false},"excerpt":{"rendered":"<p>P\u00ebrshkrimi i Ver\u00ebs: MULLER THURGAU SIMBOLI &#8211; LAVIS Detaje t\u00eb Prodhimit: M\u00fcller Thurgau Simboli \u00ebsht\u00eb nj\u00eb ver\u00eb e bardh\u00eb e prodhuar nga Cantina Lavis, nj\u00eb vresht i njohur i vendosur n\u00eb rajonin Trentino t\u00eb Italis\u00eb veriore. M\u00fcller Thurgau \u00ebsht\u00eb nj\u00eb lloj i hibridizuar, nj\u00eb kalim midis Riesling dhe Madeleine Royale, dhe \u00ebsht\u00eb i njohur p\u00ebr [&hellip;]<\/p>\n","protected":false},"featured_media":7895,"template":"","meta":[],"product_brand":[],"product_cat":[58,41],"product_tag":[],"class_list":{"0":"post-6472","1":"product","2":"type-product","3":"status-publish","4":"has-post-thumbnail","6":"product_cat-vere","7":"product_cat-vere-e-bardhe","9":"first","10":"instock","11":"shipping-taxable","12":"purchasable","13":"product-type-simple"},"_links":{"self":[{"href":"https:\/\/alehandrogroup.al\/en\/wp-json\/wp\/v2\/product\/6472","targetHints":{"allow":["GET"]}}],"collection":[{"href":"https:\/\/alehandrogroup.al\/en\/wp-json\/wp\/v2\/product"}],"about":[{"href":"https:\/\/alehandrogroup.al\/en\/wp-json\/wp\/v2\/types\/product"}],"version-history":[{"count":1,"href":"https:\/\/alehandrogroup.al\/en\/wp-json\/wp\/v2\/product\/6472\/revisions"}],"predecessor-version":[{"id":7896,"href":"https:\/\/alehandrogroup.al\/en\/wp-json\/wp\/v2\/product\/6472\/revisions\/7896"}],"wp:featuredmedia":[{"embeddable":true,"href":"https:\/\/alehandrogroup.al\/en\/wp-json\/wp\/v2\/media\/7895"}],"wp:attachment":[{"href":"https:\/\/alehandrogroup.al\/en\/wp-json\/wp\/v2\/media?parent=6472"}],"wp:term":[{"taxonomy":"product_brand","embeddable":true,"href":"https:\/\/alehandrogroup.al\/en\/wp-json\/wp\/v2\/product_brand?post=6472"},{"taxonomy":"product_cat","embeddable":true,"href":"https:\/\/alehandrogroup.al\/en\/wp-json\/wp\/v2\/product_cat?post=6472"},{"taxonomy":"product_tag","embeddable":true,"href":"https:\/\/alehandrogroup.al\/en\/wp-json\/wp\/v2\/product_tag?post=6472"}],"curies":[{"name":"wp","href":"https:\/\/api.w.org\/{rel}","templated":true}]}}