{"id":6470,"date":"2025-02-28T08:45:15","date_gmt":"2025-02-28T08:45:15","guid":{"rendered":"https:\/\/alehandrogroup.al\/?post_type=product&#038;p=6470"},"modified":"2025-12-08T14:13:27","modified_gmt":"2025-12-08T14:13:27","slug":"gewurztraminer-simboli-lavis","status":"publish","type":"product","link":"https:\/\/alehandrogroup.al\/en\/product\/gewurztraminer-simboli-lavis\/","title":{"rendered":"GEWURZTRAMINER SIMBOLI &#8211; LAVIS"},"content":{"rendered":"<h3><strong><em>P\u00ebrshkrimi i Ver\u00ebs: GEWURZTRAMINER SIMBOLI &#8211; LAVIS<\/em><\/strong><\/h3>\n<p><em><strong>Detaje t\u00eb Prodhimit:<\/strong><\/em><\/p>\n<p data-start=\"0\" data-end=\"193\"><strong data-start=\"42\" data-end=\"68\">Gew\u00fcrztraminer Simboli<\/strong> nga <strong data-start=\"73\" data-end=\"90\">Cantina LaVis<\/strong> \u00ebsht\u00eb nj\u00eb ver\u00eb e bardh\u00eb aromatike dhe elegante, prodhuar n\u00eb rajonin <strong data-start=\"159\" data-end=\"171\">Trentino<\/strong>, nj\u00eb zon\u00eb e njohur p\u00ebr cil\u00ebsin\u00eb e lart\u00eb t\u00eb ver\u00ebrave t\u00eb saj. Kjo ver\u00eb pasqyron n\u00eb m\u00ebnyr\u00eb perfekte karakteristikat e Gew\u00fcrztraminer-it, duke ofruar nj\u00eb arom\u00eb intensive dhe nj\u00eb shije t\u00eb pasur e t\u00eb ekuilibruar.<\/p>\n<hr \/>\n<h3><strong><em>Karakteristikat<\/em><\/strong><\/h3>\n<ul>\n<li data-start=\"35\" data-end=\"174\"><strong data-start=\"37\" data-end=\"48\">Ngjyra:<\/strong> <strong data-start=\"471\" data-end=\"519\">E verdh\u00eb e art\u00eb me reflektime t\u00eb lehta bakri<\/strong>, duke treguar pjekurin\u00eb e rrushit dhe intensitetin aromatik.<\/li>\n<li data-start=\"175\" data-end=\"412\"><strong data-start=\"177\" data-end=\"187\">Aroma: <\/strong>E fuqishme, e pasur dhe shum\u00eb ekspresive. Tr\u00ebndafila, agrume t\u00eb pjekura dhe lule portokalli. Fruta tropikale si lychee, mango dhe pjeshk\u00eb e pjekur. Er\u00ebza t\u00eb lehta, si xhenxhefil dhe kanell\u00eb, q\u00eb i japin kompleksitet arom\u00ebs.<\/li>\n<li data-start=\"413\" data-end=\"601\"><strong data-start=\"415\" data-end=\"425\">Shija: <\/strong>E but\u00eb, e pasur dhe me nj\u00eb ekuilib\u00ebr t\u00eb shk\u00eblqyer. Aciditet i moderuar, q\u00eb i jep freski dhe leht\u00ebsi. Tekstur\u00eb e m\u00ebndafsht\u00eb me nj\u00eb p\u00ebrfundim t\u00eb gjat\u00eb dhe aromatik. Pasl\u00ebnie e k\u00ebndshme me nota frutash ekzotike dhe mjalt\u00eb.<\/li>\n<\/ul>\n<hr \/>\n<h3><em><strong>Shoq\u00ebrime t\u00eb Sugjeruara<\/strong><\/em><\/h3>\n<p><em>Kombinohet n\u00eb m\u00ebnyr\u00eb t\u00eb shk\u00eblqyer me:<\/em><\/p>\n<ul>\n<li data-start=\"1287\" data-end=\"1360\"><strong data-start=\"1291\" data-end=\"1321\">Pjata aziatike dhe pikante<\/strong> (sushi, Thai curry, kuzhin\u00eb indiane)<\/li>\n<li data-start=\"1361\" data-end=\"1393\"><strong data-start=\"1365\" data-end=\"1391\">Fruta deti dhe gaforre<\/strong><\/li>\n<li data-start=\"1394\" data-end=\"1456\"><strong data-start=\"1398\" data-end=\"1432\">Djath\u00ebra t\u00eb but\u00eb dhe aromatik\u00eb<\/strong>, si Gorgonzola e but\u00eb<\/li>\n<li data-start=\"1457\" data-end=\"1508\"><strong data-start=\"1461\" data-end=\"1506\">Pasta ose risotto me shafran dhe k\u00ebrpudha<\/strong><\/li>\n<li data-start=\"1509\" data-end=\"1581\"><strong data-start=\"1513\" data-end=\"1579\">Si aperitiv, p\u00ebr t\u00eb shijuar aromat e tij t\u00eb pasura dhe josh\u00ebse<\/strong><\/li>\n<\/ul>","protected":false},"excerpt":{"rendered":"<p>P\u00ebrshkrimi i Ver\u00ebs: GEWURZTRAMINER SIMBOLI &#8211; LAVIS Detaje t\u00eb Prodhimit: Gew\u00fcrztraminer Simboli nga Cantina LaVis \u00ebsht\u00eb nj\u00eb ver\u00eb e bardh\u00eb aromatike dhe elegante, prodhuar n\u00eb rajonin Trentino, nj\u00eb zon\u00eb e njohur p\u00ebr cil\u00ebsin\u00eb e lart\u00eb t\u00eb ver\u00ebrave t\u00eb saj. Kjo ver\u00eb pasqyron n\u00eb m\u00ebnyr\u00eb perfekte karakteristikat e Gew\u00fcrztraminer-it, duke ofruar nj\u00eb arom\u00eb intensive dhe nj\u00eb [&hellip;]<\/p>\n","protected":false},"featured_media":7803,"template":"","meta":[],"product_brand":[],"product_cat":[58,41],"product_tag":[],"class_list":{"0":"post-6470","1":"product","2":"type-product","3":"status-publish","4":"has-post-thumbnail","6":"product_cat-vere","7":"product_cat-vere-e-bardhe","9":"first","10":"instock","11":"shipping-taxable","12":"purchasable","13":"product-type-simple"},"_links":{"self":[{"href":"https:\/\/alehandrogroup.al\/en\/wp-json\/wp\/v2\/product\/6470","targetHints":{"allow":["GET"]}}],"collection":[{"href":"https:\/\/alehandrogroup.al\/en\/wp-json\/wp\/v2\/product"}],"about":[{"href":"https:\/\/alehandrogroup.al\/en\/wp-json\/wp\/v2\/types\/product"}],"version-history":[{"count":1,"href":"https:\/\/alehandrogroup.al\/en\/wp-json\/wp\/v2\/product\/6470\/revisions"}],"predecessor-version":[{"id":7804,"href":"https:\/\/alehandrogroup.al\/en\/wp-json\/wp\/v2\/product\/6470\/revisions\/7804"}],"wp:featuredmedia":[{"embeddable":true,"href":"https:\/\/alehandrogroup.al\/en\/wp-json\/wp\/v2\/media\/7803"}],"wp:attachment":[{"href":"https:\/\/alehandrogroup.al\/en\/wp-json\/wp\/v2\/media?parent=6470"}],"wp:term":[{"taxonomy":"product_brand","embeddable":true,"href":"https:\/\/alehandrogroup.al\/en\/wp-json\/wp\/v2\/product_brand?post=6470"},{"taxonomy":"product_cat","embeddable":true,"href":"https:\/\/alehandrogroup.al\/en\/wp-json\/wp\/v2\/product_cat?post=6470"},{"taxonomy":"product_tag","embeddable":true,"href":"https:\/\/alehandrogroup.al\/en\/wp-json\/wp\/v2\/product_tag?post=6470"}],"curies":[{"name":"wp","href":"https:\/\/api.w.org\/{rel}","templated":true}]}}