{"id":6467,"date":"2025-02-28T08:29:36","date_gmt":"2025-02-28T08:29:36","guid":{"rendered":"https:\/\/alehandrogroup.al\/?post_type=product&#038;p=6467"},"modified":"2025-11-21T15:43:09","modified_gmt":"2025-11-21T15:43:09","slug":"avaton-ktima-gerovassiliou","status":"publish","type":"product","link":"https:\/\/alehandrogroup.al\/en\/product\/avaton-ktima-gerovassiliou\/","title":{"rendered":"AVATON &#8211; KTIMA GEROVASSILIOU"},"content":{"rendered":"<h3><strong><em>P\u00ebrshkrimi i Ver\u00ebs: AVATON &#8211; KTIMA GEROVASSILIOU<\/em><\/strong><\/h3>\n<p><em><strong>Detaje t\u00eb Prodhimit:<\/strong><\/em><\/p>\n<p data-start=\"0\" data-end=\"193\"><strong data-start=\"40\" data-end=\"50\">Avaton<\/strong> \u00ebsht\u00eb nj\u00eb ver\u00eb e kuqe unike dhe e rafinuar nga <strong data-start=\"98\" data-end=\"121\">Ktima Gerovassiliou<\/strong>, e cila shpreh potencialin e rrushit autokton grek p\u00ebrmes nj\u00eb kupe elegante dhe komplekse. Kjo ver\u00eb \u00ebsht\u00eb nj\u00eb homazh p\u00ebr tradit\u00ebn e lasht\u00eb t\u00eb ver\u00ebrave greke dhe \u00ebsht\u00eb nj\u00eb nd\u00ebr m\u00eb t\u00eb ve\u00e7antat n\u00eb koleksionin e kantin\u00ebs. Avaton \u00ebsht\u00eb nj\u00eb p\u00ebrzierje e tre varieteteve t\u00eb rralla dhe autoktone greke: <strong data-start=\"453\" data-end=\"463\">Limnio<\/strong> \u2013 nj\u00eb nga varietetet m\u00eb t\u00eb vjetra t\u00eb njohura n\u00eb bot\u00eb, i p\u00ebrmendur q\u00eb nga koha e Homerit. Shton eleganc\u00eb dhe nota er\u00ebzash. <strong data-start=\"590\" data-end=\"602\">Mavroudi<\/strong> \u2013 sjell struktur\u00eb, thell\u00ebsi dhe nota t\u00eb frutave t\u00eb err\u00ebta. <strong data-start=\"666\" data-end=\"682\">Mavrotragano<\/strong> \u2013 nj\u00eb rrush i rrall\u00eb me aciditet t\u00eb lart\u00eb dhe tanin\u00eb t\u00eb fort\u00eb, q\u00eb kontribuon n\u00eb kompleksitetin dhe potencialin p\u00ebr vjet\u00ebrim.<\/p>\n<hr \/>\n<h3><strong><em>Karakteristikat<\/em><\/strong><\/h3>\n<ul>\n<li data-start=\"35\" data-end=\"174\"><strong data-start=\"37\" data-end=\"48\">Ngjyra:<\/strong> Ka nj\u00eb <strong data-start=\"835\" data-end=\"870\">ngjyr\u00eb t\u00eb thell\u00eb t\u00eb kuqe rubini<\/strong>, me reflektime vjollce q\u00eb tregojn\u00eb potencialin e saj p\u00ebr vjet\u00ebrim.<\/li>\n<li data-start=\"175\" data-end=\"412\"><strong data-start=\"177\" data-end=\"187\">Aroma:<\/strong> Aromat jan\u00eb <strong data-start=\"969\" data-end=\"996\">intensive dhe komplekse<\/strong>, me nj\u00eb kombinim t\u00eb pasur t\u00eb <strong data-start=\"1026\" data-end=\"1047\">frutave t\u00eb err\u00ebta<\/strong> (manaferr\u00eb, kumbull e pjekur), t\u00eb harmonizuara me <strong data-start=\"1098\" data-end=\"1116\">nuanca er\u00ebzash<\/strong> (piper i zi, vanilje) dhe sh\u00ebnime delikate t\u00eb <strong data-start=\"1163\" data-end=\"1198\">drurit t\u00eb pjekur dhe \u00e7okollat\u00ebs<\/strong> nga maturimi n\u00eb fu\u00e7i lisi francez.<\/li>\n<li data-start=\"413\" data-end=\"601\"><strong data-start=\"415\" data-end=\"425\">Shija:<\/strong> Esht\u00eb <strong data-start=\"1267\" data-end=\"1333\">e pasur, me trup t\u00eb plot\u00eb dhe tanin\u00eb t\u00eb buta, por t\u00eb pranishme<\/strong>. Ka nj\u00eb ekuilib\u00ebr t\u00eb shk\u00eblqyer midis <strong data-start=\"1371\" data-end=\"1423\">aciditetit t\u00eb fresk\u00ebt dhe struktur\u00ebs s\u00eb fuqishme<\/strong>, duke dh\u00ebn\u00eb nj\u00eb p\u00ebrfundim t\u00eb gjat\u00eb dhe t\u00eb nd\u00ebrlikuar me nota t\u00eb <strong data-start=\"1488\" data-end=\"1529\">kakaoje, duhani dhe arrash t\u00eb pjekura<\/strong>.<\/li>\n<\/ul>\n<hr \/>\n<h3><em><strong>Shoq\u00ebrime t\u00eb Sugjeruara<\/strong><\/em><\/h3>\n<p><em>Kombinohet n\u00eb m\u00ebnyr\u00eb t\u00eb shk\u00eblqyer me:<\/em><\/p>\n<ul>\n<li data-start=\"1733\" data-end=\"1818\"><strong data-start=\"1735\" data-end=\"1760\">Mish i kuq dhe gjueti<\/strong>: qengji i pjekur, vi\u00e7i me salca t\u00eb pasura, derr i eg\u00ebr.<\/li>\n<li data-start=\"1819\" data-end=\"1913\"><strong data-start=\"1821\" data-end=\"1861\">Pjata me baz\u00eb k\u00ebrpudhash dhe tartufa<\/strong>: rizoto me tartuf, mish vi\u00e7i me salc\u00eb k\u00ebrpudhash.<\/li>\n<li data-start=\"1914\" data-end=\"2056\"><strong data-start=\"1916\" data-end=\"1955\">Djath\u00ebra t\u00eb stazhionuar dhe pikant\u00eb<\/strong>: djath\u00ebra grek\u00eb si Kefalotyri ose djath\u00ebra evropian\u00eb t\u00eb fort\u00eb si Pecorino dhe Parmigiano Reggiano.<\/li>\n<\/ul>","protected":false},"excerpt":{"rendered":"<p>P\u00ebrshkrimi i Ver\u00ebs: AVATON &#8211; KTIMA GEROVASSILIOU Detaje t\u00eb Prodhimit: Avaton \u00ebsht\u00eb nj\u00eb ver\u00eb e kuqe unike dhe e rafinuar nga Ktima Gerovassiliou, e cila shpreh potencialin e rrushit autokton grek p\u00ebrmes nj\u00eb kupe elegante dhe komplekse. Kjo ver\u00eb \u00ebsht\u00eb nj\u00eb homazh p\u00ebr tradit\u00ebn e lasht\u00eb t\u00eb ver\u00ebrave greke dhe \u00ebsht\u00eb nj\u00eb nd\u00ebr m\u00eb t\u00eb [&hellip;]<\/p>\n","protected":false},"featured_media":7508,"template":"","meta":[],"product_brand":[],"product_cat":[58,46],"product_tag":[],"class_list":{"0":"post-6467","1":"product","2":"type-product","3":"status-publish","4":"has-post-thumbnail","6":"product_cat-vere","7":"product_cat-vere-e-kuqe","9":"first","10":"instock","11":"shipping-taxable","12":"purchasable","13":"product-type-simple"},"_links":{"self":[{"href":"https:\/\/alehandrogroup.al\/en\/wp-json\/wp\/v2\/product\/6467","targetHints":{"allow":["GET"]}}],"collection":[{"href":"https:\/\/alehandrogroup.al\/en\/wp-json\/wp\/v2\/product"}],"about":[{"href":"https:\/\/alehandrogroup.al\/en\/wp-json\/wp\/v2\/types\/product"}],"version-history":[{"count":2,"href":"https:\/\/alehandrogroup.al\/en\/wp-json\/wp\/v2\/product\/6467\/revisions"}],"predecessor-version":[{"id":7509,"href":"https:\/\/alehandrogroup.al\/en\/wp-json\/wp\/v2\/product\/6467\/revisions\/7509"}],"wp:featuredmedia":[{"embeddable":true,"href":"https:\/\/alehandrogroup.al\/en\/wp-json\/wp\/v2\/media\/7508"}],"wp:attachment":[{"href":"https:\/\/alehandrogroup.al\/en\/wp-json\/wp\/v2\/media?parent=6467"}],"wp:term":[{"taxonomy":"product_brand","embeddable":true,"href":"https:\/\/alehandrogroup.al\/en\/wp-json\/wp\/v2\/product_brand?post=6467"},{"taxonomy":"product_cat","embeddable":true,"href":"https:\/\/alehandrogroup.al\/en\/wp-json\/wp\/v2\/product_cat?post=6467"},{"taxonomy":"product_tag","embeddable":true,"href":"https:\/\/alehandrogroup.al\/en\/wp-json\/wp\/v2\/product_tag?post=6467"}],"curies":[{"name":"wp","href":"https:\/\/api.w.org\/{rel}","templated":true}]}}